{"id":9499,"date":"2022-09-07T13:51:31","date_gmt":"2022-09-07T13:51:31","guid":{"rendered":"http:\/\/dummy.xtemos.com\/woodmart2\/accessories-elementor\/?page_id=14"},"modified":"2025-09-23T12:27:04","modified_gmt":"2025-09-23T18:27:04","slug":"about-us","status":"publish","type":"page","link":"https:\/\/gdcomputadoras.com\/wp\/about-us\/","title":{"rendered":"Acerca de Nosotros"},"content":{"rendered":"\t\t<div data-elementor-type=\"wp-page\" data-elementor-id=\"9499\" class=\"elementor elementor-9499\">\n\t\t\t\t<div class=\"wd-negative-gap elementor-element elementor-element-2563b9c wd-section-stretch e-flex e-con-boxed e-con e-parent\" data-id=\"2563b9c\" data-element_type=\"container\" data-e-type=\"container\" data-settings=\"{&quot;background_background&quot;:&quot;classic&quot;}\">\n\t\t\t\t\t<div class=\"e-con-inner\">\n\t\t<div class=\"elementor-element elementor-element-f8d1db4 e-con-full e-flex e-con e-child\" data-id=\"f8d1db4\" data-element_type=\"container\" data-e-type=\"container\">\n\t\t\t\t<div class=\"elementor-element elementor-element-887c72a wd-width-100 elementor-widget elementor-widget-wd_title\" data-id=\"887c72a\" data-element_type=\"widget\" data-e-type=\"widget\" data-widget_type=\"wd_title.default\">\n\t\t\t\t<div class=\"elementor-widget-container\">\n\t\t\t\t\t\t\t<div class=\"title-wrapper wd-set-mb reset-last-child wd-title-color-primary wd-title-style-default wd-title-size-default text-left\">\n\n\t\t\t\n\t\t\t<div class=\"liner-continer\">\n\t\t\t\t<h4 class=\"woodmart-title-container title wd-fontsize-l\">Grupo GD: Tecnolog\u00eda y compromiso desde 2002<br \/>\n<\/h4> \n\t\t\t\t\t\t\t<\/div>\n\n\t\t\t\t\t\t\t<div class=\"title-after_title reset-last-child wd-fontsize-xs\">\n\t\t\t\t\t<p>Desde 2002, Grupo GD ha sido tu tienda integral de tecnolog\u00eda en Playas del Coco y Liberia. Ofrecemos celulares, laptops gamer, consolas de videojuegos, accesorios y m\u00e1s. Si no lo tenemos, lo conseguimos gracias a nuestra experiencia en importaciones.<br \/>Tambi\u00e9n contamos con mantenimiento preventivo para celulares, tabletas, computadoras y consolas, brindado por un t\u00e9cnico profesional.<br \/>Con 23 a\u00f1os de trayectoria, nos destacamos por nuestra seriedad, responsabilidad y compromiso. Creemos que la tecnolog\u00eda no es nada sin el factor humano.<br \/>Ahora, con nuestra tienda en l\u00ednea, puedes acceder a nuestros productos con facilidad y confianza.<br \/>Bienvenido a Grupo GD Costa Rica, donde la tecnolog\u00eda y la experiencia se unen para ofrecerte lo mejor.<\/p>\t\t\t\t<\/div>\n\t\t\t\t\t<\/div>\n\t\t\t\t\t\t<\/div>\n\t\t\t\t<\/div>\n\t\t\t\t<\/div>\n\t\t<div class=\"elementor-element elementor-element-3f6c529 e-con-full e-flex e-con e-child\" data-id=\"3f6c529\" data-element_type=\"container\" data-e-type=\"container\">\n\t\t<div class=\"elementor-element elementor-element-10cf425 e-con-full elementor-hidden-mobile elementor-hidden-tablet e-flex e-con e-child\" data-id=\"10cf425\" data-element_type=\"container\" data-e-type=\"container\">\n\t\t\t\t<div class=\"elementor-element elementor-element-db7be0d elementor-widget elementor-widget-wd_image_or_svg\" data-id=\"db7be0d\" data-element_type=\"widget\" data-e-type=\"widget\" data-widget_type=\"wd_image_or_svg.default\">\n\t\t\t\t<div class=\"elementor-widget-container\">\n\t\t\t\t\t\n\t\t<div class=\"wd-image text-left\">\n\t\t\t\t\t\t\t\t<img fetchpriority=\"high\" decoding=\"async\" width=\"1280\" height=\"960\" src=\"https:\/\/gdcomputadoras.com\/wp\/wp-content\/uploads\/2025\/06\/IMG_3452.jpg\" class=\"attachment-full size-full\" alt=\"\" srcset=\"https:\/\/gdcomputadoras.com\/wp\/wp-content\/uploads\/2025\/06\/IMG_3452.jpg 1280w, https:\/\/gdcomputadoras.com\/wp\/wp-content\/uploads\/2025\/06\/IMG_3452-148x111.jpg 148w, https:\/\/gdcomputadoras.com\/wp\/wp-content\/uploads\/2025\/06\/IMG_3452-1200x900.jpg 1200w, https:\/\/gdcomputadoras.com\/wp\/wp-content\/uploads\/2025\/06\/IMG_3452-300x225.jpg 300w, https:\/\/gdcomputadoras.com\/wp\/wp-content\/uploads\/2025\/06\/IMG_3452-1024x768.jpg 1024w, https:\/\/gdcomputadoras.com\/wp\/wp-content\/uploads\/2025\/06\/IMG_3452-768x576.jpg 768w\" sizes=\"(max-width: 1280px) 100vw, 1280px\" \/>\t\t\t\t\t<\/div>\n\n\t\t\t\t\t\t<\/div>\n\t\t\t\t<\/div>\n\t\t\t\t<div class=\"elementor-element elementor-element-aa47fa9 elementor-widget elementor-widget-wd_image_or_svg\" data-id=\"aa47fa9\" data-element_type=\"widget\" data-e-type=\"widget\" data-widget_type=\"wd_image_or_svg.default\">\n\t\t\t\t<div class=\"elementor-widget-container\">\n\t\t\t\t\t\n\t\t<div class=\"wd-image text-left\">\n\t\t\t\t\t\t\t\t<img decoding=\"async\" width=\"960\" height=\"1280\" src=\"https:\/\/gdcomputadoras.com\/wp\/wp-content\/uploads\/2025\/06\/IMG_3454.jpg\" class=\"attachment-full size-full\" alt=\"\" srcset=\"https:\/\/gdcomputadoras.com\/wp\/wp-content\/uploads\/2025\/06\/IMG_3454.jpg 960w, https:\/\/gdcomputadoras.com\/wp\/wp-content\/uploads\/2025\/06\/IMG_3454-148x197.jpg 148w, https:\/\/gdcomputadoras.com\/wp\/wp-content\/uploads\/2025\/06\/IMG_3454-225x300.jpg 225w, https:\/\/gdcomputadoras.com\/wp\/wp-content\/uploads\/2025\/06\/IMG_3454-768x1024.jpg 768w\" sizes=\"(max-width: 960px) 100vw, 960px\" \/>\t\t\t\t\t<\/div>\n\n\t\t\t\t\t\t<\/div>\n\t\t\t\t<\/div>\n\t\t\t\t<\/div>\n\t\t<div class=\"elementor-element elementor-element-7887001 e-con-full e-flex e-con e-child\" data-id=\"7887001\" data-element_type=\"container\" data-e-type=\"container\">\n\t\t\t\t<div class=\"elementor-element elementor-element-3e7fa8a elementor-widget elementor-widget-wd_image_or_svg\" data-id=\"3e7fa8a\" data-element_type=\"widget\" data-e-type=\"widget\" data-widget_type=\"wd_image_or_svg.default\">\n\t\t\t\t<div class=\"elementor-widget-container\">\n\t\t\t\t\t\n\t\t<div class=\"wd-image text-left\">\n\t\t\t\t\t\t\t\t<img decoding=\"async\" width=\"1280\" height=\"960\" src=\"https:\/\/gdcomputadoras.com\/wp\/wp-content\/uploads\/2025\/06\/IMG_3453.jpg\" class=\"attachment-full size-full\" alt=\"\" srcset=\"https:\/\/gdcomputadoras.com\/wp\/wp-content\/uploads\/2025\/06\/IMG_3453.jpg 1280w, https:\/\/gdcomputadoras.com\/wp\/wp-content\/uploads\/2025\/06\/IMG_3453-148x111.jpg 148w, https:\/\/gdcomputadoras.com\/wp\/wp-content\/uploads\/2025\/06\/IMG_3453-1200x900.jpg 1200w, https:\/\/gdcomputadoras.com\/wp\/wp-content\/uploads\/2025\/06\/IMG_3453-300x225.jpg 300w, https:\/\/gdcomputadoras.com\/wp\/wp-content\/uploads\/2025\/06\/IMG_3453-1024x768.jpg 1024w, https:\/\/gdcomputadoras.com\/wp\/wp-content\/uploads\/2025\/06\/IMG_3453-768x576.jpg 768w\" sizes=\"(max-width: 1280px) 100vw, 1280px\" \/>\t\t\t\t\t<\/div>\n\n\t\t\t\t\t\t<\/div>\n\t\t\t\t<\/div>\n\t\t\t\t<\/div>\n\t\t\t\t<\/div>\n\t\t\t\t\t<\/div>\n\t\t\t\t<\/div>\n\t\t<div class=\"wd-negative-gap elementor-element elementor-element-0a839c9 e-flex e-con-boxed e-con e-parent\" data-id=\"0a839c9\" data-element_type=\"container\" data-e-type=\"container\">\n\t\t\t\t\t<div class=\"e-con-inner\">\n\t\t\t\t<div class=\"elementor-element elementor-element-cfc2209 wd-width-100 elementor-widget elementor-widget-wd_title\" data-id=\"cfc2209\" data-element_type=\"widget\" data-e-type=\"widget\" data-widget_type=\"wd_title.default\">\n\t\t\t\t<div class=\"elementor-widget-container\">\n\t\t\t\t\t\t\t<div class=\"title-wrapper wd-set-mb reset-last-child wd-title-color-primary wd-title-style-default wd-title-size-large text-center\">\n\n\t\t\t\n\t\t\t<div class=\"liner-continer\">\n\t\t\t\t<h4 class=\"woodmart-title-container title wd-fontsize-xxl\">El equipo<\/h4> \n\t\t\t\t\t\t\t<\/div>\n\n\t\t\t\t\t<\/div>\n\t\t\t\t\t\t<\/div>\n\t\t\t\t<\/div>\n\t\t<div class=\"elementor-element elementor-element-95cfe5a e-con-full e-flex e-con e-child\" data-id=\"95cfe5a\" data-element_type=\"container\" data-e-type=\"container\">\n\t\t<div class=\"elementor-element elementor-element-6f12086 e-con-full e-flex e-con e-child\" data-id=\"6f12086\" data-element_type=\"container\" data-e-type=\"container\">\n\t\t\t\t<div class=\"elementor-element elementor-element-31f4d59 elementor-widget__width-initial elementor-widget elementor-widget-wd_team_member\" data-id=\"31f4d59\" data-element_type=\"widget\" data-e-type=\"widget\" data-widget_type=\"wd_team_member.default\">\n\t\t\t\t<div class=\"elementor-widget-container\">\n\t\t\t\t\t\t\t<div class=\"team-member member-layout-default text-center\">\n\t\t\t\t\t\t\t<div class=\"member-image-wrapper\">\n\t\t\t\t\t<div class=\"member-image\">\n\t\t\t\t\t\t<img loading=\"lazy\" decoding=\"async\" width=\"400\" height=\"480\" src=\"https:\/\/gdcomputadoras.com\/wp\/wp-content\/uploads\/2025\/06\/IMG_3460.jpg\" class=\"attachment-full size-full\" alt=\"\" srcset=\"https:\/\/gdcomputadoras.com\/wp\/wp-content\/uploads\/2025\/06\/IMG_3460.jpg 400w, https:\/\/gdcomputadoras.com\/wp\/wp-content\/uploads\/2025\/06\/IMG_3460-148x178.jpg 148w, https:\/\/gdcomputadoras.com\/wp\/wp-content\/uploads\/2025\/06\/IMG_3460-250x300.jpg 250w\" sizes=\"(max-width: 400px) 100vw, 400px\" \/>\t\t\t\t\t<\/div>\n\t\t\t\t<\/div>\n\t\t\t\n\t\t\t<div class=\"member-details wd-set-mb reset-last-child\">\n\t\t\t\t\t\t\t\t\t<h4 class=\"member-name\">\n\t\t\t\t\t\tMaria\t\t\t\t\t<\/h4>\n\t\t\t\t\n\t\t\t\t\n\t\t\t\t\n\t\t\t\t\t\t\t<\/div>\n\t\t<\/div>\n\t\t\t\t\t\t<\/div>\n\t\t\t\t<\/div>\n\t\t\t\t<div class=\"elementor-element elementor-element-8ab9b27 elementor-widget__width-initial elementor-widget elementor-widget-wd_team_member\" data-id=\"8ab9b27\" data-element_type=\"widget\" data-e-type=\"widget\" data-widget_type=\"wd_team_member.default\">\n\t\t\t\t<div class=\"elementor-widget-container\">\n\t\t\t\t\t\t\t<div class=\"team-member member-layout-default text-center\">\n\t\t\t\t\t\t\t<div class=\"member-image-wrapper\">\n\t\t\t\t\t<div class=\"member-image\">\n\t\t\t\t\t\t<img loading=\"lazy\" decoding=\"async\" width=\"400\" height=\"480\" src=\"https:\/\/gdcomputadoras.com\/wp\/wp-content\/uploads\/2025\/06\/IMG_3461.jpg\" class=\"attachment-full size-full\" alt=\"\" srcset=\"https:\/\/gdcomputadoras.com\/wp\/wp-content\/uploads\/2025\/06\/IMG_3461.jpg 400w, https:\/\/gdcomputadoras.com\/wp\/wp-content\/uploads\/2025\/06\/IMG_3461-148x178.jpg 148w, https:\/\/gdcomputadoras.com\/wp\/wp-content\/uploads\/2025\/06\/IMG_3461-250x300.jpg 250w\" sizes=\"(max-width: 400px) 100vw, 400px\" \/>\t\t\t\t\t<\/div>\n\t\t\t\t<\/div>\n\t\t\t\n\t\t\t<div class=\"member-details wd-set-mb reset-last-child\">\n\t\t\t\t\t\t\t\t\t<h4 class=\"member-name\">\n\t\t\t\t\t\tMauricio\t\t\t\t\t<\/h4>\n\t\t\t\t\n\t\t\t\t\n\t\t\t\t\n\t\t\t\t\t\t\t<\/div>\n\t\t<\/div>\n\t\t\t\t\t\t<\/div>\n\t\t\t\t<\/div>\n\t\t\t\t<\/div>\n\t\t<div class=\"elementor-element elementor-element-b135057 e-con-full e-flex e-con e-child\" data-id=\"b135057\" data-element_type=\"container\" data-e-type=\"container\">\n\t\t\t\t<div class=\"elementor-element elementor-element-caa2fde elementor-widget__width-initial elementor-widget elementor-widget-wd_team_member\" data-id=\"caa2fde\" data-element_type=\"widget\" data-e-type=\"widget\" data-widget_type=\"wd_team_member.default\">\n\t\t\t\t<div class=\"elementor-widget-container\">\n\t\t\t\t\t\t\t<div class=\"team-member member-layout-default text-center\">\n\t\t\t\t\t\t\t<div class=\"member-image-wrapper\">\n\t\t\t\t\t<div class=\"member-image\">\n\t\t\t\t\t\t<img loading=\"lazy\" decoding=\"async\" width=\"400\" height=\"480\" src=\"https:\/\/gdcomputadoras.com\/wp\/wp-content\/uploads\/2025\/06\/IMG_3462.jpg\" class=\"attachment-full size-full\" alt=\"\" srcset=\"https:\/\/gdcomputadoras.com\/wp\/wp-content\/uploads\/2025\/06\/IMG_3462.jpg 400w, https:\/\/gdcomputadoras.com\/wp\/wp-content\/uploads\/2025\/06\/IMG_3462-148x178.jpg 148w, https:\/\/gdcomputadoras.com\/wp\/wp-content\/uploads\/2025\/06\/IMG_3462-250x300.jpg 250w\" sizes=\"(max-width: 400px) 100vw, 400px\" \/>\t\t\t\t\t<\/div>\n\t\t\t\t<\/div>\n\t\t\t\n\t\t\t<div class=\"member-details wd-set-mb reset-last-child\">\n\t\t\t\t\t\t\t\t\t<h4 class=\"member-name\">\n\t\t\t\t\t\tEsteban\t\t\t\t\t<\/h4>\n\t\t\t\t\n\t\t\t\t\n\t\t\t\t\n\t\t\t\t\t\t\t<\/div>\n\t\t<\/div>\n\t\t\t\t\t\t<\/div>\n\t\t\t\t<\/div>\n\t\t\t\t<div class=\"elementor-element elementor-element-de06d3c elementor-widget__width-initial elementor-widget elementor-widget-wd_team_member\" data-id=\"de06d3c\" data-element_type=\"widget\" data-e-type=\"widget\" data-widget_type=\"wd_team_member.default\">\n\t\t\t\t<div class=\"elementor-widget-container\">\n\t\t\t\t\t\t\t<div class=\"team-member member-layout-default text-center\">\n\t\t\t\t\t\t\t<div class=\"member-image-wrapper\">\n\t\t\t\t\t<div class=\"member-image\">\n\t\t\t\t\t\t<img loading=\"lazy\" decoding=\"async\" width=\"400\" height=\"480\" src=\"https:\/\/gdcomputadoras.com\/wp\/wp-content\/uploads\/2025\/06\/IMG_3463.jpg\" class=\"attachment-full size-full\" alt=\"\" srcset=\"https:\/\/gdcomputadoras.com\/wp\/wp-content\/uploads\/2025\/06\/IMG_3463.jpg 400w, https:\/\/gdcomputadoras.com\/wp\/wp-content\/uploads\/2025\/06\/IMG_3463-148x178.jpg 148w, https:\/\/gdcomputadoras.com\/wp\/wp-content\/uploads\/2025\/06\/IMG_3463-250x300.jpg 250w\" sizes=\"(max-width: 400px) 100vw, 400px\" \/>\t\t\t\t\t<\/div>\n\t\t\t\t<\/div>\n\t\t\t\n\t\t\t<div class=\"member-details wd-set-mb reset-last-child\">\n\t\t\t\t\t\t\t\t\t<h4 class=\"member-name\">\n\t\t\t\t\t\tJeffrey\t\t\t\t\t<\/h4>\n\t\t\t\t\n\t\t\t\t\n\t\t\t\t\n\t\t\t\t\t\t\t<\/div>\n\t\t<\/div>\n\t\t\t\t\t\t<\/div>\n\t\t\t\t<\/div>\n\t\t\t\t<\/div>\n\t\t\t\t<\/div>\n\t\t\t\t\t<\/div>\n\t\t\t\t<\/div>\n\t\t\t\t<\/div>\n\t\t","protected":false},"excerpt":{"rendered":"<p>Grupo GD: Tecnolog\u00eda y compromiso desde 2002 Desde 2002, Grupo GD ha sido tu tienda integral de tecnolog\u00eda en Playas<\/p>\n","protected":false},"author":1,"featured_media":0,"parent":0,"menu_order":0,"comment_status":"closed","ping_status":"closed","template":"","meta":{"_joinchat":[],"footnotes":""},"class_list":["post-9499","page","type-page","status-publish","hentry"],"yoast_head":"<!-- This site is optimized with the Yoast SEO plugin v27.5 - https:\/\/yoast.com\/product\/yoast-seo-wordpress\/ -->\n<title>Tu Tienda Tech con los Mejores Precios | Descuentos \u00danicos en Computadoras y M\u00e1s!!<\/title>\n<meta name=\"description\" content=\"Tenemos dos tiendas f\u00edsicas; en Liberia centro y Playas del Coco, Guanacaste. No dudes en contactarnos Gd computadoras S.A Playas del coco 2670-0770\" \/>\n<meta name=\"robots\" content=\"index, follow, max-snippet:-1, max-image-preview:large, max-video-preview:-1\" \/>\n<link rel=\"canonical\" href=\"https:\/\/gdcomputadoras.com\/wp\/about-us\/\" \/>\n<meta property=\"og:locale\" content=\"es_ES\" \/>\n<meta property=\"og:type\" content=\"article\" \/>\n<meta property=\"og:title\" content=\"Tu Tienda Tech con los Mejores Precios | Descuentos \u00danicos en Computadoras y M\u00e1s!!\" \/>\n<meta property=\"og:description\" content=\"Tenemos dos tiendas f\u00edsicas; en Liberia centro y Playas del Coco, Guanacaste. No dudes en contactarnos Gd computadoras S.A Playas del coco 2670-0770\" \/>\n<meta property=\"og:url\" content=\"https:\/\/gdcomputadoras.com\/wp\/about-us\/\" \/>\n<meta property=\"og:site_name\" content=\"Gd computadoras\" \/>\n<meta property=\"article:publisher\" content=\"https:\/\/www.facebook.com\/gd.costarica.21\" \/>\n<meta property=\"article:modified_time\" content=\"2025-09-23T18:27:04+00:00\" \/>\n<meta property=\"og:image\" content=\"https:\/\/gdcomputadoras.com\/wp\/wp-content\/uploads\/2025\/06\/IMG_3452.jpg\" \/>\n<meta name=\"twitter:card\" content=\"summary_large_image\" \/>\n<meta name=\"twitter:label1\" content=\"Est. reading time\" \/>\n\t<meta name=\"twitter:data1\" content=\"1 minuto\" \/>\n<script type=\"application\/ld+json\" class=\"yoast-schema-graph\">{\"@context\":\"https:\\\/\\\/schema.org\",\"@graph\":[{\"@type\":\"WebPage\",\"@id\":\"https:\\\/\\\/gdcomputadoras.com\\\/wp\\\/about-us\\\/\",\"url\":\"https:\\\/\\\/gdcomputadoras.com\\\/wp\\\/about-us\\\/\",\"name\":\"Tu Tienda Tech con los Mejores Precios | Descuentos \u00danicos en Computadoras y M\u00e1s!!\",\"isPartOf\":{\"@id\":\"https:\\\/\\\/gdcomputadoras.com\\\/wp\\\/#website\"},\"primaryImageOfPage\":{\"@id\":\"https:\\\/\\\/gdcomputadoras.com\\\/wp\\\/about-us\\\/#primaryimage\"},\"image\":{\"@id\":\"https:\\\/\\\/gdcomputadoras.com\\\/wp\\\/about-us\\\/#primaryimage\"},\"thumbnailUrl\":\"https:\\\/\\\/gdcomputadoras.com\\\/wp\\\/wp-content\\\/uploads\\\/2025\\\/06\\\/IMG_3452.jpg\",\"datePublished\":\"2022-09-07T13:51:31+00:00\",\"dateModified\":\"2025-09-23T18:27:04+00:00\",\"description\":\"Tenemos dos tiendas f\u00edsicas; en Liberia centro y Playas del Coco, Guanacaste. No dudes en contactarnos Gd computadoras S.A Playas del coco 2670-0770\",\"breadcrumb\":{\"@id\":\"https:\\\/\\\/gdcomputadoras.com\\\/wp\\\/about-us\\\/#breadcrumb\"},\"inLanguage\":\"es-CR\",\"potentialAction\":[{\"@type\":\"ReadAction\",\"target\":[\"https:\\\/\\\/gdcomputadoras.com\\\/wp\\\/about-us\\\/\"]}]},{\"@type\":\"ImageObject\",\"inLanguage\":\"es-CR\",\"@id\":\"https:\\\/\\\/gdcomputadoras.com\\\/wp\\\/about-us\\\/#primaryimage\",\"url\":\"https:\\\/\\\/gdcomputadoras.com\\\/wp\\\/wp-content\\\/uploads\\\/2025\\\/06\\\/IMG_3452.jpg\",\"contentUrl\":\"https:\\\/\\\/gdcomputadoras.com\\\/wp\\\/wp-content\\\/uploads\\\/2025\\\/06\\\/IMG_3452.jpg\",\"width\":1280,\"height\":960},{\"@type\":\"BreadcrumbList\",\"@id\":\"https:\\\/\\\/gdcomputadoras.com\\\/wp\\\/about-us\\\/#breadcrumb\",\"itemListElement\":[{\"@type\":\"ListItem\",\"position\":1,\"name\":\"Portada\",\"item\":\"https:\\\/\\\/gdcomputadoras.com\\\/wp\\\/\"},{\"@type\":\"ListItem\",\"position\":2,\"name\":\"Acerca de Nosotros\"}]},{\"@type\":\"WebSite\",\"@id\":\"https:\\\/\\\/gdcomputadoras.com\\\/wp\\\/#website\",\"url\":\"https:\\\/\\\/gdcomputadoras.com\\\/wp\\\/\",\"name\":\"Gd computadoras\",\"description\":\"Gd\",\"publisher\":{\"@id\":\"https:\\\/\\\/gdcomputadoras.com\\\/wp\\\/#organization\"},\"alternateName\":\"GD\",\"potentialAction\":[{\"@type\":\"SearchAction\",\"target\":{\"@type\":\"EntryPoint\",\"urlTemplate\":\"https:\\\/\\\/gdcomputadoras.com\\\/wp\\\/?s={search_term_string}\"},\"query-input\":{\"@type\":\"PropertyValueSpecification\",\"valueRequired\":true,\"valueName\":\"search_term_string\"}}],\"inLanguage\":\"es-CR\"},{\"@type\":\"Organization\",\"@id\":\"https:\\\/\\\/gdcomputadoras.com\\\/wp\\\/#organization\",\"name\":\"Gd computadoras\",\"url\":\"https:\\\/\\\/gdcomputadoras.com\\\/wp\\\/\",\"logo\":{\"@type\":\"ImageObject\",\"inLanguage\":\"es-CR\",\"@id\":\"https:\\\/\\\/gdcomputadoras.com\\\/wp\\\/#\\\/schema\\\/logo\\\/image\\\/\",\"url\":\"https:\\\/\\\/gdcomputadoras.com\\\/wp\\\/wp-content\\\/uploads\\\/2025\\\/06\\\/logo.png\",\"contentUrl\":\"https:\\\/\\\/gdcomputadoras.com\\\/wp\\\/wp-content\\\/uploads\\\/2025\\\/06\\\/logo.png\",\"width\":200,\"height\":200,\"caption\":\"Gd computadoras\"},\"image\":{\"@id\":\"https:\\\/\\\/gdcomputadoras.com\\\/wp\\\/#\\\/schema\\\/logo\\\/image\\\/\"},\"sameAs\":[\"https:\\\/\\\/www.facebook.com\\\/gd.costarica.21\",\"https:\\\/\\\/www.instagram.com\\\/gdcomputadoras\",\"https:\\\/\\\/www.youtube.com\\\/@GDCOMPUTADORAS\"]}]}<\/script>\n<!-- \/ Yoast SEO plugin. -->","yoast_head_json":{"title":"Tu Tienda Tech con los Mejores Precios | Descuentos \u00danicos en Computadoras y M\u00e1s!!","description":"Tenemos dos tiendas f\u00edsicas; en Liberia centro y Playas del Coco, Guanacaste. No dudes en contactarnos Gd computadoras S.A Playas del coco 2670-0770","robots":{"index":"index","follow":"follow","max-snippet":"max-snippet:-1","max-image-preview":"max-image-preview:large","max-video-preview":"max-video-preview:-1"},"canonical":"https:\/\/gdcomputadoras.com\/wp\/about-us\/","og_locale":"es_ES","og_type":"article","og_title":"Tu Tienda Tech con los Mejores Precios | Descuentos \u00danicos en Computadoras y M\u00e1s!!","og_description":"Tenemos dos tiendas f\u00edsicas; en Liberia centro y Playas del Coco, Guanacaste. No dudes en contactarnos Gd computadoras S.A Playas del coco 2670-0770","og_url":"https:\/\/gdcomputadoras.com\/wp\/about-us\/","og_site_name":"Gd computadoras","article_publisher":"https:\/\/www.facebook.com\/gd.costarica.21","article_modified_time":"2025-09-23T18:27:04+00:00","og_image":[{"url":"https:\/\/gdcomputadoras.com\/wp\/wp-content\/uploads\/2025\/06\/IMG_3452.jpg","type":"","width":"","height":""}],"twitter_card":"summary_large_image","twitter_misc":{"Est. reading time":"1 minuto"},"schema":{"@context":"https:\/\/schema.org","@graph":[{"@type":"WebPage","@id":"https:\/\/gdcomputadoras.com\/wp\/about-us\/","url":"https:\/\/gdcomputadoras.com\/wp\/about-us\/","name":"Tu Tienda Tech con los Mejores Precios | Descuentos \u00danicos en Computadoras y M\u00e1s!!","isPartOf":{"@id":"https:\/\/gdcomputadoras.com\/wp\/#website"},"primaryImageOfPage":{"@id":"https:\/\/gdcomputadoras.com\/wp\/about-us\/#primaryimage"},"image":{"@id":"https:\/\/gdcomputadoras.com\/wp\/about-us\/#primaryimage"},"thumbnailUrl":"https:\/\/gdcomputadoras.com\/wp\/wp-content\/uploads\/2025\/06\/IMG_3452.jpg","datePublished":"2022-09-07T13:51:31+00:00","dateModified":"2025-09-23T18:27:04+00:00","description":"Tenemos dos tiendas f\u00edsicas; en Liberia centro y Playas del Coco, Guanacaste. No dudes en contactarnos Gd computadoras S.A Playas del coco 2670-0770","breadcrumb":{"@id":"https:\/\/gdcomputadoras.com\/wp\/about-us\/#breadcrumb"},"inLanguage":"es-CR","potentialAction":[{"@type":"ReadAction","target":["https:\/\/gdcomputadoras.com\/wp\/about-us\/"]}]},{"@type":"ImageObject","inLanguage":"es-CR","@id":"https:\/\/gdcomputadoras.com\/wp\/about-us\/#primaryimage","url":"https:\/\/gdcomputadoras.com\/wp\/wp-content\/uploads\/2025\/06\/IMG_3452.jpg","contentUrl":"https:\/\/gdcomputadoras.com\/wp\/wp-content\/uploads\/2025\/06\/IMG_3452.jpg","width":1280,"height":960},{"@type":"BreadcrumbList","@id":"https:\/\/gdcomputadoras.com\/wp\/about-us\/#breadcrumb","itemListElement":[{"@type":"ListItem","position":1,"name":"Portada","item":"https:\/\/gdcomputadoras.com\/wp\/"},{"@type":"ListItem","position":2,"name":"Acerca de Nosotros"}]},{"@type":"WebSite","@id":"https:\/\/gdcomputadoras.com\/wp\/#website","url":"https:\/\/gdcomputadoras.com\/wp\/","name":"Gd computadoras","description":"Gd","publisher":{"@id":"https:\/\/gdcomputadoras.com\/wp\/#organization"},"alternateName":"GD","potentialAction":[{"@type":"SearchAction","target":{"@type":"EntryPoint","urlTemplate":"https:\/\/gdcomputadoras.com\/wp\/?s={search_term_string}"},"query-input":{"@type":"PropertyValueSpecification","valueRequired":true,"valueName":"search_term_string"}}],"inLanguage":"es-CR"},{"@type":"Organization","@id":"https:\/\/gdcomputadoras.com\/wp\/#organization","name":"Gd computadoras","url":"https:\/\/gdcomputadoras.com\/wp\/","logo":{"@type":"ImageObject","inLanguage":"es-CR","@id":"https:\/\/gdcomputadoras.com\/wp\/#\/schema\/logo\/image\/","url":"https:\/\/gdcomputadoras.com\/wp\/wp-content\/uploads\/2025\/06\/logo.png","contentUrl":"https:\/\/gdcomputadoras.com\/wp\/wp-content\/uploads\/2025\/06\/logo.png","width":200,"height":200,"caption":"Gd computadoras"},"image":{"@id":"https:\/\/gdcomputadoras.com\/wp\/#\/schema\/logo\/image\/"},"sameAs":["https:\/\/www.facebook.com\/gd.costarica.21","https:\/\/www.instagram.com\/gdcomputadoras","https:\/\/www.youtube.com\/@GDCOMPUTADORAS"]}]}},"_links":{"self":[{"href":"https:\/\/gdcomputadoras.com\/wp\/wp-json\/wp\/v2\/pages\/9499","targetHints":{"allow":["GET"]}}],"collection":[{"href":"https:\/\/gdcomputadoras.com\/wp\/wp-json\/wp\/v2\/pages"}],"about":[{"href":"https:\/\/gdcomputadoras.com\/wp\/wp-json\/wp\/v2\/types\/page"}],"author":[{"embeddable":true,"href":"https:\/\/gdcomputadoras.com\/wp\/wp-json\/wp\/v2\/users\/1"}],"replies":[{"embeddable":true,"href":"https:\/\/gdcomputadoras.com\/wp\/wp-json\/wp\/v2\/comments?post=9499"}],"version-history":[{"count":0,"href":"https:\/\/gdcomputadoras.com\/wp\/wp-json\/wp\/v2\/pages\/9499\/revisions"}],"wp:attachment":[{"href":"https:\/\/gdcomputadoras.com\/wp\/wp-json\/wp\/v2\/media?parent=9499"}],"curies":[{"name":"wp","href":"https:\/\/api.w.org\/{rel}","templated":true}]}}