{"id":10160,"date":"2020-05-27T10:11:10","date_gmt":"2020-05-27T10:11:10","guid":{"rendered":"https:\/\/gdcomputadoras.com\/wp\/?product=control-pro-nintendo-switch"},"modified":"2025-12-01T10:27:55","modified_gmt":"2025-12-01T16:27:55","slug":"control-pro-nintendo-switch","status":"publish","type":"product","link":"https:\/\/gdcomputadoras.com\/wp\/product\/control-pro-nintendo-switch\/","title":{"rendered":"Control Pro Nintendo Switch"},"content":{"rendered":"<p><span style=\"font-size: 21pt; font-family: Verdana, sans-serif; color: #222222;\">El Nintendo Switch Pro Controller es el gamepad para la consola h\u00edbrida Switch de Nintendo. Tiene un agarre c\u00f3modo hecho de caucho de primera calidad para mayor agarre y comodidad. Tambi\u00e9n tiene controles de movimiento incorporados y retroalimentaci\u00f3n de fuerza, para que puedas sentir los golpes a medida que ocurren en el juego. Al igual que con el Switch en sel Pro Controller tambi\u00e9n tiene una funcionalidad amiibo incorporada para que pueda aprovechar al m\u00e1ximo la experiencia.<\/span><\/p>\n","protected":false},"excerpt":{"rendered":"<p>Control Pro Nintendo Switch Negro Hacafsska<\/p>\n","protected":false},"featured_media":10161,"comment_status":"open","ping_status":"closed","template":"","meta":{"_joinchat":[]},"product_brand":[38],"product_cat":[123,84],"product_tag":[],"class_list":{"0":"post-10160","1":"product","2":"type-product","3":"status-publish","4":"has-post-thumbnail","6":"product_brand-nintendo","7":"product_cat-controles-de-consolas","8":"product_cat-gaming","10":"first","11":"instock","12":"taxable","13":"shipping-taxable","14":"purchasable","15":"product-type-simple"},"yoast_head":"<!-- This site is optimized with the Yoast SEO plugin v27.4 - https:\/\/yoast.com\/product\/yoast-seo-wordpress\/ -->\n<title>PRO CONTROLLER NEGRO HACAFSSKA<\/title>\n<meta name=\"description\" content=\"Control Pro Nintendo Switch Negro Hacafsska\" \/>\n<meta name=\"robots\" content=\"index, follow, max-snippet:-1, max-image-preview:large, max-video-preview:-1\" \/>\n<link rel=\"canonical\" href=\"https:\/\/gdcomputadoras.com\/wp\/product\/control-pro-nintendo-switch\/\" \/>\n<meta property=\"og:locale\" content=\"es_ES\" \/>\n<meta property=\"og:type\" content=\"article\" \/>\n<meta property=\"og:title\" content=\"PRO CONTROLLER NEGRO HACAFSSKA\" \/>\n<meta property=\"og:description\" content=\"Control Pro Nintendo Switch Negro Hacafsska\" \/>\n<meta property=\"og:url\" content=\"https:\/\/gdcomputadoras.com\/wp\/product\/control-pro-nintendo-switch\/\" \/>\n<meta property=\"og:site_name\" content=\"Gd computadoras\" \/>\n<meta property=\"article:publisher\" content=\"https:\/\/www.facebook.com\/gd.costarica.21\" \/>\n<meta property=\"article:modified_time\" content=\"2025-12-01T16:27:55+00:00\" \/>\n<meta property=\"og:image\" content=\"https:\/\/gdcomputadoras.com\/wp\/wp-content\/uploads\/2025\/06\/498.jpg\" \/>\n\t<meta property=\"og:image:width\" content=\"800\" \/>\n\t<meta property=\"og:image:height\" content=\"800\" \/>\n\t<meta property=\"og:image:type\" content=\"image\/jpeg\" \/>\n<meta name=\"twitter:card\" content=\"summary_large_image\" \/>\n<meta name=\"twitter:label1\" content=\"Est. reading time\" \/>\n\t<meta name=\"twitter:data1\" content=\"1 minuto\" \/>\n<script type=\"application\/ld+json\" class=\"yoast-schema-graph\">{\"@context\":\"https:\\\/\\\/schema.org\",\"@graph\":[{\"@type\":\"WebPage\",\"@id\":\"https:\\\/\\\/gdcomputadoras.com\\\/wp\\\/product\\\/control-pro-nintendo-switch\\\/\",\"url\":\"https:\\\/\\\/gdcomputadoras.com\\\/wp\\\/product\\\/control-pro-nintendo-switch\\\/\",\"name\":\"PRO CONTROLLER NEGRO HACAFSSKA\",\"isPartOf\":{\"@id\":\"https:\\\/\\\/gdcomputadoras.com\\\/wp\\\/#website\"},\"primaryImageOfPage\":{\"@id\":\"https:\\\/\\\/gdcomputadoras.com\\\/wp\\\/product\\\/control-pro-nintendo-switch\\\/#primaryimage\"},\"image\":{\"@id\":\"https:\\\/\\\/gdcomputadoras.com\\\/wp\\\/product\\\/control-pro-nintendo-switch\\\/#primaryimage\"},\"thumbnailUrl\":\"https:\\\/\\\/gdcomputadoras.com\\\/wp\\\/wp-content\\\/uploads\\\/2025\\\/06\\\/498.jpg\",\"datePublished\":\"2020-05-27T10:11:10+00:00\",\"dateModified\":\"2025-12-01T16:27:55+00:00\",\"description\":\"Control Pro Nintendo Switch Negro Hacafsska\",\"breadcrumb\":{\"@id\":\"https:\\\/\\\/gdcomputadoras.com\\\/wp\\\/product\\\/control-pro-nintendo-switch\\\/#breadcrumb\"},\"inLanguage\":\"es-CR\",\"potentialAction\":[{\"@type\":\"ReadAction\",\"target\":[\"https:\\\/\\\/gdcomputadoras.com\\\/wp\\\/product\\\/control-pro-nintendo-switch\\\/\"]}]},{\"@type\":\"ImageObject\",\"inLanguage\":\"es-CR\",\"@id\":\"https:\\\/\\\/gdcomputadoras.com\\\/wp\\\/product\\\/control-pro-nintendo-switch\\\/#primaryimage\",\"url\":\"https:\\\/\\\/gdcomputadoras.com\\\/wp\\\/wp-content\\\/uploads\\\/2025\\\/06\\\/498.jpg\",\"contentUrl\":\"https:\\\/\\\/gdcomputadoras.com\\\/wp\\\/wp-content\\\/uploads\\\/2025\\\/06\\\/498.jpg\",\"width\":800,\"height\":800,\"caption\":\"PRO CONTROLLER NEGRO HACAFSSKA 2\"},{\"@type\":\"BreadcrumbList\",\"@id\":\"https:\\\/\\\/gdcomputadoras.com\\\/wp\\\/product\\\/control-pro-nintendo-switch\\\/#breadcrumb\",\"itemListElement\":[{\"@type\":\"ListItem\",\"position\":1,\"name\":\"Portada\",\"item\":\"https:\\\/\\\/gdcomputadoras.com\\\/wp\\\/\"},{\"@type\":\"ListItem\",\"position\":2,\"name\":\"Tienda\",\"item\":\"https:\\\/\\\/gdcomputadoras.com\\\/wp\\\/shop\\\/\"},{\"@type\":\"ListItem\",\"position\":3,\"name\":\"Control Pro Nintendo Switch\"}]},{\"@type\":\"WebSite\",\"@id\":\"https:\\\/\\\/gdcomputadoras.com\\\/wp\\\/#website\",\"url\":\"https:\\\/\\\/gdcomputadoras.com\\\/wp\\\/\",\"name\":\"Gd computadoras\",\"description\":\"Gd\",\"publisher\":{\"@id\":\"https:\\\/\\\/gdcomputadoras.com\\\/wp\\\/#organization\"},\"alternateName\":\"GD\",\"potentialAction\":[{\"@type\":\"SearchAction\",\"target\":{\"@type\":\"EntryPoint\",\"urlTemplate\":\"https:\\\/\\\/gdcomputadoras.com\\\/wp\\\/?s={search_term_string}\"},\"query-input\":{\"@type\":\"PropertyValueSpecification\",\"valueRequired\":true,\"valueName\":\"search_term_string\"}}],\"inLanguage\":\"es-CR\"},{\"@type\":\"Organization\",\"@id\":\"https:\\\/\\\/gdcomputadoras.com\\\/wp\\\/#organization\",\"name\":\"Gd computadoras\",\"url\":\"https:\\\/\\\/gdcomputadoras.com\\\/wp\\\/\",\"logo\":{\"@type\":\"ImageObject\",\"inLanguage\":\"es-CR\",\"@id\":\"https:\\\/\\\/gdcomputadoras.com\\\/wp\\\/#\\\/schema\\\/logo\\\/image\\\/\",\"url\":\"https:\\\/\\\/gdcomputadoras.com\\\/wp\\\/wp-content\\\/uploads\\\/2025\\\/06\\\/logo.png\",\"contentUrl\":\"https:\\\/\\\/gdcomputadoras.com\\\/wp\\\/wp-content\\\/uploads\\\/2025\\\/06\\\/logo.png\",\"width\":200,\"height\":200,\"caption\":\"Gd computadoras\"},\"image\":{\"@id\":\"https:\\\/\\\/gdcomputadoras.com\\\/wp\\\/#\\\/schema\\\/logo\\\/image\\\/\"},\"sameAs\":[\"https:\\\/\\\/www.facebook.com\\\/gd.costarica.21\",\"https:\\\/\\\/www.instagram.com\\\/gdcomputadoras\",\"https:\\\/\\\/www.youtube.com\\\/@GDCOMPUTADORAS\"]}]}<\/script>\n<!-- \/ Yoast SEO plugin. -->","yoast_head_json":{"title":"PRO CONTROLLER NEGRO HACAFSSKA","description":"Control Pro Nintendo Switch Negro Hacafsska","robots":{"index":"index","follow":"follow","max-snippet":"max-snippet:-1","max-image-preview":"max-image-preview:large","max-video-preview":"max-video-preview:-1"},"canonical":"https:\/\/gdcomputadoras.com\/wp\/product\/control-pro-nintendo-switch\/","og_locale":"es_ES","og_type":"article","og_title":"PRO CONTROLLER NEGRO HACAFSSKA","og_description":"Control Pro Nintendo Switch Negro Hacafsska","og_url":"https:\/\/gdcomputadoras.com\/wp\/product\/control-pro-nintendo-switch\/","og_site_name":"Gd computadoras","article_publisher":"https:\/\/www.facebook.com\/gd.costarica.21","article_modified_time":"2025-12-01T16:27:55+00:00","og_image":[{"width":800,"height":800,"url":"https:\/\/gdcomputadoras.com\/wp\/wp-content\/uploads\/2025\/06\/498.jpg","type":"image\/jpeg"}],"twitter_card":"summary_large_image","twitter_misc":{"Est. reading time":"1 minuto"},"schema":{"@context":"https:\/\/schema.org","@graph":[{"@type":"WebPage","@id":"https:\/\/gdcomputadoras.com\/wp\/product\/control-pro-nintendo-switch\/","url":"https:\/\/gdcomputadoras.com\/wp\/product\/control-pro-nintendo-switch\/","name":"PRO CONTROLLER NEGRO HACAFSSKA","isPartOf":{"@id":"https:\/\/gdcomputadoras.com\/wp\/#website"},"primaryImageOfPage":{"@id":"https:\/\/gdcomputadoras.com\/wp\/product\/control-pro-nintendo-switch\/#primaryimage"},"image":{"@id":"https:\/\/gdcomputadoras.com\/wp\/product\/control-pro-nintendo-switch\/#primaryimage"},"thumbnailUrl":"https:\/\/gdcomputadoras.com\/wp\/wp-content\/uploads\/2025\/06\/498.jpg","datePublished":"2020-05-27T10:11:10+00:00","dateModified":"2025-12-01T16:27:55+00:00","description":"Control Pro Nintendo Switch Negro Hacafsska","breadcrumb":{"@id":"https:\/\/gdcomputadoras.com\/wp\/product\/control-pro-nintendo-switch\/#breadcrumb"},"inLanguage":"es-CR","potentialAction":[{"@type":"ReadAction","target":["https:\/\/gdcomputadoras.com\/wp\/product\/control-pro-nintendo-switch\/"]}]},{"@type":"ImageObject","inLanguage":"es-CR","@id":"https:\/\/gdcomputadoras.com\/wp\/product\/control-pro-nintendo-switch\/#primaryimage","url":"https:\/\/gdcomputadoras.com\/wp\/wp-content\/uploads\/2025\/06\/498.jpg","contentUrl":"https:\/\/gdcomputadoras.com\/wp\/wp-content\/uploads\/2025\/06\/498.jpg","width":800,"height":800,"caption":"PRO CONTROLLER NEGRO HACAFSSKA 2"},{"@type":"BreadcrumbList","@id":"https:\/\/gdcomputadoras.com\/wp\/product\/control-pro-nintendo-switch\/#breadcrumb","itemListElement":[{"@type":"ListItem","position":1,"name":"Portada","item":"https:\/\/gdcomputadoras.com\/wp\/"},{"@type":"ListItem","position":2,"name":"Tienda","item":"https:\/\/gdcomputadoras.com\/wp\/shop\/"},{"@type":"ListItem","position":3,"name":"Control Pro Nintendo Switch"}]},{"@type":"WebSite","@id":"https:\/\/gdcomputadoras.com\/wp\/#website","url":"https:\/\/gdcomputadoras.com\/wp\/","name":"Gd computadoras","description":"Gd","publisher":{"@id":"https:\/\/gdcomputadoras.com\/wp\/#organization"},"alternateName":"GD","potentialAction":[{"@type":"SearchAction","target":{"@type":"EntryPoint","urlTemplate":"https:\/\/gdcomputadoras.com\/wp\/?s={search_term_string}"},"query-input":{"@type":"PropertyValueSpecification","valueRequired":true,"valueName":"search_term_string"}}],"inLanguage":"es-CR"},{"@type":"Organization","@id":"https:\/\/gdcomputadoras.com\/wp\/#organization","name":"Gd computadoras","url":"https:\/\/gdcomputadoras.com\/wp\/","logo":{"@type":"ImageObject","inLanguage":"es-CR","@id":"https:\/\/gdcomputadoras.com\/wp\/#\/schema\/logo\/image\/","url":"https:\/\/gdcomputadoras.com\/wp\/wp-content\/uploads\/2025\/06\/logo.png","contentUrl":"https:\/\/gdcomputadoras.com\/wp\/wp-content\/uploads\/2025\/06\/logo.png","width":200,"height":200,"caption":"Gd computadoras"},"image":{"@id":"https:\/\/gdcomputadoras.com\/wp\/#\/schema\/logo\/image\/"},"sameAs":["https:\/\/www.facebook.com\/gd.costarica.21","https:\/\/www.instagram.com\/gdcomputadoras","https:\/\/www.youtube.com\/@GDCOMPUTADORAS"]}]}},"_links":{"self":[{"href":"https:\/\/gdcomputadoras.com\/wp\/wp-json\/wp\/v2\/product\/10160","targetHints":{"allow":["GET"]}}],"collection":[{"href":"https:\/\/gdcomputadoras.com\/wp\/wp-json\/wp\/v2\/product"}],"about":[{"href":"https:\/\/gdcomputadoras.com\/wp\/wp-json\/wp\/v2\/types\/product"}],"replies":[{"embeddable":true,"href":"https:\/\/gdcomputadoras.com\/wp\/wp-json\/wp\/v2\/comments?post=10160"}],"version-history":[{"count":0,"href":"https:\/\/gdcomputadoras.com\/wp\/wp-json\/wp\/v2\/product\/10160\/revisions"}],"wp:featuredmedia":[{"embeddable":true,"href":"https:\/\/gdcomputadoras.com\/wp\/wp-json\/wp\/v2\/media\/10161"}],"wp:attachment":[{"href":"https:\/\/gdcomputadoras.com\/wp\/wp-json\/wp\/v2\/media?parent=10160"}],"wp:term":[{"taxonomy":"product_brand","embeddable":true,"href":"https:\/\/gdcomputadoras.com\/wp\/wp-json\/wp\/v2\/product_brand?post=10160"},{"taxonomy":"product_cat","embeddable":true,"href":"https:\/\/gdcomputadoras.com\/wp\/wp-json\/wp\/v2\/product_cat?post=10160"},{"taxonomy":"product_tag","embeddable":true,"href":"https:\/\/gdcomputadoras.com\/wp\/wp-json\/wp\/v2\/product_tag?post=10160"}],"curies":[{"name":"wp","href":"https:\/\/api.w.org\/{rel}","templated":true}]}}