{"id":10349,"date":"2020-06-01T11:53:22","date_gmt":"2020-06-01T11:53:22","guid":{"rendered":"https:\/\/gdcomputadoras.com\/wp\/?product=regleta-forza-power"},"modified":"2025-04-24T15:52:49","modified_gmt":"2025-04-24T15:52:49","slug":"regleta-forza-power","status":"publish","type":"product","link":"https:\/\/gdcomputadoras.com\/wp\/product\/regleta-forza-power\/","title":{"rendered":"REGLETA FORZA POWER"},"content":{"rendered":"<p class=\"MsoNormal\"><b><span style=\"font-family:Arial, sans-serif;color:#333333;background:#FFFFFF;\">REGLETA DE 6 SALIDAS\u00a0<\/span><\/b><span style=\"font-family:Arial, sans-serif;color:#333333;\"><br \/> <span style=\"background:#FFFFFF;\">LA REGLETA FPS-005B DE FORZA ES EL COMPONENTE INDISPENSABLE PARA PROTEGER EQUIPOS EL\u00c9CTRICOS AS\u00cd COMO APARATOS ELECTR\u00d3NICOS DELICADOS CONTRA LOS EFECTOS POTENCIALMENTE PERJUDICIALES CAUSADOS POR SOBRETENSIONES O SUBIDAS REPENTINAS DE VOLTAJE. CONVENIENTE Y EXCEPCIONALMENTE PR\u00c1CTICA, ESTA REGLETA ES LA \u00daNICA EN EL MERCADO QUE CUENTA CON RECEPT\u00c1CULOS DE CALCE PERFECTO, LOS CUALES EVITAN QUE LOS ENCHUFES SE SUELTEN O DESCONECTEN DEL TOMACORRIENTE ACCIDENTALMENTE.<\/span><\/p>\n<p> <span style=\"background:#FFFFFF;\">&#8211; ENCHUFE DE TRES CONTACTOS CON CONEXI\u00d3N A TIERRA<\/span><br \/> <span style=\"background:#FFFFFF;\">&#8211; INTERRUPTOR DE CORTACIRCUITOS INCORPORADO<\/span><br \/> <span style=\"background:#FFFFFF;\">&#8211; INTERRUPTOR DE CONEXI\u00d3N ILUMINADO<\/span><br \/> <span style=\"background:#FFFFFF;\">&#8211; 6 RECEPT\u00c1CULOS DE CALCE PERFECTO<\/span><br \/> <span style=\"background:#FFFFFF;\">&#8211; CABLE DE 90 CM DE LARGO<\/span><br \/> <span style=\"background:#FFFFFF;\">&#8211; TENSI\u00d3N DE ENTRADA: 110-240 VCA<\/span><br \/> <span style=\"background:#FFFFFF;\">&#8211; CORRIENTE: 10A<\/span><br \/> <span style=\"background:#FFFFFF;\">&#8211; FRECUENCIA: 50 HZ \/ 60 HZ<\/span><br \/> <span style=\"background:#FFFFFF;\">&#8211; TENSI\u00d3N NOMINAL: 2400W<\/span><br \/> <span style=\"background:#FFFFFF;\">&#8211; CUBIERTA FABRICADA CON MATERIAL RETARDADOR DE LLAMA<\/span><br \/> <span style=\"background:#FFFFFF;\">&#8211; ORIFICIOS PARA MONTAJE EN LA PARED<\/span><br \/> <b><span style=\"background:#FFFFFF;\">OTRAS CARACTER\u00cdSTICAS:<\/span><\/b><br \/> <b><span style=\"background:#FFFFFF;\">CANTIDAD DE SALIDAS AC:\u00a0<\/span><\/b><span style=\"background:#FFFFFF;\">6 SALIDAS AC<\/span><br \/> <b><span style=\"background:#FFFFFF;\">COLOCACI\u00d3N SOPORTADA:\u00a0<\/span><\/b><span style=\"background:#FFFFFF;\">INTERIOR<\/span><br \/> <b><span style=\"background:#FFFFFF;\">COLOR DEL CABLE:\u00a0<\/span><\/b><span style=\"background:#FFFFFF;\">NEGRO<\/span><br \/> <b><span style=\"background:#FFFFFF;\">COLOR DEL PRODUCTO:\u00a0<\/span><\/b><span style=\"background:#FFFFFF;\">NEGRO<\/span><br \/> <b><span style=\"background:#FFFFFF;\">CONECTOR:\u00a0<\/span><\/b><span style=\"background:#FFFFFF;\">NEMA<\/span><br \/> <b><span style=\"background:#FFFFFF;\">FRECUENCIA DE ENTRADA AC:\u00a0<\/span><\/b><span style=\"background:#FFFFFF;\">50 &#8211; 60 HZ<\/span><br \/> <b><span style=\"background:#FFFFFF;\">INTERRUPTOR DE ENCENDIDO\/APAGADO INTEGRADO:\u00a0<\/span><\/b><span style=\"background:#FFFFFF;\">SI<\/span><br \/> <b><span style=\"background:#FFFFFF;\">LONGITUD DE CABLE:\u00a0<\/span><\/b><span style=\"background:#FFFFFF;\">0,9 M<\/span><br \/> <b><span style=\"background:#FFFFFF;\">M\u00c1XIMA CORRIENTE:\u00a0<\/span><\/b><span style=\"background:#FFFFFF;\">10 A<\/span><br \/> <b><span style=\"background:#FFFFFF;\">POTENCIA M\u00c1X. DE ENTRADA:\u00a0<\/span><\/b><span style=\"background:#FFFFFF;\">2400 W<\/span><br \/> <b><span style=\"background:#FFFFFF;\">VOLTAJE DE ENTRADA AC:\u00a0<\/span><\/b><span style=\"background:#FFFFFF;\">110 &#8211; 240 V<\/span><\/span><\/p><\/p>\n","protected":false},"excerpt":{"rendered":"<p>FPS-005B CAPACIDAD 2400W VOLTAJE 110V\/220V 6 CONECTORES<\/p>\n","protected":false},"featured_media":10350,"comment_status":"open","ping_status":"closed","template":"","meta":{"_joinchat":[]},"product_brand":[18],"product_cat":[82,91],"product_tag":[332,331,330],"class_list":{"0":"post-10349","1":"product","2":"type-product","3":"status-publish","4":"has-post-thumbnail","6":"product_brand-sin-especificar","7":"product_cat-computacion","8":"product_cat-proteccion-electrica","9":"product_tag-extension-electrica","10":"product_tag-regleta-costa-rica","11":"product_tag-regleta-electrica","13":"first","14":"instock","15":"taxable","16":"shipping-taxable","17":"purchasable","18":"product-type-simple"},"yoast_head":"<!-- This site is optimized with the Yoast SEO plugin v27.4 - https:\/\/yoast.com\/product\/yoast-seo-wordpress\/ -->\n<title>REGLETA FORZA POWER 110V-220V<\/title>\n<meta name=\"description\" content=\"Regleta de 6 Salidas La regleta FPS-005B de Forza es el componente indispensable para proteger equipos el\u00e9ctricos as\u00ed como aparatos electr\u00f3nicos\" \/>\n<meta name=\"robots\" content=\"index, follow, max-snippet:-1, max-image-preview:large, max-video-preview:-1\" \/>\n<link rel=\"canonical\" href=\"https:\/\/gdcomputadoras.com\/wp\/product\/regleta-forza-power\/\" \/>\n<meta property=\"og:locale\" content=\"es_ES\" \/>\n<meta property=\"og:type\" content=\"article\" \/>\n<meta property=\"og:title\" content=\"REGLETA FORZA POWER 110V-220V\" \/>\n<meta property=\"og:description\" content=\"Regleta de 6 Salidas La regleta FPS-005B de Forza es el componente indispensable para proteger equipos el\u00e9ctricos as\u00ed como aparatos electr\u00f3nicos\" \/>\n<meta property=\"og:url\" content=\"https:\/\/gdcomputadoras.com\/wp\/product\/regleta-forza-power\/\" \/>\n<meta property=\"og:site_name\" content=\"Gd computadoras\" \/>\n<meta property=\"article:publisher\" content=\"https:\/\/www.facebook.com\/gd.costarica.21\" \/>\n<meta property=\"article:modified_time\" content=\"2025-04-24T15:52:49+00:00\" \/>\n<meta property=\"og:image\" content=\"https:\/\/gdcomputadoras.com\/wp\/wp-content\/uploads\/2025\/06\/717.jpg\" \/>\n\t<meta property=\"og:image:width\" content=\"800\" \/>\n\t<meta property=\"og:image:height\" content=\"800\" \/>\n\t<meta property=\"og:image:type\" content=\"image\/jpeg\" \/>\n<meta name=\"twitter:card\" content=\"summary_large_image\" \/>\n<meta name=\"twitter:label1\" content=\"Est. reading time\" \/>\n\t<meta name=\"twitter:data1\" content=\"1 minuto\" \/>\n<script type=\"application\/ld+json\" class=\"yoast-schema-graph\">{\"@context\":\"https:\\\/\\\/schema.org\",\"@graph\":[{\"@type\":\"WebPage\",\"@id\":\"https:\\\/\\\/gdcomputadoras.com\\\/wp\\\/product\\\/regleta-forza-power\\\/\",\"url\":\"https:\\\/\\\/gdcomputadoras.com\\\/wp\\\/product\\\/regleta-forza-power\\\/\",\"name\":\"REGLETA FORZA POWER 110V-220V\",\"isPartOf\":{\"@id\":\"https:\\\/\\\/gdcomputadoras.com\\\/wp\\\/#website\"},\"primaryImageOfPage\":{\"@id\":\"https:\\\/\\\/gdcomputadoras.com\\\/wp\\\/product\\\/regleta-forza-power\\\/#primaryimage\"},\"image\":{\"@id\":\"https:\\\/\\\/gdcomputadoras.com\\\/wp\\\/product\\\/regleta-forza-power\\\/#primaryimage\"},\"thumbnailUrl\":\"https:\\\/\\\/gdcomputadoras.com\\\/wp\\\/wp-content\\\/uploads\\\/2025\\\/06\\\/717.jpg\",\"datePublished\":\"2020-06-01T11:53:22+00:00\",\"dateModified\":\"2025-04-24T15:52:49+00:00\",\"description\":\"Regleta de 6 Salidas La regleta FPS-005B de Forza es el componente indispensable para proteger equipos el\u00e9ctricos as\u00ed como aparatos electr\u00f3nicos\",\"breadcrumb\":{\"@id\":\"https:\\\/\\\/gdcomputadoras.com\\\/wp\\\/product\\\/regleta-forza-power\\\/#breadcrumb\"},\"inLanguage\":\"es-CR\",\"potentialAction\":[{\"@type\":\"ReadAction\",\"target\":[\"https:\\\/\\\/gdcomputadoras.com\\\/wp\\\/product\\\/regleta-forza-power\\\/\"]}]},{\"@type\":\"ImageObject\",\"inLanguage\":\"es-CR\",\"@id\":\"https:\\\/\\\/gdcomputadoras.com\\\/wp\\\/product\\\/regleta-forza-power\\\/#primaryimage\",\"url\":\"https:\\\/\\\/gdcomputadoras.com\\\/wp\\\/wp-content\\\/uploads\\\/2025\\\/06\\\/717.jpg\",\"contentUrl\":\"https:\\\/\\\/gdcomputadoras.com\\\/wp\\\/wp-content\\\/uploads\\\/2025\\\/06\\\/717.jpg\",\"width\":800,\"height\":800,\"caption\":\"REGLETA FORZA POWER 110V-220V\"},{\"@type\":\"BreadcrumbList\",\"@id\":\"https:\\\/\\\/gdcomputadoras.com\\\/wp\\\/product\\\/regleta-forza-power\\\/#breadcrumb\",\"itemListElement\":[{\"@type\":\"ListItem\",\"position\":1,\"name\":\"Portada\",\"item\":\"https:\\\/\\\/gdcomputadoras.com\\\/wp\\\/\"},{\"@type\":\"ListItem\",\"position\":2,\"name\":\"Tienda\",\"item\":\"https:\\\/\\\/gdcomputadoras.com\\\/wp\\\/shop\\\/\"},{\"@type\":\"ListItem\",\"position\":3,\"name\":\"REGLETA FORZA POWER\"}]},{\"@type\":\"WebSite\",\"@id\":\"https:\\\/\\\/gdcomputadoras.com\\\/wp\\\/#website\",\"url\":\"https:\\\/\\\/gdcomputadoras.com\\\/wp\\\/\",\"name\":\"Gd computadoras\",\"description\":\"Gd\",\"publisher\":{\"@id\":\"https:\\\/\\\/gdcomputadoras.com\\\/wp\\\/#organization\"},\"alternateName\":\"GD\",\"potentialAction\":[{\"@type\":\"SearchAction\",\"target\":{\"@type\":\"EntryPoint\",\"urlTemplate\":\"https:\\\/\\\/gdcomputadoras.com\\\/wp\\\/?s={search_term_string}\"},\"query-input\":{\"@type\":\"PropertyValueSpecification\",\"valueRequired\":true,\"valueName\":\"search_term_string\"}}],\"inLanguage\":\"es-CR\"},{\"@type\":\"Organization\",\"@id\":\"https:\\\/\\\/gdcomputadoras.com\\\/wp\\\/#organization\",\"name\":\"Gd computadoras\",\"url\":\"https:\\\/\\\/gdcomputadoras.com\\\/wp\\\/\",\"logo\":{\"@type\":\"ImageObject\",\"inLanguage\":\"es-CR\",\"@id\":\"https:\\\/\\\/gdcomputadoras.com\\\/wp\\\/#\\\/schema\\\/logo\\\/image\\\/\",\"url\":\"https:\\\/\\\/gdcomputadoras.com\\\/wp\\\/wp-content\\\/uploads\\\/2025\\\/06\\\/logo.png\",\"contentUrl\":\"https:\\\/\\\/gdcomputadoras.com\\\/wp\\\/wp-content\\\/uploads\\\/2025\\\/06\\\/logo.png\",\"width\":200,\"height\":200,\"caption\":\"Gd computadoras\"},\"image\":{\"@id\":\"https:\\\/\\\/gdcomputadoras.com\\\/wp\\\/#\\\/schema\\\/logo\\\/image\\\/\"},\"sameAs\":[\"https:\\\/\\\/www.facebook.com\\\/gd.costarica.21\",\"https:\\\/\\\/www.instagram.com\\\/gdcomputadoras\",\"https:\\\/\\\/www.youtube.com\\\/@GDCOMPUTADORAS\"]}]}<\/script>\n<!-- \/ Yoast SEO plugin. -->","yoast_head_json":{"title":"REGLETA FORZA POWER 110V-220V","description":"Regleta de 6 Salidas La regleta FPS-005B de Forza es el componente indispensable para proteger equipos el\u00e9ctricos as\u00ed como aparatos electr\u00f3nicos","robots":{"index":"index","follow":"follow","max-snippet":"max-snippet:-1","max-image-preview":"max-image-preview:large","max-video-preview":"max-video-preview:-1"},"canonical":"https:\/\/gdcomputadoras.com\/wp\/product\/regleta-forza-power\/","og_locale":"es_ES","og_type":"article","og_title":"REGLETA FORZA POWER 110V-220V","og_description":"Regleta de 6 Salidas La regleta FPS-005B de Forza es el componente indispensable para proteger equipos el\u00e9ctricos as\u00ed como aparatos electr\u00f3nicos","og_url":"https:\/\/gdcomputadoras.com\/wp\/product\/regleta-forza-power\/","og_site_name":"Gd computadoras","article_publisher":"https:\/\/www.facebook.com\/gd.costarica.21","article_modified_time":"2025-04-24T15:52:49+00:00","og_image":[{"width":800,"height":800,"url":"https:\/\/gdcomputadoras.com\/wp\/wp-content\/uploads\/2025\/06\/717.jpg","type":"image\/jpeg"}],"twitter_card":"summary_large_image","twitter_misc":{"Est. reading time":"1 minuto"},"schema":{"@context":"https:\/\/schema.org","@graph":[{"@type":"WebPage","@id":"https:\/\/gdcomputadoras.com\/wp\/product\/regleta-forza-power\/","url":"https:\/\/gdcomputadoras.com\/wp\/product\/regleta-forza-power\/","name":"REGLETA FORZA POWER 110V-220V","isPartOf":{"@id":"https:\/\/gdcomputadoras.com\/wp\/#website"},"primaryImageOfPage":{"@id":"https:\/\/gdcomputadoras.com\/wp\/product\/regleta-forza-power\/#primaryimage"},"image":{"@id":"https:\/\/gdcomputadoras.com\/wp\/product\/regleta-forza-power\/#primaryimage"},"thumbnailUrl":"https:\/\/gdcomputadoras.com\/wp\/wp-content\/uploads\/2025\/06\/717.jpg","datePublished":"2020-06-01T11:53:22+00:00","dateModified":"2025-04-24T15:52:49+00:00","description":"Regleta de 6 Salidas La regleta FPS-005B de Forza es el componente indispensable para proteger equipos el\u00e9ctricos as\u00ed como aparatos electr\u00f3nicos","breadcrumb":{"@id":"https:\/\/gdcomputadoras.com\/wp\/product\/regleta-forza-power\/#breadcrumb"},"inLanguage":"es-CR","potentialAction":[{"@type":"ReadAction","target":["https:\/\/gdcomputadoras.com\/wp\/product\/regleta-forza-power\/"]}]},{"@type":"ImageObject","inLanguage":"es-CR","@id":"https:\/\/gdcomputadoras.com\/wp\/product\/regleta-forza-power\/#primaryimage","url":"https:\/\/gdcomputadoras.com\/wp\/wp-content\/uploads\/2025\/06\/717.jpg","contentUrl":"https:\/\/gdcomputadoras.com\/wp\/wp-content\/uploads\/2025\/06\/717.jpg","width":800,"height":800,"caption":"REGLETA FORZA POWER 110V-220V"},{"@type":"BreadcrumbList","@id":"https:\/\/gdcomputadoras.com\/wp\/product\/regleta-forza-power\/#breadcrumb","itemListElement":[{"@type":"ListItem","position":1,"name":"Portada","item":"https:\/\/gdcomputadoras.com\/wp\/"},{"@type":"ListItem","position":2,"name":"Tienda","item":"https:\/\/gdcomputadoras.com\/wp\/shop\/"},{"@type":"ListItem","position":3,"name":"REGLETA FORZA POWER"}]},{"@type":"WebSite","@id":"https:\/\/gdcomputadoras.com\/wp\/#website","url":"https:\/\/gdcomputadoras.com\/wp\/","name":"Gd computadoras","description":"Gd","publisher":{"@id":"https:\/\/gdcomputadoras.com\/wp\/#organization"},"alternateName":"GD","potentialAction":[{"@type":"SearchAction","target":{"@type":"EntryPoint","urlTemplate":"https:\/\/gdcomputadoras.com\/wp\/?s={search_term_string}"},"query-input":{"@type":"PropertyValueSpecification","valueRequired":true,"valueName":"search_term_string"}}],"inLanguage":"es-CR"},{"@type":"Organization","@id":"https:\/\/gdcomputadoras.com\/wp\/#organization","name":"Gd computadoras","url":"https:\/\/gdcomputadoras.com\/wp\/","logo":{"@type":"ImageObject","inLanguage":"es-CR","@id":"https:\/\/gdcomputadoras.com\/wp\/#\/schema\/logo\/image\/","url":"https:\/\/gdcomputadoras.com\/wp\/wp-content\/uploads\/2025\/06\/logo.png","contentUrl":"https:\/\/gdcomputadoras.com\/wp\/wp-content\/uploads\/2025\/06\/logo.png","width":200,"height":200,"caption":"Gd computadoras"},"image":{"@id":"https:\/\/gdcomputadoras.com\/wp\/#\/schema\/logo\/image\/"},"sameAs":["https:\/\/www.facebook.com\/gd.costarica.21","https:\/\/www.instagram.com\/gdcomputadoras","https:\/\/www.youtube.com\/@GDCOMPUTADORAS"]}]}},"_links":{"self":[{"href":"https:\/\/gdcomputadoras.com\/wp\/wp-json\/wp\/v2\/product\/10349","targetHints":{"allow":["GET"]}}],"collection":[{"href":"https:\/\/gdcomputadoras.com\/wp\/wp-json\/wp\/v2\/product"}],"about":[{"href":"https:\/\/gdcomputadoras.com\/wp\/wp-json\/wp\/v2\/types\/product"}],"replies":[{"embeddable":true,"href":"https:\/\/gdcomputadoras.com\/wp\/wp-json\/wp\/v2\/comments?post=10349"}],"version-history":[{"count":0,"href":"https:\/\/gdcomputadoras.com\/wp\/wp-json\/wp\/v2\/product\/10349\/revisions"}],"wp:featuredmedia":[{"embeddable":true,"href":"https:\/\/gdcomputadoras.com\/wp\/wp-json\/wp\/v2\/media\/10350"}],"wp:attachment":[{"href":"https:\/\/gdcomputadoras.com\/wp\/wp-json\/wp\/v2\/media?parent=10349"}],"wp:term":[{"taxonomy":"product_brand","embeddable":true,"href":"https:\/\/gdcomputadoras.com\/wp\/wp-json\/wp\/v2\/product_brand?post=10349"},{"taxonomy":"product_cat","embeddable":true,"href":"https:\/\/gdcomputadoras.com\/wp\/wp-json\/wp\/v2\/product_cat?post=10349"},{"taxonomy":"product_tag","embeddable":true,"href":"https:\/\/gdcomputadoras.com\/wp\/wp-json\/wp\/v2\/product_tag?post=10349"}],"curies":[{"name":"wp","href":"https:\/\/api.w.org\/{rel}","templated":true}]}}