{"id":10376,"date":"2020-06-03T12:16:37","date_gmt":"2020-06-03T12:16:37","guid":{"rendered":"https:\/\/gdcomputadoras.com\/wp\/?product=protector-de-picos-forza"},"modified":"2025-06-10T11:07:27","modified_gmt":"2025-06-10T11:07:27","slug":"protector-de-picos-forza","status":"publish","type":"product","link":"https:\/\/gdcomputadoras.com\/wp\/product\/protector-de-picos-forza\/","title":{"rendered":"PROTECTOR DE PICOS FORZA"},"content":{"rendered":"<h5 style=\"background:#FAFAFA;\"><span style=\"font-size:13.5pt;line-height:107%;font-family:'Myriad Pro', sans-serif;color:#000000;letter-spacing:0.25pt;\">TIPO DE SOLUCI\u00d3N<\/span><\/h5>\n<\/p>\n<ul type=\"disc\" style=\"margin:15px 0px 1rem;padding:0px;list-style:none;\">\n<li class=\"MsoNormal\" style=\"margin:0rem 0px 10px;padding:0px 0px 0px 20px;color:#54585a;font-size:16px;\"><span style=\"font-family:'Myriad Pro', sans-serif;\">RESIDENCIAL<\/span><span style=\"font-size:12pt;font-family:'Myriad Pro', sans-serif;\"><\/span>\n<\/p>\n<\/li>\n<li class=\"MsoNormal\" style=\"margin:0rem 0px 10px;padding:0px 0px 0px 20px;color:#54585a;font-size:16px;\"><span style=\"font-family:'Myriad Pro', sans-serif;\">PUNTO DE VENTA<\/span>\n<\/p>\n<\/li>\n<li class=\"MsoNormal\" style=\"margin:0rem 0px 10px;padding:0px 0px 0px 20px;color:#54585a;font-size:16px;\"><span style=\"font-family:'Myriad Pro', sans-serif;\">EDUCACI\u00d3N<\/span>\n<\/p>\n<\/li>\n<\/ul>\n<h5 style=\"margin:10px 0px 0.5rem;padding:0px;line-height:1.2;font-size:18px;color:#000000;letter-spacing:0.3px;\"><span style=\"font-size:13.5pt;line-height:107%;font-family:'Myriad Pro', sans-serif;color:#000000;letter-spacing:0.25pt;\">APLICACIONES<\/span><\/h5>\n<\/p>\n<ul type=\"disc\" style=\"margin:15px 0px 1rem;padding:0px;list-style:none;\">\n<li class=\"MsoNormal\" style=\"margin:0rem 0px 10px;padding:0px 0px 0px 20px;color:#54585a;font-size:16px;\"><span style=\"font-family:'Myriad Pro', sans-serif;\">COMPUTADORAS Y ACCESORIOS<\/span><span style=\"font-size:12pt;font-family:'Myriad Pro', sans-serif;\"><\/span>\n<\/p>\n<\/li>\n<li class=\"MsoNormal\" style=\"margin:0rem 0px 10px;padding:0px 0px 0px 20px;color:#54585a;font-size:16px;\"><span style=\"font-family:'Myriad Pro', sans-serif;\">MONITORES<\/span>\n<\/p>\n<\/li>\n<li class=\"MsoNormal\" style=\"margin:0rem 0px 10px;padding:0px 0px 0px 20px;color:#54585a;font-size:16px;\"><span style=\"font-family:'Myriad Pro', sans-serif;\">ELECTR\u00d3NICOS PERSONALES<\/span>\n<\/p>\n<\/li>\n<\/ul>\n<h5 style=\"margin:10px 0px 0.5rem;padding:0px;line-height:1.2;font-size:18px;color:#000000;letter-spacing:0.3px;\"><span style=\"font-size:13.5pt;line-height:107%;font-family:'Myriad Pro', sans-serif;color:#000000;letter-spacing:0.25pt;\">\u00a0<\/span><\/h5>\n<\/p>\n<ul type=\"disc\" style=\"margin:15px 0px 1rem;padding:0px;list-style:none;\">\n<li class=\"MsoNormal\" style=\"margin:0rem 0px 10px;padding:0px 0px 0px 20px;color:#54585a;font-size:16px;\"><span style=\"font-family:'Myriad Pro', sans-serif;\">TEL\u00c9FONOS<\/span><span style=\"font-size:12pt;font-family:'Myriad Pro', sans-serif;\"><\/span>\n<\/p>\n<\/li>\n<li class=\"MsoNormal\" style=\"margin:0rem 0px 10px;padding:0px 0px 0px 20px;color:#54585a;font-size:16px;\"><span style=\"font-family:'Myriad Pro', sans-serif;\">M\u00d3DEM<\/span>\n<\/p>\n<\/li>\n<li class=\"MsoNormal\" style=\"margin:0rem 0px 10px;padding:0px 0px 0px 20px;color:#54585a;font-size:16px;\"><span style=\"font-family:'Myriad Pro', sans-serif;\">ROUTERS<\/span>\n<\/p>\n<\/li>\n<\/ul>\n<p style=\"margin:0px 0px 1rem;padding:0px;\"><span style=\"font-size:10.5pt;font-family:'Myriad Pro', sans-serif;color:#212529;\">EL PROTECTOR DE SOBRETENSI\u00d3N PARA EL HOGAR Y LA OFICINA RESGUARDA ELECTRODOM\u00c9STICOS, EQUIPOS AUDIOVISUALES Y ELECTR\u00d3NICOS DELICADOS CONTRA EL EFECTO NOCIVO DE SOBRECARGAS Y SUBIDAS REPENTINAS DE TENSI\u00d3N ASOCIADAS CON EL SUMINISTRO. LA SERIE SP COMBINA EL USO EFICIENTE DE LA ENERG\u00cdA CON LA MEJOR CLASIFICACI\u00d3N DE PROTECCI\u00d3N EN SU CATEGOR\u00cdA.EL DISE\u00d1O \u00daNICO DE LOS TOMACORRIENTES EN SUS SEIS CONFIGURACIONES DISTINTAS RESULTA MUY PR\u00c1CTICO Y VERS\u00c1TIL. PERMITE ACOMODAR ADAPTADORES DE CORRIENTE VOLUMINOSOS CON TODA FACILIDAD<\/span><\/p><\/p>\n","protected":false},"excerpt":{"rendered":"<p>FSP-06MN CAPACIDAD 1800W VOLTAGE 110V\/220V<br \/>\n6 CONECTORES\u00a0<\/p>\n","protected":false},"featured_media":10377,"comment_status":"open","ping_status":"closed","template":"","meta":{"_joinchat":[]},"product_brand":[18],"product_cat":[82,91],"product_tag":[],"class_list":{"0":"post-10376","1":"product","2":"type-product","3":"status-publish","4":"has-post-thumbnail","6":"product_brand-sin-especificar","7":"product_cat-computacion","8":"product_cat-proteccion-electrica","10":"first","11":"instock","12":"taxable","13":"shipping-taxable","14":"purchasable","15":"product-type-simple"},"yoast_head":"<!-- This site is optimized with the Yoast SEO plugin v27.5 - https:\/\/yoast.com\/product\/yoast-seo-wordpress\/ -->\n<title>REGLETA FORZA 6 SALIDAS<\/title>\n<meta name=\"description\" content=\"Tipo de Soluci\u00f3n Residencial Punto de venta Educaci\u00f3n Aplicaciones Computadoras y accesorios Monitores Electr\u00f3nicos personales  Tel\u00e9fonos...\" \/>\n<meta name=\"robots\" content=\"index, follow, max-snippet:-1, max-image-preview:large, max-video-preview:-1\" \/>\n<link rel=\"canonical\" href=\"https:\/\/gdcomputadoras.com\/wp\/product\/protector-de-picos-forza\/\" \/>\n<meta property=\"og:locale\" content=\"es_ES\" \/>\n<meta property=\"og:type\" content=\"article\" \/>\n<meta property=\"og:title\" content=\"REGLETA FORZA 6 SALIDAS\" \/>\n<meta property=\"og:description\" content=\"Tipo de Soluci\u00f3n Residencial Punto de venta Educaci\u00f3n Aplicaciones Computadoras y accesorios Monitores Electr\u00f3nicos personales  Tel\u00e9fonos...\" \/>\n<meta property=\"og:url\" content=\"https:\/\/gdcomputadoras.com\/wp\/product\/protector-de-picos-forza\/\" \/>\n<meta property=\"og:site_name\" content=\"Gd computadoras\" \/>\n<meta property=\"article:publisher\" content=\"https:\/\/www.facebook.com\/gd.costarica.21\" \/>\n<meta property=\"article:modified_time\" content=\"2025-06-10T11:07:27+00:00\" \/>\n<meta property=\"og:image\" content=\"https:\/\/gdcomputadoras.com\/wp\/wp-content\/uploads\/2025\/06\/780.jpg\" \/>\n\t<meta property=\"og:image:width\" content=\"800\" \/>\n\t<meta property=\"og:image:height\" content=\"800\" \/>\n\t<meta property=\"og:image:type\" content=\"image\/jpeg\" \/>\n<meta name=\"twitter:card\" content=\"summary_large_image\" \/>\n<meta name=\"twitter:label1\" content=\"Est. reading time\" \/>\n\t<meta name=\"twitter:data1\" content=\"1 minuto\" \/>\n<script type=\"application\/ld+json\" class=\"yoast-schema-graph\">{\"@context\":\"https:\\\/\\\/schema.org\",\"@graph\":[{\"@type\":\"WebPage\",\"@id\":\"https:\\\/\\\/gdcomputadoras.com\\\/wp\\\/product\\\/protector-de-picos-forza\\\/\",\"url\":\"https:\\\/\\\/gdcomputadoras.com\\\/wp\\\/product\\\/protector-de-picos-forza\\\/\",\"name\":\"REGLETA FORZA 6 SALIDAS\",\"isPartOf\":{\"@id\":\"https:\\\/\\\/gdcomputadoras.com\\\/wp\\\/#website\"},\"primaryImageOfPage\":{\"@id\":\"https:\\\/\\\/gdcomputadoras.com\\\/wp\\\/product\\\/protector-de-picos-forza\\\/#primaryimage\"},\"image\":{\"@id\":\"https:\\\/\\\/gdcomputadoras.com\\\/wp\\\/product\\\/protector-de-picos-forza\\\/#primaryimage\"},\"thumbnailUrl\":\"https:\\\/\\\/gdcomputadoras.com\\\/wp\\\/wp-content\\\/uploads\\\/2025\\\/06\\\/780.jpg\",\"datePublished\":\"2020-06-03T12:16:37+00:00\",\"dateModified\":\"2025-06-10T11:07:27+00:00\",\"description\":\"Tipo de Soluci\u00f3n Residencial Punto de venta Educaci\u00f3n Aplicaciones Computadoras y accesorios Monitores Electr\u00f3nicos personales Tel\u00e9fonos...\",\"breadcrumb\":{\"@id\":\"https:\\\/\\\/gdcomputadoras.com\\\/wp\\\/product\\\/protector-de-picos-forza\\\/#breadcrumb\"},\"inLanguage\":\"es-CR\",\"potentialAction\":[{\"@type\":\"ReadAction\",\"target\":[\"https:\\\/\\\/gdcomputadoras.com\\\/wp\\\/product\\\/protector-de-picos-forza\\\/\"]}]},{\"@type\":\"ImageObject\",\"inLanguage\":\"es-CR\",\"@id\":\"https:\\\/\\\/gdcomputadoras.com\\\/wp\\\/product\\\/protector-de-picos-forza\\\/#primaryimage\",\"url\":\"https:\\\/\\\/gdcomputadoras.com\\\/wp\\\/wp-content\\\/uploads\\\/2025\\\/06\\\/780.jpg\",\"contentUrl\":\"https:\\\/\\\/gdcomputadoras.com\\\/wp\\\/wp-content\\\/uploads\\\/2025\\\/06\\\/780.jpg\",\"width\":800,\"height\":800,\"caption\":\"REGLETA FORZA 6 SALIDAS 3\"},{\"@type\":\"BreadcrumbList\",\"@id\":\"https:\\\/\\\/gdcomputadoras.com\\\/wp\\\/product\\\/protector-de-picos-forza\\\/#breadcrumb\",\"itemListElement\":[{\"@type\":\"ListItem\",\"position\":1,\"name\":\"Portada\",\"item\":\"https:\\\/\\\/gdcomputadoras.com\\\/wp\\\/\"},{\"@type\":\"ListItem\",\"position\":2,\"name\":\"Tienda\",\"item\":\"https:\\\/\\\/gdcomputadoras.com\\\/wp\\\/shop\\\/\"},{\"@type\":\"ListItem\",\"position\":3,\"name\":\"PROTECTOR DE PICOS FORZA\"}]},{\"@type\":\"WebSite\",\"@id\":\"https:\\\/\\\/gdcomputadoras.com\\\/wp\\\/#website\",\"url\":\"https:\\\/\\\/gdcomputadoras.com\\\/wp\\\/\",\"name\":\"Gd computadoras\",\"description\":\"Gd\",\"publisher\":{\"@id\":\"https:\\\/\\\/gdcomputadoras.com\\\/wp\\\/#organization\"},\"alternateName\":\"GD\",\"potentialAction\":[{\"@type\":\"SearchAction\",\"target\":{\"@type\":\"EntryPoint\",\"urlTemplate\":\"https:\\\/\\\/gdcomputadoras.com\\\/wp\\\/?s={search_term_string}\"},\"query-input\":{\"@type\":\"PropertyValueSpecification\",\"valueRequired\":true,\"valueName\":\"search_term_string\"}}],\"inLanguage\":\"es-CR\"},{\"@type\":\"Organization\",\"@id\":\"https:\\\/\\\/gdcomputadoras.com\\\/wp\\\/#organization\",\"name\":\"Gd computadoras\",\"url\":\"https:\\\/\\\/gdcomputadoras.com\\\/wp\\\/\",\"logo\":{\"@type\":\"ImageObject\",\"inLanguage\":\"es-CR\",\"@id\":\"https:\\\/\\\/gdcomputadoras.com\\\/wp\\\/#\\\/schema\\\/logo\\\/image\\\/\",\"url\":\"https:\\\/\\\/gdcomputadoras.com\\\/wp\\\/wp-content\\\/uploads\\\/2025\\\/06\\\/logo.png\",\"contentUrl\":\"https:\\\/\\\/gdcomputadoras.com\\\/wp\\\/wp-content\\\/uploads\\\/2025\\\/06\\\/logo.png\",\"width\":200,\"height\":200,\"caption\":\"Gd computadoras\"},\"image\":{\"@id\":\"https:\\\/\\\/gdcomputadoras.com\\\/wp\\\/#\\\/schema\\\/logo\\\/image\\\/\"},\"sameAs\":[\"https:\\\/\\\/www.facebook.com\\\/gd.costarica.21\",\"https:\\\/\\\/www.instagram.com\\\/gdcomputadoras\",\"https:\\\/\\\/www.youtube.com\\\/@GDCOMPUTADORAS\"]}]}<\/script>\n<!-- \/ Yoast SEO plugin. -->","yoast_head_json":{"title":"REGLETA FORZA 6 SALIDAS","description":"Tipo de Soluci\u00f3n Residencial Punto de venta Educaci\u00f3n Aplicaciones Computadoras y accesorios Monitores Electr\u00f3nicos personales  Tel\u00e9fonos...","robots":{"index":"index","follow":"follow","max-snippet":"max-snippet:-1","max-image-preview":"max-image-preview:large","max-video-preview":"max-video-preview:-1"},"canonical":"https:\/\/gdcomputadoras.com\/wp\/product\/protector-de-picos-forza\/","og_locale":"es_ES","og_type":"article","og_title":"REGLETA FORZA 6 SALIDAS","og_description":"Tipo de Soluci\u00f3n Residencial Punto de venta Educaci\u00f3n Aplicaciones Computadoras y accesorios Monitores Electr\u00f3nicos personales  Tel\u00e9fonos...","og_url":"https:\/\/gdcomputadoras.com\/wp\/product\/protector-de-picos-forza\/","og_site_name":"Gd computadoras","article_publisher":"https:\/\/www.facebook.com\/gd.costarica.21","article_modified_time":"2025-06-10T11:07:27+00:00","og_image":[{"width":800,"height":800,"url":"https:\/\/gdcomputadoras.com\/wp\/wp-content\/uploads\/2025\/06\/780.jpg","type":"image\/jpeg"}],"twitter_card":"summary_large_image","twitter_misc":{"Est. reading time":"1 minuto"},"schema":{"@context":"https:\/\/schema.org","@graph":[{"@type":"WebPage","@id":"https:\/\/gdcomputadoras.com\/wp\/product\/protector-de-picos-forza\/","url":"https:\/\/gdcomputadoras.com\/wp\/product\/protector-de-picos-forza\/","name":"REGLETA FORZA 6 SALIDAS","isPartOf":{"@id":"https:\/\/gdcomputadoras.com\/wp\/#website"},"primaryImageOfPage":{"@id":"https:\/\/gdcomputadoras.com\/wp\/product\/protector-de-picos-forza\/#primaryimage"},"image":{"@id":"https:\/\/gdcomputadoras.com\/wp\/product\/protector-de-picos-forza\/#primaryimage"},"thumbnailUrl":"https:\/\/gdcomputadoras.com\/wp\/wp-content\/uploads\/2025\/06\/780.jpg","datePublished":"2020-06-03T12:16:37+00:00","dateModified":"2025-06-10T11:07:27+00:00","description":"Tipo de Soluci\u00f3n Residencial Punto de venta Educaci\u00f3n Aplicaciones Computadoras y accesorios Monitores Electr\u00f3nicos personales Tel\u00e9fonos...","breadcrumb":{"@id":"https:\/\/gdcomputadoras.com\/wp\/product\/protector-de-picos-forza\/#breadcrumb"},"inLanguage":"es-CR","potentialAction":[{"@type":"ReadAction","target":["https:\/\/gdcomputadoras.com\/wp\/product\/protector-de-picos-forza\/"]}]},{"@type":"ImageObject","inLanguage":"es-CR","@id":"https:\/\/gdcomputadoras.com\/wp\/product\/protector-de-picos-forza\/#primaryimage","url":"https:\/\/gdcomputadoras.com\/wp\/wp-content\/uploads\/2025\/06\/780.jpg","contentUrl":"https:\/\/gdcomputadoras.com\/wp\/wp-content\/uploads\/2025\/06\/780.jpg","width":800,"height":800,"caption":"REGLETA FORZA 6 SALIDAS 3"},{"@type":"BreadcrumbList","@id":"https:\/\/gdcomputadoras.com\/wp\/product\/protector-de-picos-forza\/#breadcrumb","itemListElement":[{"@type":"ListItem","position":1,"name":"Portada","item":"https:\/\/gdcomputadoras.com\/wp\/"},{"@type":"ListItem","position":2,"name":"Tienda","item":"https:\/\/gdcomputadoras.com\/wp\/shop\/"},{"@type":"ListItem","position":3,"name":"PROTECTOR DE PICOS FORZA"}]},{"@type":"WebSite","@id":"https:\/\/gdcomputadoras.com\/wp\/#website","url":"https:\/\/gdcomputadoras.com\/wp\/","name":"Gd computadoras","description":"Gd","publisher":{"@id":"https:\/\/gdcomputadoras.com\/wp\/#organization"},"alternateName":"GD","potentialAction":[{"@type":"SearchAction","target":{"@type":"EntryPoint","urlTemplate":"https:\/\/gdcomputadoras.com\/wp\/?s={search_term_string}"},"query-input":{"@type":"PropertyValueSpecification","valueRequired":true,"valueName":"search_term_string"}}],"inLanguage":"es-CR"},{"@type":"Organization","@id":"https:\/\/gdcomputadoras.com\/wp\/#organization","name":"Gd computadoras","url":"https:\/\/gdcomputadoras.com\/wp\/","logo":{"@type":"ImageObject","inLanguage":"es-CR","@id":"https:\/\/gdcomputadoras.com\/wp\/#\/schema\/logo\/image\/","url":"https:\/\/gdcomputadoras.com\/wp\/wp-content\/uploads\/2025\/06\/logo.png","contentUrl":"https:\/\/gdcomputadoras.com\/wp\/wp-content\/uploads\/2025\/06\/logo.png","width":200,"height":200,"caption":"Gd computadoras"},"image":{"@id":"https:\/\/gdcomputadoras.com\/wp\/#\/schema\/logo\/image\/"},"sameAs":["https:\/\/www.facebook.com\/gd.costarica.21","https:\/\/www.instagram.com\/gdcomputadoras","https:\/\/www.youtube.com\/@GDCOMPUTADORAS"]}]}},"_links":{"self":[{"href":"https:\/\/gdcomputadoras.com\/wp\/wp-json\/wp\/v2\/product\/10376","targetHints":{"allow":["GET"]}}],"collection":[{"href":"https:\/\/gdcomputadoras.com\/wp\/wp-json\/wp\/v2\/product"}],"about":[{"href":"https:\/\/gdcomputadoras.com\/wp\/wp-json\/wp\/v2\/types\/product"}],"replies":[{"embeddable":true,"href":"https:\/\/gdcomputadoras.com\/wp\/wp-json\/wp\/v2\/comments?post=10376"}],"version-history":[{"count":0,"href":"https:\/\/gdcomputadoras.com\/wp\/wp-json\/wp\/v2\/product\/10376\/revisions"}],"wp:featuredmedia":[{"embeddable":true,"href":"https:\/\/gdcomputadoras.com\/wp\/wp-json\/wp\/v2\/media\/10377"}],"wp:attachment":[{"href":"https:\/\/gdcomputadoras.com\/wp\/wp-json\/wp\/v2\/media?parent=10376"}],"wp:term":[{"taxonomy":"product_brand","embeddable":true,"href":"https:\/\/gdcomputadoras.com\/wp\/wp-json\/wp\/v2\/product_brand?post=10376"},{"taxonomy":"product_cat","embeddable":true,"href":"https:\/\/gdcomputadoras.com\/wp\/wp-json\/wp\/v2\/product_cat?post=10376"},{"taxonomy":"product_tag","embeddable":true,"href":"https:\/\/gdcomputadoras.com\/wp\/wp-json\/wp\/v2\/product_tag?post=10376"}],"curies":[{"name":"wp","href":"https:\/\/api.w.org\/{rel}","templated":true}]}}