{"id":10492,"date":"2020-06-08T11:41:17","date_gmt":"2020-06-08T11:41:17","guid":{"rendered":"https:\/\/gdcomputadoras.com\/wp\/?product=soporte-de-retrovisor"},"modified":"2026-05-09T16:56:27","modified_gmt":"2026-05-09T22:56:27","slug":"soporte-de-retrovisor","status":"publish","type":"product","link":"https:\/\/gdcomputadoras.com\/wp\/product\/soporte-de-retrovisor\/","title":{"rendered":"Soporte de retrovisor"},"content":{"rendered":"<ul class=\"a-unordered-list a-vertical a-spacing-mini\" style=\"margin:0px 0px 0px 18px;color:#111111;padding:0px;font-family:'Amazon Ember', Arial, sans-serif;font-size:13px;background-color:#ffffff;\">\n<li style=\"list-style:disc;margin:0px;\"><span class=\"a-list-item\">F\u00e1cil instalaci\u00f3n: se sujeta firmemente sobre cualquier espejo<\/span><\/li>\n<li style=\"list-style:disc;margin:0px;\"><span class=\"a-list-item\">o retrovisor de coche sin necesidad de herramientas. La abrazadera est\u00e1 firmemente atornillada al espejo retrovisor del coche su dise\u00f1o ajustable se adapta a diferentes tama\u00f1os de espejos.<\/span><\/li>\n<li style=\"list-style:disc;margin:0px;\"><span class=\"a-list-item\">Flexibilidad: giratorio de 240 grados para un ajuste \u00f3ptimo. Soporte de espejo retrovisor para coche para espejos retrovisores de 2.1&#8243; a\u00a0 3.15&#8243; de ancho y de 0.6&#8243; a 1.77&#8243; pulgadas de espesor y se adapta a 1.9 3.7 pulgadas de ancho de equipo.<\/span><\/li>\n<li style=\"list-style:disc;margin:0px;\"><span class=\"a-list-item\">Calidad: material ABS de alta calidad superficie antideslizante que mantiene tu tel\u00e9fono de forma constante. Cuello de ganso extra firme que absorbe la vibraci\u00f3n proporcionando un entorno de visualizaci\u00f3n estable. Mantiene tu tel\u00e9fono firmemente.<\/span><\/li>\n<li style=\"list-style:disc;margin:0px;\"><span class=\"a-list-item\">\u00a01 MES DE GARANT\u00cdA\u00a0<\/span><\/li>\n<\/ul>\n","protected":false},"excerpt":{"rendered":"<p>Soporte de espejo de carro para celulares y GPS<\/p>\n","protected":false},"featured_media":10493,"comment_status":"open","ping_status":"closed","template":"","meta":{"_joinchat":[]},"product_brand":[18],"product_cat":[133],"product_tag":[],"class_list":{"0":"post-10492","1":"product","2":"type-product","3":"status-publish","4":"has-post-thumbnail","6":"product_brand-sin-especificar","7":"product_cat-accesorios-de-carro","9":"first","10":"instock","11":"taxable","12":"shipping-taxable","13":"purchasable","14":"product-type-simple"},"_links":{"self":[{"href":"https:\/\/gdcomputadoras.com\/wp\/wp-json\/wp\/v2\/product\/10492","targetHints":{"allow":["GET"]}}],"collection":[{"href":"https:\/\/gdcomputadoras.com\/wp\/wp-json\/wp\/v2\/product"}],"about":[{"href":"https:\/\/gdcomputadoras.com\/wp\/wp-json\/wp\/v2\/types\/product"}],"replies":[{"embeddable":true,"href":"https:\/\/gdcomputadoras.com\/wp\/wp-json\/wp\/v2\/comments?post=10492"}],"version-history":[{"count":0,"href":"https:\/\/gdcomputadoras.com\/wp\/wp-json\/wp\/v2\/product\/10492\/revisions"}],"wp:featuredmedia":[{"embeddable":true,"href":"https:\/\/gdcomputadoras.com\/wp\/wp-json\/wp\/v2\/media\/10493"}],"wp:attachment":[{"href":"https:\/\/gdcomputadoras.com\/wp\/wp-json\/wp\/v2\/media?parent=10492"}],"wp:term":[{"taxonomy":"product_brand","embeddable":true,"href":"https:\/\/gdcomputadoras.com\/wp\/wp-json\/wp\/v2\/product_brand?post=10492"},{"taxonomy":"product_cat","embeddable":true,"href":"https:\/\/gdcomputadoras.com\/wp\/wp-json\/wp\/v2\/product_cat?post=10492"},{"taxonomy":"product_tag","embeddable":true,"href":"https:\/\/gdcomputadoras.com\/wp\/wp-json\/wp\/v2\/product_tag?post=10492"}],"curies":[{"name":"wp","href":"https:\/\/api.w.org\/{rel}","templated":true}]}}