{"id":10494,"date":"2020-06-08T11:54:30","date_gmt":"2020-06-08T11:54:30","guid":{"rendered":"https:\/\/gdcomputadoras.com\/wp\/?product=car-holder-borofone"},"modified":"2026-05-09T16:56:27","modified_gmt":"2026-05-09T22:56:27","slug":"car-holder-borofone","status":"publish","type":"product","link":"https:\/\/gdcomputadoras.com\/wp\/product\/car-holder-borofone\/","title":{"rendered":"CAR HOLDER BOROFONE"},"content":{"rendered":"<p>Especificaciones:<\/p>\n<p>Soporte de coche BH9 Gravity<\/p>\n<p>Material: ABS<\/p>\n<p>T0ama\u00f1o: 11 * 8 cm<\/p>\n<p>Peso neto: 20.7g<\/p>\n<p>aplicable: salida de aire<\/p>\n<p>caracteristicas:<\/p>\n<p>Permitir que manos libres con su tel\u00e9fono para conducir con seguridad.<\/p>\n<p>F\u00e1cil montaje de ventilaci\u00f3n de aire r\u00e1pido y conveniente.<\/p>\n<p>El tama\u00f1o compacto y peque\u00f1o no bloquear\u00e1 su l\u00ednea de visi\u00f3n para una conducci\u00f3n segura.<\/p>\n<p>Dise\u00f1o de gravedad este soporte para tel\u00e9fono puede bloquear o liberar su tel\u00e9fono autom\u00e1ticamente debido al enlace de gravedad.<\/p>\n<p>1 MES DE GARANTIA\u00a0<\/p>\n","protected":false},"excerpt":{"rendered":"<p>SOPORTE DE TELEFONOS EN SALIDA AC<\/p>\n","protected":false},"featured_media":10495,"comment_status":"open","ping_status":"closed","template":"","meta":{"_joinchat":[]},"product_brand":[18],"product_cat":[1315],"product_tag":[],"class_list":{"0":"post-10494","1":"product","2":"type-product","3":"status-publish","4":"has-post-thumbnail","6":"product_brand-sin-especificar","7":"product_cat-sin-categorizar","9":"first","10":"instock","11":"taxable","12":"shipping-taxable","13":"purchasable","14":"product-type-simple"},"_links":{"self":[{"href":"https:\/\/gdcomputadoras.com\/wp\/wp-json\/wp\/v2\/product\/10494","targetHints":{"allow":["GET"]}}],"collection":[{"href":"https:\/\/gdcomputadoras.com\/wp\/wp-json\/wp\/v2\/product"}],"about":[{"href":"https:\/\/gdcomputadoras.com\/wp\/wp-json\/wp\/v2\/types\/product"}],"replies":[{"embeddable":true,"href":"https:\/\/gdcomputadoras.com\/wp\/wp-json\/wp\/v2\/comments?post=10494"}],"version-history":[{"count":0,"href":"https:\/\/gdcomputadoras.com\/wp\/wp-json\/wp\/v2\/product\/10494\/revisions"}],"wp:featuredmedia":[{"embeddable":true,"href":"https:\/\/gdcomputadoras.com\/wp\/wp-json\/wp\/v2\/media\/10495"}],"wp:attachment":[{"href":"https:\/\/gdcomputadoras.com\/wp\/wp-json\/wp\/v2\/media?parent=10494"}],"wp:term":[{"taxonomy":"product_brand","embeddable":true,"href":"https:\/\/gdcomputadoras.com\/wp\/wp-json\/wp\/v2\/product_brand?post=10494"},{"taxonomy":"product_cat","embeddable":true,"href":"https:\/\/gdcomputadoras.com\/wp\/wp-json\/wp\/v2\/product_cat?post=10494"},{"taxonomy":"product_tag","embeddable":true,"href":"https:\/\/gdcomputadoras.com\/wp\/wp-json\/wp\/v2\/product_tag?post=10494"}],"curies":[{"name":"wp","href":"https:\/\/api.w.org\/{rel}","templated":true}]}}