{"id":10889,"date":"2020-06-24T14:59:49","date_gmt":"2020-06-24T14:59:49","guid":{"rendered":"https:\/\/gdcomputadoras.com\/wp\/?product=router-tp-link-archer-c60"},"modified":"2025-06-09T16:42:42","modified_gmt":"2025-06-09T16:42:42","slug":"router-tp-link-archer-c60","status":"publish","type":"product","link":"https:\/\/gdcomputadoras.com\/wp\/product\/router-tp-link-archer-c60\/","title":{"rendered":"Router TP-LINK Archer C60"},"content":{"rendered":"<h2 style=\"margin-top:0cm;line-height:43.5pt;background:#F7F7F7;\"><b><span style=\"font-size:14pt;font-family:Arial, sans-serif;color:#32343a;\">EL NUEVO EST\u00c1NDAR WI-FI PARA UNA EXPERIENCIA ONLINE AVANZADA<\/span><\/b><span style=\"font-size:14pt;font-family:Arial, sans-serif;color:#32343a;\"><\/span><\/h2>\n<\/p>\n<p style=\"margin:0px;padding:0px;font-size:18px;line-height:28px;color:#32343a;font-family:MyriadProLight, Arial, Helvetica, sans-serif;background-color:#f7f7f7;\"><span style=\"font-size:14pt;font-family:Arial, sans-serif;color:#32343a;\">EL ARCHER C60 INCORPORA EL ULTIMO ESTANDAR INALAMBRICO 802.11AC ESTE AVANZADO WI-FI ESTA DISE\u00d1ADO PARA ACTIVIDADES ONLINE DE ALTO TRAFICO Y LLEGANDO A CONSEGUIR QUE LAS APLICACIONES FUNCIONEN ALTRIPLE DE VELOCIDAD QUE CON EL ANTERIOR ESTANDAR 802.11N EL RESULTADO: WI-FI MAS RAPIDO MAS FUERTE Y MAS CAPAS DE DAR RIENDA A TODOS TUS DISPOSITIVOS INALAMBRICOS\u00a0<\/span><\/p>\n<\/p>\n<p style=\"margin:0px;padding:0px;font-size:18px;line-height:28px;color:#32343a;font-family:MyriadProLight, Arial, Helvetica, sans-serif;background-color:#f7f7f7;\"><span style=\"font-size:14pt;font-family:Arial, sans-serif;color:#32343a;\">\u00a0<\/span><\/p>\n<\/p>\n<h2 style=\"margin:0px;padding:0px 0px 20px;font-size:48px;font-weight:400;line-height:58px;color:#32343a;font-family:MyriadProLight, Arial, Helvetica, sans-serif;background-color:#ffffff;\"><b><span style=\"font-size:14pt;font-family:Arial, sans-serif;color:#32343a;\">WI-FI DOBLE BANDA R\u00c1PIDO Y SIMULT\u00c1NEO<\/span><\/b><span style=\"font-size:14pt;font-family:Arial, sans-serif;color:#32343a;\"><\/span><\/h2>\n<\/p>\n<p style=\"margin:0px;padding:0px;font-size:18px;line-height:28px;color:#32343a;font-family:MyriadProLight, Arial, Helvetica, sans-serif;background-color:#ffffff;\"><span style=\"font-size:14pt;font-family:Arial, sans-serif;color:#32343a;\">EL ARCHER C60 PROPORCIONA CONEXIONES WI-FI DE DOBLE BANDA SIMULT\u00c1NEAMENTE.<br \/> BANDA DE 2.4GHZ: MIMO 3X3 WI-FI R\u00c1PIDO Y ESTABLE CON VELOCIDADES DE HASTA 450MBPS, IDEAL PARA ACCIONES COMO ENV\u00cdO DE EMAILS, NAVEGACI\u00d3N WEB O REPRODUCCI\u00d3N DE M\u00daSICA.<br \/> BANDA DE 5GHZ: WI-FI DE HASTA 867MBPS PARA ACTIVIDADES QUE DEMANDEN BAJA LATENCIA PUEDES HACER STREAMING DE V\u00cdDEO HD JUGAR ONLINE Y V\u00cdDEO CHATS AL MISMO TIEMPO SIN RETRASOS.<\/span><\/p>\n<\/p>\n<p class=\"MsoNormal\" style=\"background:#FFFFFF;\"><span style=\"font-size:14pt;line-height:107%;font-family:Arial, sans-serif;color:#32343a;\"><br \/> <\/span><span class=\"blue\"><span style=\"font-size:14pt;line-height:107%;font-family:Arial, sans-serif;color:#00b7ff;\">867MBPS<\/span><\/span><span style=\"font-size:14pt;line-height:107%;font-family:Arial, sans-serif;color:#32343a;\">\u00a0<\/span><span class=\"green\"><span style=\"font-size:14pt;line-height:107%;font-family:Arial, sans-serif;color:#20d520;\">450MBPS<\/span><\/span><span style=\"font-size:14pt;line-height:107%;font-family:Arial, sans-serif;color:#32343a;\"><br \/> 5GHZ\u00a02.4GHZ<\/span><\/p><\/p>\n","protected":false},"excerpt":{"rendered":"<p>Doble Banda 2.4GHz-450Mbps Y 5GHz 867Mbps<\/p>\n","protected":false},"featured_media":10890,"comment_status":"open","ping_status":"closed","template":"","meta":{"_joinchat":[]},"product_brand":[43],"product_cat":[86,103],"product_tag":[345,346,156,157],"class_list":{"0":"post-10889","1":"product","2":"type-product","3":"status-publish","4":"has-post-thumbnail","6":"product_brand-tp-link","7":"product_cat-redes","8":"product_cat-routers","9":"product_tag-router","10":"product_tag-router-doble-banda","11":"product_tag-router-tp-link","12":"product_tag-tp-link","14":"first","15":"instock","16":"taxable","17":"shipping-taxable","18":"purchasable","19":"product-type-simple"},"yoast_head":"<!-- This site is optimized with the Yoast SEO plugin v27.4 - https:\/\/yoast.com\/product\/yoast-seo-wordpress\/ -->\n<title>Router TP-LINK Archer C60: Doble Banda<\/title>\n<meta name=\"description\" content=\"Doble Banda 2.4GHz-450Mbps Y 5GHz 867Mbps\" \/>\n<meta name=\"robots\" content=\"index, follow, max-snippet:-1, max-image-preview:large, max-video-preview:-1\" \/>\n<link rel=\"canonical\" href=\"https:\/\/gdcomputadoras.com\/wp\/product\/router-tp-link-archer-c60\/\" \/>\n<meta property=\"og:locale\" content=\"es_ES\" \/>\n<meta property=\"og:type\" content=\"article\" \/>\n<meta property=\"og:title\" content=\"Router TP-LINK Archer C60: Doble Banda\" \/>\n<meta property=\"og:description\" content=\"Doble Banda 2.4GHz-450Mbps Y 5GHz 867Mbps\" \/>\n<meta property=\"og:url\" content=\"https:\/\/gdcomputadoras.com\/wp\/product\/router-tp-link-archer-c60\/\" \/>\n<meta property=\"og:site_name\" content=\"Gd computadoras\" \/>\n<meta property=\"article:publisher\" content=\"https:\/\/www.facebook.com\/gd.costarica.21\" \/>\n<meta property=\"article:modified_time\" content=\"2025-06-09T16:42:42+00:00\" \/>\n<meta property=\"og:image\" content=\"https:\/\/gdcomputadoras.com\/wp\/wp-content\/uploads\/2025\/06\/1640.jpg\" \/>\n\t<meta property=\"og:image:width\" content=\"800\" \/>\n\t<meta property=\"og:image:height\" content=\"800\" \/>\n\t<meta property=\"og:image:type\" content=\"image\/jpeg\" \/>\n<meta name=\"twitter:card\" content=\"summary_large_image\" \/>\n<meta name=\"twitter:label1\" content=\"Est. reading time\" \/>\n\t<meta name=\"twitter:data1\" content=\"1 minuto\" \/>\n<script type=\"application\/ld+json\" class=\"yoast-schema-graph\">{\"@context\":\"https:\\\/\\\/schema.org\",\"@graph\":[{\"@type\":\"WebPage\",\"@id\":\"https:\\\/\\\/gdcomputadoras.com\\\/wp\\\/product\\\/router-tp-link-archer-c60\\\/\",\"url\":\"https:\\\/\\\/gdcomputadoras.com\\\/wp\\\/product\\\/router-tp-link-archer-c60\\\/\",\"name\":\"Router TP-LINK Archer C60: Doble Banda\",\"isPartOf\":{\"@id\":\"https:\\\/\\\/gdcomputadoras.com\\\/wp\\\/#website\"},\"primaryImageOfPage\":{\"@id\":\"https:\\\/\\\/gdcomputadoras.com\\\/wp\\\/product\\\/router-tp-link-archer-c60\\\/#primaryimage\"},\"image\":{\"@id\":\"https:\\\/\\\/gdcomputadoras.com\\\/wp\\\/product\\\/router-tp-link-archer-c60\\\/#primaryimage\"},\"thumbnailUrl\":\"https:\\\/\\\/gdcomputadoras.com\\\/wp\\\/wp-content\\\/uploads\\\/2025\\\/06\\\/1640.jpg\",\"datePublished\":\"2020-06-24T14:59:49+00:00\",\"dateModified\":\"2025-06-09T16:42:42+00:00\",\"description\":\"Doble Banda 2.4GHz-450Mbps Y 5GHz 867Mbps\",\"breadcrumb\":{\"@id\":\"https:\\\/\\\/gdcomputadoras.com\\\/wp\\\/product\\\/router-tp-link-archer-c60\\\/#breadcrumb\"},\"inLanguage\":\"es-CR\",\"potentialAction\":[{\"@type\":\"ReadAction\",\"target\":[\"https:\\\/\\\/gdcomputadoras.com\\\/wp\\\/product\\\/router-tp-link-archer-c60\\\/\"]}]},{\"@type\":\"ImageObject\",\"inLanguage\":\"es-CR\",\"@id\":\"https:\\\/\\\/gdcomputadoras.com\\\/wp\\\/product\\\/router-tp-link-archer-c60\\\/#primaryimage\",\"url\":\"https:\\\/\\\/gdcomputadoras.com\\\/wp\\\/wp-content\\\/uploads\\\/2025\\\/06\\\/1640.jpg\",\"contentUrl\":\"https:\\\/\\\/gdcomputadoras.com\\\/wp\\\/wp-content\\\/uploads\\\/2025\\\/06\\\/1640.jpg\",\"width\":800,\"height\":800},{\"@type\":\"BreadcrumbList\",\"@id\":\"https:\\\/\\\/gdcomputadoras.com\\\/wp\\\/product\\\/router-tp-link-archer-c60\\\/#breadcrumb\",\"itemListElement\":[{\"@type\":\"ListItem\",\"position\":1,\"name\":\"Portada\",\"item\":\"https:\\\/\\\/gdcomputadoras.com\\\/wp\\\/\"},{\"@type\":\"ListItem\",\"position\":2,\"name\":\"Tienda\",\"item\":\"https:\\\/\\\/gdcomputadoras.com\\\/wp\\\/shop\\\/\"},{\"@type\":\"ListItem\",\"position\":3,\"name\":\"Router TP-LINK Archer C60\"}]},{\"@type\":\"WebSite\",\"@id\":\"https:\\\/\\\/gdcomputadoras.com\\\/wp\\\/#website\",\"url\":\"https:\\\/\\\/gdcomputadoras.com\\\/wp\\\/\",\"name\":\"Gd computadoras\",\"description\":\"Gd\",\"publisher\":{\"@id\":\"https:\\\/\\\/gdcomputadoras.com\\\/wp\\\/#organization\"},\"alternateName\":\"GD\",\"potentialAction\":[{\"@type\":\"SearchAction\",\"target\":{\"@type\":\"EntryPoint\",\"urlTemplate\":\"https:\\\/\\\/gdcomputadoras.com\\\/wp\\\/?s={search_term_string}\"},\"query-input\":{\"@type\":\"PropertyValueSpecification\",\"valueRequired\":true,\"valueName\":\"search_term_string\"}}],\"inLanguage\":\"es-CR\"},{\"@type\":\"Organization\",\"@id\":\"https:\\\/\\\/gdcomputadoras.com\\\/wp\\\/#organization\",\"name\":\"Gd computadoras\",\"url\":\"https:\\\/\\\/gdcomputadoras.com\\\/wp\\\/\",\"logo\":{\"@type\":\"ImageObject\",\"inLanguage\":\"es-CR\",\"@id\":\"https:\\\/\\\/gdcomputadoras.com\\\/wp\\\/#\\\/schema\\\/logo\\\/image\\\/\",\"url\":\"https:\\\/\\\/gdcomputadoras.com\\\/wp\\\/wp-content\\\/uploads\\\/2025\\\/06\\\/logo.png\",\"contentUrl\":\"https:\\\/\\\/gdcomputadoras.com\\\/wp\\\/wp-content\\\/uploads\\\/2025\\\/06\\\/logo.png\",\"width\":200,\"height\":200,\"caption\":\"Gd computadoras\"},\"image\":{\"@id\":\"https:\\\/\\\/gdcomputadoras.com\\\/wp\\\/#\\\/schema\\\/logo\\\/image\\\/\"},\"sameAs\":[\"https:\\\/\\\/www.facebook.com\\\/gd.costarica.21\",\"https:\\\/\\\/www.instagram.com\\\/gdcomputadoras\",\"https:\\\/\\\/www.youtube.com\\\/@GDCOMPUTADORAS\"]}]}<\/script>\n<!-- \/ Yoast SEO plugin. -->","yoast_head_json":{"title":"Router TP-LINK Archer C60: Doble Banda","description":"Doble Banda 2.4GHz-450Mbps Y 5GHz 867Mbps","robots":{"index":"index","follow":"follow","max-snippet":"max-snippet:-1","max-image-preview":"max-image-preview:large","max-video-preview":"max-video-preview:-1"},"canonical":"https:\/\/gdcomputadoras.com\/wp\/product\/router-tp-link-archer-c60\/","og_locale":"es_ES","og_type":"article","og_title":"Router TP-LINK Archer C60: Doble Banda","og_description":"Doble Banda 2.4GHz-450Mbps Y 5GHz 867Mbps","og_url":"https:\/\/gdcomputadoras.com\/wp\/product\/router-tp-link-archer-c60\/","og_site_name":"Gd computadoras","article_publisher":"https:\/\/www.facebook.com\/gd.costarica.21","article_modified_time":"2025-06-09T16:42:42+00:00","og_image":[{"width":800,"height":800,"url":"https:\/\/gdcomputadoras.com\/wp\/wp-content\/uploads\/2025\/06\/1640.jpg","type":"image\/jpeg"}],"twitter_card":"summary_large_image","twitter_misc":{"Est. reading time":"1 minuto"},"schema":{"@context":"https:\/\/schema.org","@graph":[{"@type":"WebPage","@id":"https:\/\/gdcomputadoras.com\/wp\/product\/router-tp-link-archer-c60\/","url":"https:\/\/gdcomputadoras.com\/wp\/product\/router-tp-link-archer-c60\/","name":"Router TP-LINK Archer C60: Doble Banda","isPartOf":{"@id":"https:\/\/gdcomputadoras.com\/wp\/#website"},"primaryImageOfPage":{"@id":"https:\/\/gdcomputadoras.com\/wp\/product\/router-tp-link-archer-c60\/#primaryimage"},"image":{"@id":"https:\/\/gdcomputadoras.com\/wp\/product\/router-tp-link-archer-c60\/#primaryimage"},"thumbnailUrl":"https:\/\/gdcomputadoras.com\/wp\/wp-content\/uploads\/2025\/06\/1640.jpg","datePublished":"2020-06-24T14:59:49+00:00","dateModified":"2025-06-09T16:42:42+00:00","description":"Doble Banda 2.4GHz-450Mbps Y 5GHz 867Mbps","breadcrumb":{"@id":"https:\/\/gdcomputadoras.com\/wp\/product\/router-tp-link-archer-c60\/#breadcrumb"},"inLanguage":"es-CR","potentialAction":[{"@type":"ReadAction","target":["https:\/\/gdcomputadoras.com\/wp\/product\/router-tp-link-archer-c60\/"]}]},{"@type":"ImageObject","inLanguage":"es-CR","@id":"https:\/\/gdcomputadoras.com\/wp\/product\/router-tp-link-archer-c60\/#primaryimage","url":"https:\/\/gdcomputadoras.com\/wp\/wp-content\/uploads\/2025\/06\/1640.jpg","contentUrl":"https:\/\/gdcomputadoras.com\/wp\/wp-content\/uploads\/2025\/06\/1640.jpg","width":800,"height":800},{"@type":"BreadcrumbList","@id":"https:\/\/gdcomputadoras.com\/wp\/product\/router-tp-link-archer-c60\/#breadcrumb","itemListElement":[{"@type":"ListItem","position":1,"name":"Portada","item":"https:\/\/gdcomputadoras.com\/wp\/"},{"@type":"ListItem","position":2,"name":"Tienda","item":"https:\/\/gdcomputadoras.com\/wp\/shop\/"},{"@type":"ListItem","position":3,"name":"Router TP-LINK Archer C60"}]},{"@type":"WebSite","@id":"https:\/\/gdcomputadoras.com\/wp\/#website","url":"https:\/\/gdcomputadoras.com\/wp\/","name":"Gd computadoras","description":"Gd","publisher":{"@id":"https:\/\/gdcomputadoras.com\/wp\/#organization"},"alternateName":"GD","potentialAction":[{"@type":"SearchAction","target":{"@type":"EntryPoint","urlTemplate":"https:\/\/gdcomputadoras.com\/wp\/?s={search_term_string}"},"query-input":{"@type":"PropertyValueSpecification","valueRequired":true,"valueName":"search_term_string"}}],"inLanguage":"es-CR"},{"@type":"Organization","@id":"https:\/\/gdcomputadoras.com\/wp\/#organization","name":"Gd computadoras","url":"https:\/\/gdcomputadoras.com\/wp\/","logo":{"@type":"ImageObject","inLanguage":"es-CR","@id":"https:\/\/gdcomputadoras.com\/wp\/#\/schema\/logo\/image\/","url":"https:\/\/gdcomputadoras.com\/wp\/wp-content\/uploads\/2025\/06\/logo.png","contentUrl":"https:\/\/gdcomputadoras.com\/wp\/wp-content\/uploads\/2025\/06\/logo.png","width":200,"height":200,"caption":"Gd computadoras"},"image":{"@id":"https:\/\/gdcomputadoras.com\/wp\/#\/schema\/logo\/image\/"},"sameAs":["https:\/\/www.facebook.com\/gd.costarica.21","https:\/\/www.instagram.com\/gdcomputadoras","https:\/\/www.youtube.com\/@GDCOMPUTADORAS"]}]}},"_links":{"self":[{"href":"https:\/\/gdcomputadoras.com\/wp\/wp-json\/wp\/v2\/product\/10889","targetHints":{"allow":["GET"]}}],"collection":[{"href":"https:\/\/gdcomputadoras.com\/wp\/wp-json\/wp\/v2\/product"}],"about":[{"href":"https:\/\/gdcomputadoras.com\/wp\/wp-json\/wp\/v2\/types\/product"}],"replies":[{"embeddable":true,"href":"https:\/\/gdcomputadoras.com\/wp\/wp-json\/wp\/v2\/comments?post=10889"}],"version-history":[{"count":0,"href":"https:\/\/gdcomputadoras.com\/wp\/wp-json\/wp\/v2\/product\/10889\/revisions"}],"wp:featuredmedia":[{"embeddable":true,"href":"https:\/\/gdcomputadoras.com\/wp\/wp-json\/wp\/v2\/media\/10890"}],"wp:attachment":[{"href":"https:\/\/gdcomputadoras.com\/wp\/wp-json\/wp\/v2\/media?parent=10889"}],"wp:term":[{"taxonomy":"product_brand","embeddable":true,"href":"https:\/\/gdcomputadoras.com\/wp\/wp-json\/wp\/v2\/product_brand?post=10889"},{"taxonomy":"product_cat","embeddable":true,"href":"https:\/\/gdcomputadoras.com\/wp\/wp-json\/wp\/v2\/product_cat?post=10889"},{"taxonomy":"product_tag","embeddable":true,"href":"https:\/\/gdcomputadoras.com\/wp\/wp-json\/wp\/v2\/product_tag?post=10889"}],"curies":[{"name":"wp","href":"https:\/\/api.w.org\/{rel}","templated":true}]}}