{"id":10906,"date":"2020-06-25T12:28:43","date_gmt":"2020-06-25T12:28:43","guid":{"rendered":"https:\/\/gdcomputadoras.com\/wp\/?product=cargador-apple-macbook-air-1749612200"},"modified":"2026-05-09T16:56:31","modified_gmt":"2026-05-09T22:56:31","slug":"cargador-apple-macbook-air-1749612200","status":"publish","type":"product","link":"https:\/\/gdcomputadoras.com\/wp\/product\/cargador-apple-macbook-air-1749612200\/","title":{"rendered":"Cargador Apple MacBook Air"},"content":{"rendered":"<p class=\"MsoNormal\" style=\"margin-bottom:24pt;line-height:normal;vertical-align:baseline;\"><b><span style=\"font-size:18pt;font-family:Verdana, sans-serif;color:#000000;\">CARACTER\u00cdSTICAS<\/span><\/b><\/p>\n<\/p>\n<p class=\"MsoNormal\" style=\"margin:0cm;margin-bottom:0.0001pt;text-indent:-18pt;line-height:normal;vertical-align:baseline;\"><!-- [if !supportLists]--><span style=\"font-size:10pt;font-family:Symbol;color:#000000;\"><span>\u00b7<span style=\"font:7pt 'Times New Roman';\">\u00a0\u00a0\u00a0\u00a0\u00a0\u00a0\u00a0\u00a0 <\/span><\/span><\/span><!--[endif]--><span style=\"font-size:12pt;font-family:Verdana, sans-serif;color:#999999;border:none 1pt;padding:0cm;\">MARCA:\u00a0<\/span><span style=\"font-size:15pt;font-family:Verdana, sans-serif;color:#000000;border:none 1pt;padding:0cm;\">APPLE<\/span><span style=\"font-size:12pt;font-family:Verdana, sans-serif;color:#000000;\"><\/span><\/p>\n<\/p>\n<p class=\"MsoNormal\" style=\"margin:0cm;margin-bottom:0.0001pt;text-indent:-18pt;line-height:normal;vertical-align:baseline;\"><!-- [if !supportLists]--><span style=\"font-size:10pt;font-family:Symbol;color:#000000;\"><span>\u00b7<span style=\"font:7pt 'Times New Roman';\">\u00a0\u00a0\u00a0\u00a0\u00a0\u00a0\u00a0\u00a0 <\/span><\/span><\/span><!--[endif]--><span style=\"font-size:12pt;font-family:Verdana, sans-serif;color:#999999;border:none 1pt;padding:0cm;\">L\u00cdNEA:\u00a0<\/span><span style=\"font-size:15pt;font-family:Verdana, sans-serif;color:#000000;border:none 1pt;padding:0cm;\">MAGSAFE<\/span><span style=\"font-size:12pt;font-family:Verdana, sans-serif;color:#000000;\"><\/span><\/p>\n<\/p>\n<p class=\"MsoNormal\" style=\"margin:0cm;margin-bottom:0.0001pt;text-indent:-18pt;line-height:normal;vertical-align:baseline;\"><!-- [if !supportLists]--><span style=\"font-size:10pt;font-family:Symbol;color:#000000;\"><span>\u00b7<span style=\"font:7pt 'Times New Roman';\">\u00a0\u00a0\u00a0\u00a0\u00a0\u00a0\u00a0\u00a0 <\/span><\/span><\/span><!--[endif]--><span style=\"font-size:12pt;font-family:Verdana, sans-serif;color:#999999;border:none 1pt;padding:0cm;\">MODELO:\u00a0<\/span><span style=\"font-size:15pt;font-family:Verdana, sans-serif;color:#000000;border:none 1pt;padding:0cm;\">MACBOOK AIR<\/span><span style=\"font-size:12pt;font-family:Verdana, sans-serif;color:#000000;\"><\/span><\/p>\n<\/p>\n<p class=\"MsoNormal\" style=\"margin:0cm;margin-bottom:0.0001pt;text-indent:-18pt;line-height:normal;vertical-align:baseline;\"><!-- [if !supportLists]--><span style=\"font-size:10pt;font-family:Symbol;color:#000000;\"><span>\u00b7<span style=\"font:7pt 'Times New Roman';\">\u00a0\u00a0\u00a0\u00a0\u00a0\u00a0\u00a0\u00a0 <\/span><\/span><\/span><!--[endif]--><span style=\"font-size:12pt;font-family:Verdana, sans-serif;color:#999999;border:none 1pt;padding:0cm;\">POTENCIA:\u00a0<\/span><span style=\"font-size:15pt;font-family:Verdana, sans-serif;color:#000000;border:none 1pt;padding:0cm;\">45W<\/span><span style=\"font-size:12pt;font-family:Verdana, sans-serif;color:#000000;\"><\/span><\/p>\n<\/p>\n<p class=\"MsoNormal\" style=\"margin:0cm;margin-bottom:0.0001pt;text-indent:-18pt;line-height:normal;vertical-align:baseline;\"><!-- [if !supportLists]--><span style=\"font-size:10pt;font-family:Symbol;color:#000000;\"><span>\u00b7<span style=\"font:7pt 'Times New Roman';\">\u00a0\u00a0\u00a0\u00a0\u00a0\u00a0\u00a0\u00a0 <\/span><\/span><\/span><!--[endif]--><span style=\"font-size:12pt;font-family:Verdana, sans-serif;color:#000000;border:none 1pt;padding:0cm;\">VOLTAJE DE ENTRADA<\/span><span style=\"font-size:12pt;font-family:Verdana, sans-serif;color:#000000;\">\u00a0<span style=\"border:none 1pt;padding:0cm;\">110V 220V BIVOLT<\/span><\/span><\/p>\n<\/p>\n<p class=\"MsoNormal\" style=\"margin:0cm;margin-bottom:0.0001pt;text-indent:-18pt;line-height:normal;vertical-align:baseline;\"><!-- [if !supportLists]--><span style=\"font-size:10pt;font-family:Symbol;color:#000000;\"><span>\u00b7<span style=\"font:7pt 'Times New Roman';\">\u00a0\u00a0\u00a0\u00a0\u00a0\u00a0\u00a0\u00a0 <\/span><\/span><\/span><!--[endif]--><span style=\"font-size:12pt;font-family:Verdana, sans-serif;color:#000000;border:none 1pt;padding:0cm;\">AMPERAJE DE SALIDA<\/span><span style=\"font-size:12pt;font-family:Verdana, sans-serif;color:#000000;\">\u00a0<span style=\"border:none 1pt;padding:0cm;\">3.05A<\/span><\/span><\/p>\n<\/p>\n<p class=\"MsoNormal\" style=\"margin:0cm;margin-bottom:0.0001pt;text-indent:-18pt;line-height:normal;vertical-align:baseline;\"><!-- [if !supportLists]--><span style=\"font-size:10pt;font-family:Symbol;color:#000000;\"><span>\u00b7<span style=\"font:7pt 'Times New Roman';\">\u00a0 \u00a0\u00a0<\/span><\/span><\/span><\/p>\n<p class=\"MsoNormal\" style=\"margin:0cm;margin-bottom:0.0001pt;text-indent:-18pt;line-height:normal;vertical-align:baseline;\"><!-- [if !supportLists]--><span style=\"font-size:10pt;font-family:Symbol;color:#000000;\"><span>\u00b7<span style=\"font:7pt 'Times New Roman';\">\u00a0 \u00a0 \u00a0 \u00a0<\/span><\/span><\/span><!--[endif]--><span style=\"font-size:12pt;font-family:Verdana, sans-serif;color:#000000;border:none 1pt;padding:0cm;\">VOLTAJE DE SALIDA<\/span><span style=\"font-size:12pt;font-family:Verdana, sans-serif;color:#000000;\">\u00a0<span style=\"border:none 1pt;padding:0cm;\">14.85V<\/span><\/span><\/p>\n<p class=\"MsoNormal\" style=\"margin-bottom:24pt;line-height:normal;vertical-align:baseline;\"><b><span style=\"font-size:18pt;font-family:Verdana, sans-serif;color:#000000;\">DESCRIPCI\u00d3N<\/span><\/b><\/p>\n<p class=\"MsoNormal\" style=\"margin-bottom:0.0001pt;line-height:normal;vertical-align:baseline;\"><span style=\"font-size:15pt;font-family:Verdana, sans-serif;color:#666666;\"> CARGADOR MACBOOK AIR 45W ADAPTADOR DE CORRIENTE CONECTOR ESTILO MAGSAFE 2<br \/> EL ADAPTADOR DE CORRIENTE MAGSAFE 2 DE 45W CUENTA CON UN CONECTOR DE CC MAGN\u00c9TICO, POR LO QUE SI ALGUIEN SE TROPIEZA CON \u00c9L, EL CABLE SE DESCONECTA DE MANERA INOFENSIVA Y SU MACBOOK AIR PERMANECE EN SU LUGAR DE FORMA SEGURA. TAMBI\u00c9N AYUDA A EVITAR EL DESGASTE O EL DEBILITAMIENTO DE LOS CABLES CON EL TIEMPO. ADEM\u00c1S, LA CC MAGN\u00c9TICA AYUDA A GUIAR EL ENCHUFE AL SISTEMA PARA UNA CONEXI\u00d3N R\u00c1PIDA Y SEGURA.<br \/> CUANDO LA CONEXI\u00d3N ES SEGURA, SE ILUMINA UN LED UBICADO EN LA CABEZA DEL CONECTOR DE CC; UNA LUZ \u00c1MBAR LE PERMITE SABER QUE SU COMPUTADORA PORT\u00c1TIL SE EST\u00c1 CARGANDO, MIENTRAS QUE UNA LUZ VERDE LE INDICA QUE TIENE UNA CARGA COMPLETA.<\/p>\n<p> COMPATIBLE CON LOS SIGUIENTES MODELOS DE MACBOOK AIR<\/p>\n<p> MACBOOK AIR 13 PULGADAS 2017<br \/> MACBOOK AIR 11 PULGADAS PRINCIPIOS DE 2015 A1465 EMC 2924<br \/> MACBOOK AIR 13 PULGADAS PRINCIPIOS DE 2015 A1466 EMC 2925<br \/> MACBOOK AIR 11 PULGADAS PRINCIPIOS DE 2014 A1465 EMC 263<br \/> MACBOOK AIR 3 PULGADAS PRINCIPIOS DE 2014 A1466 EMC 2632<br \/> MACBOOK AIR 11 PULGADAS MEDIADOS DE 2013 A1465 EMC 2631<br \/> MACBOOK AIR 13 PULGADAS MEDIADOS DE 2013 A1466 EMC 2632<br \/> MACBOOK AIR 11 PULGADAS MEDIADOS DE 2012 A1465 EMC 2558 A1466 EMC 2559<br \/> MACBOOK AIR 13 PULGADAS MEDIADOS DE 2012 A1465 EMC 2631 A1466 EMC 2632<\/span><\/p><\/p>\n","protected":false},"excerpt":{"rendered":"<p>Cargador Apple MacBook Air 14.85V 3.05A 45W Magsafe 2 T-TYPE\u00a0<\/p>\n","protected":false},"featured_media":10907,"comment_status":"open","ping_status":"closed","template":"","meta":{"_joinchat":[]},"product_brand":[31],"product_cat":[113,82],"product_tag":[293,292,585,290],"class_list":{"0":"post-10906","1":"product","2":"type-product","3":"status-publish","4":"has-post-thumbnail","6":"product_brand-apple-costa-rica","7":"product_cat-cargadores-de-laptops","8":"product_cat-computacion","9":"product_tag-cargador-apple","10":"product_tag-cargador-de-macbook","11":"product_tag-cargador-macbook-costa-rica","12":"product_tag-cargador-magsafe","14":"first","15":"instock","16":"taxable","17":"shipping-taxable","18":"purchasable","19":"product-type-simple"},"_links":{"self":[{"href":"https:\/\/gdcomputadoras.com\/wp\/wp-json\/wp\/v2\/product\/10906","targetHints":{"allow":["GET"]}}],"collection":[{"href":"https:\/\/gdcomputadoras.com\/wp\/wp-json\/wp\/v2\/product"}],"about":[{"href":"https:\/\/gdcomputadoras.com\/wp\/wp-json\/wp\/v2\/types\/product"}],"replies":[{"embeddable":true,"href":"https:\/\/gdcomputadoras.com\/wp\/wp-json\/wp\/v2\/comments?post=10906"}],"version-history":[{"count":0,"href":"https:\/\/gdcomputadoras.com\/wp\/wp-json\/wp\/v2\/product\/10906\/revisions"}],"wp:featuredmedia":[{"embeddable":true,"href":"https:\/\/gdcomputadoras.com\/wp\/wp-json\/wp\/v2\/media\/10907"}],"wp:attachment":[{"href":"https:\/\/gdcomputadoras.com\/wp\/wp-json\/wp\/v2\/media?parent=10906"}],"wp:term":[{"taxonomy":"product_brand","embeddable":true,"href":"https:\/\/gdcomputadoras.com\/wp\/wp-json\/wp\/v2\/product_brand?post=10906"},{"taxonomy":"product_cat","embeddable":true,"href":"https:\/\/gdcomputadoras.com\/wp\/wp-json\/wp\/v2\/product_cat?post=10906"},{"taxonomy":"product_tag","embeddable":true,"href":"https:\/\/gdcomputadoras.com\/wp\/wp-json\/wp\/v2\/product_tag?post=10906"}],"curies":[{"name":"wp","href":"https:\/\/api.w.org\/{rel}","templated":true}]}}