{"id":10923,"date":"2020-06-26T10:36:34","date_gmt":"2020-06-26T10:36:34","guid":{"rendered":"https:\/\/gdcomputadoras.com\/wp\/?product=windows-10-pro"},"modified":"2025-08-06T17:47:05","modified_gmt":"2025-08-06T23:47:05","slug":"windows-10-pro","status":"publish","type":"product","link":"https:\/\/gdcomputadoras.com\/wp\/product\/windows-10-pro\/","title":{"rendered":"Windows 10 Pro"},"content":{"rendered":"<h1>LICENCIA DIGITAL WINDOWS 10 PRO<\/h1>\n<h6 style=\"font-size: 1.375rem; margin: 0px 0px 0.5rem; font-family: Poppins, sans-serif; line-height: 1.1; color: #232323; letter-spacing: 0.5px; background-color: #ffffff;\">COMPRA \u00daNICA DE WINDOWS 10 PRO<\/h6>\n<h6 style=\"margin-top: 0px; margin-bottom: 0.5rem; font-family: Poppins, sans-serif; line-height: 1.1; color: #232323; font-size: 1.25rem; letter-spacing: 0.5px; background-color: #ffffff;\">ENTREGADO DE 2 A 24 HORAS POR CORREO ELECTRONICO<\/h6>\n<h6 style=\"margin-top: 0px; margin-bottom: 0.5rem; font-family: Poppins, sans-serif; line-height: 1.1; color: #232323; font-size: 1.25rem; letter-spacing: 0.5px; background-color: #ffffff;\">INCLUYE INSTRUCCIONES<\/h6>\n<h6 style=\"margin-top: 0px; margin-bottom: 0.5rem; font-family: Poppins, sans-serif; line-height: 1.1; color: #232323; font-size: 1.25rem; letter-spacing: 0.5px; background-color: #ffffff;\">LICENCIA DE POR VIDA, VALIDO PARA UN DISPOSITIVO<\/h6>\n<p style=\"margin: 20px 0px; color: #333333; font-family: Montserrat, Arial, Helvetica, sans-serif; font-size: 16px; letter-spacing: -0.23px; background-color: #ffffff;\">Durante la instalaci\u00f3n del sistema, se nos pedir\u00e1 que introduzcamos nuestra clave de producto, que no es otra cosa que un c\u00f3digo formado por 25 caracteres. Por lo tanto, podemos activar Windows 10 con nuestra clave durante la propia instalaci\u00f3n.<\/p>\n<p style=\"margin: 20px 0px; color: #333333; font-family: Montserrat, Arial, Helvetica, sans-serif; font-size: 16px; letter-spacing: -0.23px; background-color: #ffffff;\">Ahora bien, tambi\u00e9n podemos saltarnos este paso y hacerlo despu\u00e9s de finalizar la instalaci\u00f3n. Para ello:<\/p>\n<ul style=\"padding-left: 35px; list-style: none; color: #333333; font-family: Montserrat, Arial, Helvetica, sans-serif; font-size: 16px; letter-spacing: -0.23px; background-color: #ffffff;\">\n<li style=\"margin: 0px 0px 0.3em; line-height: 28px;\">Pulsamos sobre el bot\u00f3n de\u00a0<span style=\"font-weight: bold;\">Inicio<\/span><\/li>\n<li style=\"margin: 0px 0px 0.3em; line-height: 28px;\">Seleccionamos el icono del engranaje para abrir la p\u00e1gina de\u00a0<span style=\"font-weight: bold;\">Configuraci\u00f3n<\/span><\/li>\n<li style=\"margin: 0px 0px 0.3em; line-height: 28px;\">Navegamos hasta la opci\u00f3n<span style=\"font-weight: bold;\">\u00a0Actualizaci\u00f3n y seguridad &gt; Activaci\u00f3n<\/span><\/li>\n<li style=\"margin: 0px 0px 0.3em; line-height: 28px;\">Dentro de Actualizar la edici\u00f3n de Windows pulsamos en\u00a0<span style=\"font-weight: bold;\">Cambiar la clave de producto<\/span><\/li>\n<li style=\"margin: 0px 0px 0.3em; line-height: 28px;\">Introducimos nuestra clave y finalizamos el proceso<\/li>\n<\/ul>\n<p style=\"margin: 20px 0px; color: #333333; font-family: Montserrat, Arial, Helvetica, sans-serif; font-size: 16px; letter-spacing: -0.23px; background-color: #ffffff;\">Adem\u00e1s, si contamos con una clave de producto, podemos cambiar la clave para activar Windows 10 en diferentes situaciones:<\/p>\n<ul style=\"padding-left: 35px; list-style: none; color: #333333; font-family: Montserrat, Arial, Helvetica, sans-serif; font-size: 16px; letter-spacing: -0.23px; background-color: #ffffff;\">\n<li style=\"margin: 0px 0px 0.3em; line-height: 28px;\"><span style=\"font-weight: bold;\">Instalaci\u00f3n o activaci\u00f3n por primera vez en un dispositivo o placa base<\/span>: Es necesario usar una clave de producto para activar nuestro sistema si nunca hemos tenido activada una copia de Windows 10 o si vamos a instalar una edici\u00f3n que no hubiera sido activada anteriormente en el equipo.<\/li>\n<li style=\"margin: 0px 0px 0.3em; line-height: 28px;\"><span style=\"font-weight: bold;\">Activar un equipo renovado con Windows 10:\u00a0<\/span>Al comprar un ordenador o equipo renovado, tendremos que activar el sistema a trav\u00e9s de la clave de producto del Certificado de autenticidad que est\u00e1 vinculado a ese equipo. En el caso de que el fabricante hubiera cambiado la placa base para nosotros, entonces la activaci\u00f3n deber\u00eda realizarse de forma autom\u00e1tica.<\/li>\n<li style=\"margin: 0px 0px 0.3em; line-height: 28px;\"><span style=\"font-weight: bold;\">Despu\u00e9s de una reinstalaci\u00f3n del sistema:\u00a0<\/span>Al volver a realizar una instalaci\u00f3n del sistema, se nos pedir\u00e1 que indiquemos la clave de producto. Nada m\u00e1s introducirla, tendremos nuestro sistema correctamente activado. Podemos hacerlo tambi\u00e9n despu\u00e9s de la instalaci\u00f3n desde la p\u00e1gina de Configuraci\u00f3n del sistema.<\/li>\n<li style=\"margin: 0px 0px 0.3em; line-height: 28px;\"><span style=\"font-weight: bold;\">Despu\u00e9s de hacer un cambio importante de hardware:\u00a0<\/span>Si realizamos un cambio importante de hardware, entonces lo m\u00e1s seguro\u00a0 es que nuestro sistema haya quedado desactivado. Por lo tanto, posteriormente tendremos que volver a activar Windows 10 desde la p\u00e1gina de configuraci\u00f3n &gt; Actualizaci\u00f3n y seguridad &gt; Activaci\u00f3n &gt; Cambiar la clave de producto.Durante la instalaci\u00f3n del sistema, se nos pedir\u00e1 que introduzcamos nuestra clave de producto, que no es otra cosa que un c\u00f3digo formado por 25 caracteres. Por lo tanto, podemos activar Windows 10 con nuestra clave durante la propia instalaci\u00f3n.\n<p style=\"margin: 20px 0px; letter-spacing: -0.23px;\">Ahora bien, tambi\u00e9n podemos saltarnos este paso y hacerlo despu\u00e9s de finalizar la instalaci\u00f3n. Para ello:<\/p>\n<ul style=\"padding-left: 35px; list-style: none; letter-spacing: -0.23px;\">\n<li style=\"margin: 0px 0px 0.3em; line-height: 28px;\">Pulsamos sobre el bot\u00f3n de\u00a0<span style=\"font-weight: bold;\">Inicio<\/span><\/li>\n<li style=\"margin: 0px 0px 0.3em; line-height: 28px;\">Seleccionamos el icono del engranaje para abrir la p\u00e1gina de\u00a0<span style=\"font-weight: bold;\">Configuraci\u00f3n<\/span><\/li>\n<li style=\"margin: 0px 0px 0.3em; line-height: 28px;\">Navegamos hasta la opci\u00f3n<span style=\"font-weight: bold;\">\u00a0Actualizaci\u00f3n y seguridad &gt; Activaci\u00f3n<\/span><\/li>\n<li style=\"margin: 0px 0px 0.3em; line-height: 28px;\">Dentro de Actualizar la edici\u00f3n de Windows pulsamos en\u00a0<span style=\"font-weight: bold;\">Cambiar la clave de producto<\/span><\/li>\n<li style=\"margin: 0px 0px 0.3em; line-height: 28px;\">Introducimos nuestra clave y finalizamos el proceso<\/li>\n<\/ul>\n<p>&nbsp;<\/p>\n<p style=\"margin: 20px 0px; letter-spacing: -0.23px;\">Adem\u00e1s, si contamos con una clave de producto, podemos cambiar la clave para activar Windows 10 en diferentes situaciones:<\/p>\n<ul style=\"padding-left: 35px; list-style: none; letter-spacing: -0.23px;\">\n<li style=\"margin: 0px 0px 0.3em; line-height: 28px;\"><span style=\"font-weight: bold;\">Instalaci\u00f3n o activaci\u00f3n por primera vez en un dispositivo o placa base<\/span>: Es necesario usar una clave de producto para activar nuestro sistema si nunca hemos tenido activada una copia de Windows 10 o si vamos a instalar una edici\u00f3n que no hubiera sido activada anteriormente en el equipo.<\/li>\n<li style=\"margin: 0px 0px 0.3em; line-height: 28px;\"><span style=\"font-weight: bold;\">Activar un equipo renovado con Windows 10:\u00a0<\/span>Al comprar un ordenador o equipo renovado, tendremos que activar el sistema a trav\u00e9s de la clave de producto del Certificado de autenticidad que est\u00e1 vinculado a ese equipo. En el caso de que el fabricante hubiera cambiado la placa base para nosotros, entonces la activaci\u00f3n deber\u00eda realizarse de forma autom\u00e1tica.<\/li>\n<li style=\"margin: 0px 0px 0.3em; line-height: 28px;\"><span style=\"font-weight: bold;\">Despu\u00e9s de una reinstalaci\u00f3n del sistema:\u00a0<\/span>Al volver a realizar una instalaci\u00f3n del sistema, se nos pedir\u00e1 que indiquemos la clave de producto. Nada m\u00e1s introducirla, tendremos nuestro sistema correctamente activado. Podemos hacerlo tambi\u00e9n despu\u00e9s de la instalaci\u00f3n desde la p\u00e1gina de Configuraci\u00f3n del sistema.<\/li>\n<li style=\"margin: 0px 0px 0.3em; line-height: 28px;\"><span style=\"font-weight: bold;\">Despu\u00e9s de hacer un cambio importante de hardware:\u00a0<\/span>Si realizamos un cambio importante de hardware, entonces lo m\u00e1s seguro\u00a0 es que nuestro sistema haya quedado desactivado. Por lo tanto, posteriormente tendremos que volver a activar Windows 10 desde la p\u00e1gina de configuraci\u00f3n &gt; Actualizaci\u00f3n y seguridad &gt; Activaci\u00f3n &gt; Cambiar la clave de producto.<\/li>\n<\/ul>\n<\/li>\n<li><\/li>\n<li>\n<h1><strong><span style=\"color: #4a4a4a; font-family: Montserrat; font-size: 14px; letter-spacing: normal;\">Se requiere la activaci\u00f3n dentro de la primera semana de compra<\/span><\/strong><\/h1>\n<\/li>\n<\/ul>\n","protected":false},"excerpt":{"rendered":"<p>Licencia Digital Windows 10 Pro 32\/64<\/p>\n","protected":false},"featured_media":10924,"comment_status":"open","ping_status":"closed","template":"","meta":{"_joinchat":[]},"product_brand":[37],"product_cat":[82,145],"product_tag":[],"class_list":{"0":"post-10923","1":"product","2":"type-product","3":"status-publish","4":"has-post-thumbnail","6":"product_brand-microsoft","7":"product_cat-computacion","8":"product_cat-software","10":"first","11":"instock","12":"sale","13":"taxable","14":"shipping-taxable","15":"purchasable","16":"product-type-simple"},"yoast_head":"<!-- This site is optimized with the Yoast SEO plugin v27.4 - https:\/\/yoast.com\/product\/yoast-seo-wordpress\/ -->\n<title>LICENCIA DIGITAL WINDOWS 10 PRO 32\/64<\/title>\n<meta name=\"description\" content=\"Windows 10 Pro es el sistema operativo ideal para profesionales, empresas y usuarios avanzados. Ofrece funciones avanzadas como BitLocker, Escritorio Remoto, uni\u00f3n a dominios, m\u00e1quinas virtuales con Hyper-V y mayor control de actualizaciones y seguridad. Compatible con redes empresariales y entornos h\u00edbridos, Windows 10 Pro garantiza productividad, protecci\u00f3n de datos y administraci\u00f3n eficiente en equipos de trabajo.\" \/>\n<meta name=\"robots\" content=\"index, follow, max-snippet:-1, max-image-preview:large, max-video-preview:-1\" \/>\n<link rel=\"canonical\" href=\"https:\/\/gdcomputadoras.com\/wp\/product\/windows-10-pro\/\" \/>\n<meta property=\"og:locale\" content=\"es_ES\" \/>\n<meta property=\"og:type\" content=\"article\" \/>\n<meta property=\"og:title\" content=\"LICENCIA DIGITAL WINDOWS 10 PRO 32\/64\" \/>\n<meta property=\"og:description\" content=\"Windows 10 Pro es el sistema operativo ideal para profesionales, empresas y usuarios avanzados. Ofrece funciones avanzadas como BitLocker, Escritorio Remoto, uni\u00f3n a dominios, m\u00e1quinas virtuales con Hyper-V y mayor control de actualizaciones y seguridad. Compatible con redes empresariales y entornos h\u00edbridos, Windows 10 Pro garantiza productividad, protecci\u00f3n de datos y administraci\u00f3n eficiente en equipos de trabajo.\" \/>\n<meta property=\"og:url\" content=\"https:\/\/gdcomputadoras.com\/wp\/product\/windows-10-pro\/\" \/>\n<meta property=\"og:site_name\" content=\"Gd computadoras\" \/>\n<meta property=\"article:publisher\" content=\"https:\/\/www.facebook.com\/gd.costarica.21\" \/>\n<meta property=\"article:modified_time\" content=\"2025-08-06T23:47:05+00:00\" \/>\n<meta property=\"og:image\" content=\"https:\/\/gdcomputadoras.com\/wp\/wp-content\/uploads\/2025\/06\/3141.jpg\" \/>\n\t<meta property=\"og:image:width\" content=\"800\" \/>\n\t<meta property=\"og:image:height\" content=\"800\" \/>\n\t<meta property=\"og:image:type\" content=\"image\/jpeg\" \/>\n<meta name=\"twitter:card\" content=\"summary_large_image\" \/>\n<meta name=\"twitter:label1\" content=\"Est. reading time\" \/>\n\t<meta name=\"twitter:data1\" content=\"4 minutos\" \/>\n<script type=\"application\/ld+json\" class=\"yoast-schema-graph\">{\"@context\":\"https:\\\/\\\/schema.org\",\"@graph\":[{\"@type\":\"WebPage\",\"@id\":\"https:\\\/\\\/gdcomputadoras.com\\\/wp\\\/product\\\/windows-10-pro\\\/\",\"url\":\"https:\\\/\\\/gdcomputadoras.com\\\/wp\\\/product\\\/windows-10-pro\\\/\",\"name\":\"LICENCIA DIGITAL WINDOWS 10 PRO 32\\\/64\",\"isPartOf\":{\"@id\":\"https:\\\/\\\/gdcomputadoras.com\\\/wp\\\/#website\"},\"primaryImageOfPage\":{\"@id\":\"https:\\\/\\\/gdcomputadoras.com\\\/wp\\\/product\\\/windows-10-pro\\\/#primaryimage\"},\"image\":{\"@id\":\"https:\\\/\\\/gdcomputadoras.com\\\/wp\\\/product\\\/windows-10-pro\\\/#primaryimage\"},\"thumbnailUrl\":\"https:\\\/\\\/gdcomputadoras.com\\\/wp\\\/wp-content\\\/uploads\\\/2025\\\/06\\\/3141.jpg\",\"datePublished\":\"2020-06-26T10:36:34+00:00\",\"dateModified\":\"2025-08-06T23:47:05+00:00\",\"description\":\"Windows 10 Pro es el sistema operativo ideal para profesionales, empresas y usuarios avanzados. Ofrece funciones avanzadas como BitLocker, Escritorio Remoto, uni\u00f3n a dominios, m\u00e1quinas virtuales con Hyper-V y mayor control de actualizaciones y seguridad. Compatible con redes empresariales y entornos h\u00edbridos, Windows 10 Pro garantiza productividad, protecci\u00f3n de datos y administraci\u00f3n eficiente en equipos de trabajo.\",\"breadcrumb\":{\"@id\":\"https:\\\/\\\/gdcomputadoras.com\\\/wp\\\/product\\\/windows-10-pro\\\/#breadcrumb\"},\"inLanguage\":\"es-CR\",\"potentialAction\":[{\"@type\":\"ReadAction\",\"target\":[\"https:\\\/\\\/gdcomputadoras.com\\\/wp\\\/product\\\/windows-10-pro\\\/\"]}]},{\"@type\":\"ImageObject\",\"inLanguage\":\"es-CR\",\"@id\":\"https:\\\/\\\/gdcomputadoras.com\\\/wp\\\/product\\\/windows-10-pro\\\/#primaryimage\",\"url\":\"https:\\\/\\\/gdcomputadoras.com\\\/wp\\\/wp-content\\\/uploads\\\/2025\\\/06\\\/3141.jpg\",\"contentUrl\":\"https:\\\/\\\/gdcomputadoras.com\\\/wp\\\/wp-content\\\/uploads\\\/2025\\\/06\\\/3141.jpg\",\"width\":800,\"height\":800,\"caption\":\"LICENCIA DIGITAL WINDOWS 10 PRO 32\\\/64\"},{\"@type\":\"BreadcrumbList\",\"@id\":\"https:\\\/\\\/gdcomputadoras.com\\\/wp\\\/product\\\/windows-10-pro\\\/#breadcrumb\",\"itemListElement\":[{\"@type\":\"ListItem\",\"position\":1,\"name\":\"Portada\",\"item\":\"https:\\\/\\\/gdcomputadoras.com\\\/wp\\\/\"},{\"@type\":\"ListItem\",\"position\":2,\"name\":\"Tienda\",\"item\":\"https:\\\/\\\/gdcomputadoras.com\\\/wp\\\/shop\\\/\"},{\"@type\":\"ListItem\",\"position\":3,\"name\":\"Windows 10 Pro\"}]},{\"@type\":\"WebSite\",\"@id\":\"https:\\\/\\\/gdcomputadoras.com\\\/wp\\\/#website\",\"url\":\"https:\\\/\\\/gdcomputadoras.com\\\/wp\\\/\",\"name\":\"Gd computadoras\",\"description\":\"Gd\",\"publisher\":{\"@id\":\"https:\\\/\\\/gdcomputadoras.com\\\/wp\\\/#organization\"},\"alternateName\":\"GD\",\"potentialAction\":[{\"@type\":\"SearchAction\",\"target\":{\"@type\":\"EntryPoint\",\"urlTemplate\":\"https:\\\/\\\/gdcomputadoras.com\\\/wp\\\/?s={search_term_string}\"},\"query-input\":{\"@type\":\"PropertyValueSpecification\",\"valueRequired\":true,\"valueName\":\"search_term_string\"}}],\"inLanguage\":\"es-CR\"},{\"@type\":\"Organization\",\"@id\":\"https:\\\/\\\/gdcomputadoras.com\\\/wp\\\/#organization\",\"name\":\"Gd computadoras\",\"url\":\"https:\\\/\\\/gdcomputadoras.com\\\/wp\\\/\",\"logo\":{\"@type\":\"ImageObject\",\"inLanguage\":\"es-CR\",\"@id\":\"https:\\\/\\\/gdcomputadoras.com\\\/wp\\\/#\\\/schema\\\/logo\\\/image\\\/\",\"url\":\"https:\\\/\\\/gdcomputadoras.com\\\/wp\\\/wp-content\\\/uploads\\\/2025\\\/06\\\/logo.png\",\"contentUrl\":\"https:\\\/\\\/gdcomputadoras.com\\\/wp\\\/wp-content\\\/uploads\\\/2025\\\/06\\\/logo.png\",\"width\":200,\"height\":200,\"caption\":\"Gd computadoras\"},\"image\":{\"@id\":\"https:\\\/\\\/gdcomputadoras.com\\\/wp\\\/#\\\/schema\\\/logo\\\/image\\\/\"},\"sameAs\":[\"https:\\\/\\\/www.facebook.com\\\/gd.costarica.21\",\"https:\\\/\\\/www.instagram.com\\\/gdcomputadoras\",\"https:\\\/\\\/www.youtube.com\\\/@GDCOMPUTADORAS\"]}]}<\/script>\n<!-- \/ Yoast SEO plugin. -->","yoast_head_json":{"title":"LICENCIA DIGITAL WINDOWS 10 PRO 32\/64","description":"Windows 10 Pro es el sistema operativo ideal para profesionales, empresas y usuarios avanzados. Ofrece funciones avanzadas como BitLocker, Escritorio Remoto, uni\u00f3n a dominios, m\u00e1quinas virtuales con Hyper-V y mayor control de actualizaciones y seguridad. Compatible con redes empresariales y entornos h\u00edbridos, Windows 10 Pro garantiza productividad, protecci\u00f3n de datos y administraci\u00f3n eficiente en equipos de trabajo.","robots":{"index":"index","follow":"follow","max-snippet":"max-snippet:-1","max-image-preview":"max-image-preview:large","max-video-preview":"max-video-preview:-1"},"canonical":"https:\/\/gdcomputadoras.com\/wp\/product\/windows-10-pro\/","og_locale":"es_ES","og_type":"article","og_title":"LICENCIA DIGITAL WINDOWS 10 PRO 32\/64","og_description":"Windows 10 Pro es el sistema operativo ideal para profesionales, empresas y usuarios avanzados. Ofrece funciones avanzadas como BitLocker, Escritorio Remoto, uni\u00f3n a dominios, m\u00e1quinas virtuales con Hyper-V y mayor control de actualizaciones y seguridad. Compatible con redes empresariales y entornos h\u00edbridos, Windows 10 Pro garantiza productividad, protecci\u00f3n de datos y administraci\u00f3n eficiente en equipos de trabajo.","og_url":"https:\/\/gdcomputadoras.com\/wp\/product\/windows-10-pro\/","og_site_name":"Gd computadoras","article_publisher":"https:\/\/www.facebook.com\/gd.costarica.21","article_modified_time":"2025-08-06T23:47:05+00:00","og_image":[{"width":800,"height":800,"url":"https:\/\/gdcomputadoras.com\/wp\/wp-content\/uploads\/2025\/06\/3141.jpg","type":"image\/jpeg"}],"twitter_card":"summary_large_image","twitter_misc":{"Est. reading time":"4 minutos"},"schema":{"@context":"https:\/\/schema.org","@graph":[{"@type":"WebPage","@id":"https:\/\/gdcomputadoras.com\/wp\/product\/windows-10-pro\/","url":"https:\/\/gdcomputadoras.com\/wp\/product\/windows-10-pro\/","name":"LICENCIA DIGITAL WINDOWS 10 PRO 32\/64","isPartOf":{"@id":"https:\/\/gdcomputadoras.com\/wp\/#website"},"primaryImageOfPage":{"@id":"https:\/\/gdcomputadoras.com\/wp\/product\/windows-10-pro\/#primaryimage"},"image":{"@id":"https:\/\/gdcomputadoras.com\/wp\/product\/windows-10-pro\/#primaryimage"},"thumbnailUrl":"https:\/\/gdcomputadoras.com\/wp\/wp-content\/uploads\/2025\/06\/3141.jpg","datePublished":"2020-06-26T10:36:34+00:00","dateModified":"2025-08-06T23:47:05+00:00","description":"Windows 10 Pro es el sistema operativo ideal para profesionales, empresas y usuarios avanzados. Ofrece funciones avanzadas como BitLocker, Escritorio Remoto, uni\u00f3n a dominios, m\u00e1quinas virtuales con Hyper-V y mayor control de actualizaciones y seguridad. Compatible con redes empresariales y entornos h\u00edbridos, Windows 10 Pro garantiza productividad, protecci\u00f3n de datos y administraci\u00f3n eficiente en equipos de trabajo.","breadcrumb":{"@id":"https:\/\/gdcomputadoras.com\/wp\/product\/windows-10-pro\/#breadcrumb"},"inLanguage":"es-CR","potentialAction":[{"@type":"ReadAction","target":["https:\/\/gdcomputadoras.com\/wp\/product\/windows-10-pro\/"]}]},{"@type":"ImageObject","inLanguage":"es-CR","@id":"https:\/\/gdcomputadoras.com\/wp\/product\/windows-10-pro\/#primaryimage","url":"https:\/\/gdcomputadoras.com\/wp\/wp-content\/uploads\/2025\/06\/3141.jpg","contentUrl":"https:\/\/gdcomputadoras.com\/wp\/wp-content\/uploads\/2025\/06\/3141.jpg","width":800,"height":800,"caption":"LICENCIA DIGITAL WINDOWS 10 PRO 32\/64"},{"@type":"BreadcrumbList","@id":"https:\/\/gdcomputadoras.com\/wp\/product\/windows-10-pro\/#breadcrumb","itemListElement":[{"@type":"ListItem","position":1,"name":"Portada","item":"https:\/\/gdcomputadoras.com\/wp\/"},{"@type":"ListItem","position":2,"name":"Tienda","item":"https:\/\/gdcomputadoras.com\/wp\/shop\/"},{"@type":"ListItem","position":3,"name":"Windows 10 Pro"}]},{"@type":"WebSite","@id":"https:\/\/gdcomputadoras.com\/wp\/#website","url":"https:\/\/gdcomputadoras.com\/wp\/","name":"Gd computadoras","description":"Gd","publisher":{"@id":"https:\/\/gdcomputadoras.com\/wp\/#organization"},"alternateName":"GD","potentialAction":[{"@type":"SearchAction","target":{"@type":"EntryPoint","urlTemplate":"https:\/\/gdcomputadoras.com\/wp\/?s={search_term_string}"},"query-input":{"@type":"PropertyValueSpecification","valueRequired":true,"valueName":"search_term_string"}}],"inLanguage":"es-CR"},{"@type":"Organization","@id":"https:\/\/gdcomputadoras.com\/wp\/#organization","name":"Gd computadoras","url":"https:\/\/gdcomputadoras.com\/wp\/","logo":{"@type":"ImageObject","inLanguage":"es-CR","@id":"https:\/\/gdcomputadoras.com\/wp\/#\/schema\/logo\/image\/","url":"https:\/\/gdcomputadoras.com\/wp\/wp-content\/uploads\/2025\/06\/logo.png","contentUrl":"https:\/\/gdcomputadoras.com\/wp\/wp-content\/uploads\/2025\/06\/logo.png","width":200,"height":200,"caption":"Gd computadoras"},"image":{"@id":"https:\/\/gdcomputadoras.com\/wp\/#\/schema\/logo\/image\/"},"sameAs":["https:\/\/www.facebook.com\/gd.costarica.21","https:\/\/www.instagram.com\/gdcomputadoras","https:\/\/www.youtube.com\/@GDCOMPUTADORAS"]}]}},"_links":{"self":[{"href":"https:\/\/gdcomputadoras.com\/wp\/wp-json\/wp\/v2\/product\/10923","targetHints":{"allow":["GET"]}}],"collection":[{"href":"https:\/\/gdcomputadoras.com\/wp\/wp-json\/wp\/v2\/product"}],"about":[{"href":"https:\/\/gdcomputadoras.com\/wp\/wp-json\/wp\/v2\/types\/product"}],"replies":[{"embeddable":true,"href":"https:\/\/gdcomputadoras.com\/wp\/wp-json\/wp\/v2\/comments?post=10923"}],"version-history":[{"count":0,"href":"https:\/\/gdcomputadoras.com\/wp\/wp-json\/wp\/v2\/product\/10923\/revisions"}],"wp:featuredmedia":[{"embeddable":true,"href":"https:\/\/gdcomputadoras.com\/wp\/wp-json\/wp\/v2\/media\/10924"}],"wp:attachment":[{"href":"https:\/\/gdcomputadoras.com\/wp\/wp-json\/wp\/v2\/media?parent=10923"}],"wp:term":[{"taxonomy":"product_brand","embeddable":true,"href":"https:\/\/gdcomputadoras.com\/wp\/wp-json\/wp\/v2\/product_brand?post=10923"},{"taxonomy":"product_cat","embeddable":true,"href":"https:\/\/gdcomputadoras.com\/wp\/wp-json\/wp\/v2\/product_cat?post=10923"},{"taxonomy":"product_tag","embeddable":true,"href":"https:\/\/gdcomputadoras.com\/wp\/wp-json\/wp\/v2\/product_tag?post=10923"}],"curies":[{"name":"wp","href":"https:\/\/api.w.org\/{rel}","templated":true}]}}