{"id":11422,"date":"2020-09-17T11:12:40","date_gmt":"2020-09-17T11:12:40","guid":{"rendered":"https:\/\/gdcomputadoras.com\/wp\/?product=bateria-hp-hs03-hs04"},"modified":"2025-06-08T13:38:05","modified_gmt":"2025-06-08T13:38:05","slug":"bateria-hp-hs03-hs04","status":"publish","type":"product","link":"https:\/\/gdcomputadoras.com\/wp\/product\/bateria-hp-hs03-hs04\/","title":{"rendered":"Bater\u00eda HP HS03 HS04"},"content":{"rendered":"<ul class=\"a-unordered-list a-vertical a-spacing-mini\" style=\"margin:0px 0px 0px 18px;color:#111111;padding:0px;font-family:'Amazon Ember', Arial, sans-serif;font-size:13px;background-color:#ffffff;\">\n<li style=\"list-style:disc;margin:0px;\"><span class=\"a-list-item\">Modelos compatibles: HP Pavilion 14-ac000 14-af000 14-am000 14-an000 14-ar000 0.49\u00a0oz-ad000 14q-aj000 Series \/ 15-ac000 15-af000 15-ay000 15-ba000 0.53\u00a0oz-ad000 15q-aj000 Series \/ 17-x000 17-y000: 15-AC143WM 15-AY009DX 15-BA012DS 15-AC113CL 15-BA013CL 15-AY014DX 15-YAA012DX. 075NR 15-BA061DX 15-AY071NR 15-AC143DX 17-X051NR 15-BA037CL 15-BA026WM 15-AC021DS 17-X027DS 15-BA053NR y m\u00e1s<\/span><\/li>\n<li style=\"list-style:disc;margin:0px;\"><span class=\"a-list-item\">N\u00famero de pieza de repuesto: 807611-121 807611-131 807611-132 807611-141 807611-221 807611-241 807611-251 807611-421 807611-422 807611-831 807612-121 807612-131 807612-141 807612-221 807612-241 807612-251 807612-421 807612-422 807612-831 807956-001 7957-001 843532-851 843533-851 844197-850 852802-851 853295-850 HS03 HS03031-CL HS04 HS04041 HS04041-CL HS04XL HSTNN-DB7I HSTNNN-IB7A HSTNN-LB6 HSTNN-LB6U HSTN-LB6V HSTNN-PB6S STNN-PB6T LB6U M2Q95AA N2L85AA TPN-C125 TPN-C126 y m\u00e1s<\/span><\/li>\n<li style=\"list-style:disc;margin:0px;\"><span class=\"a-list-item\">Especificaciones: Tipo: pol\u00edmero de litio. Voltaje: 14,6 V. Capacidad: 2600 mAh. Celdas: 4 celdas.<\/span><\/li>\n<\/ul>\n","protected":false},"excerpt":{"rendered":"<p>Bater\u00eda HP HS03 HS04 33Wh 14.8v<\/p>\n","protected":false},"featured_media":11423,"comment_status":"open","ping_status":"closed","template":"","meta":{"_joinchat":[]},"product_brand":[36],"product_cat":[112,82],"product_tag":[850,848,849],"class_list":{"0":"post-11422","1":"product","2":"type-product","3":"status-publish","4":"has-post-thumbnail","6":"product_brand-hp","7":"product_cat-baterias-de-laptops","8":"product_cat-computacion","9":"product_tag-bateria-hp","10":"product_tag-bateria-hp-costa-rica","11":"product_tag-bateria-laptops-cost-rica","13":"first","14":"instock","15":"taxable","16":"shipping-taxable","17":"purchasable","18":"product-type-simple"},"yoast_head":"<!-- This site is optimized with the Yoast SEO plugin v27.4 - https:\/\/yoast.com\/product\/yoast-seo-wordpress\/ -->\n<title>BATERIA HP HS04 HS03<\/title>\n<meta name=\"description\" content=\"bater\u00edas recargables de ion de litio dise\u00f1adas para brindar energ\u00eda confiable y prolongada a diversos modelos de laptops HP. Ideales para usuarios que buscan extender la autonom\u00eda de sus port\u00e1tiles con repuestos originales o compatibles de alta calidad.\" \/>\n<meta name=\"robots\" content=\"index, follow, max-snippet:-1, max-image-preview:large, max-video-preview:-1\" \/>\n<link rel=\"canonical\" href=\"https:\/\/gdcomputadoras.com\/wp\/product\/bateria-hp-hs03-hs04\/\" \/>\n<meta property=\"og:locale\" content=\"es_ES\" \/>\n<meta property=\"og:type\" content=\"article\" \/>\n<meta property=\"og:title\" content=\"BATERIA HP HS04 HS03\" \/>\n<meta property=\"og:description\" content=\"bater\u00edas recargables de ion de litio dise\u00f1adas para brindar energ\u00eda confiable y prolongada a diversos modelos de laptops HP. Ideales para usuarios que buscan extender la autonom\u00eda de sus port\u00e1tiles con repuestos originales o compatibles de alta calidad.\" \/>\n<meta property=\"og:url\" content=\"https:\/\/gdcomputadoras.com\/wp\/product\/bateria-hp-hs03-hs04\/\" \/>\n<meta property=\"og:site_name\" content=\"Gd computadoras\" \/>\n<meta property=\"article:publisher\" content=\"https:\/\/www.facebook.com\/gd.costarica.21\" \/>\n<meta property=\"article:modified_time\" content=\"2025-06-08T13:38:05+00:00\" \/>\n<meta property=\"og:image\" content=\"https:\/\/gdcomputadoras.com\/wp\/wp-content\/uploads\/2025\/06\/2821.jpg\" \/>\n\t<meta property=\"og:image:width\" content=\"800\" \/>\n\t<meta property=\"og:image:height\" content=\"800\" \/>\n\t<meta property=\"og:image:type\" content=\"image\/jpeg\" \/>\n<meta name=\"twitter:card\" content=\"summary_large_image\" \/>\n<meta name=\"twitter:label1\" content=\"Est. reading time\" \/>\n\t<meta name=\"twitter:data1\" content=\"1 minuto\" \/>\n<script type=\"application\/ld+json\" class=\"yoast-schema-graph\">{\"@context\":\"https:\\\/\\\/schema.org\",\"@graph\":[{\"@type\":\"WebPage\",\"@id\":\"https:\\\/\\\/gdcomputadoras.com\\\/wp\\\/product\\\/bateria-hp-hs03-hs04\\\/\",\"url\":\"https:\\\/\\\/gdcomputadoras.com\\\/wp\\\/product\\\/bateria-hp-hs03-hs04\\\/\",\"name\":\"BATERIA HP HS04 HS03\",\"isPartOf\":{\"@id\":\"https:\\\/\\\/gdcomputadoras.com\\\/wp\\\/#website\"},\"primaryImageOfPage\":{\"@id\":\"https:\\\/\\\/gdcomputadoras.com\\\/wp\\\/product\\\/bateria-hp-hs03-hs04\\\/#primaryimage\"},\"image\":{\"@id\":\"https:\\\/\\\/gdcomputadoras.com\\\/wp\\\/product\\\/bateria-hp-hs03-hs04\\\/#primaryimage\"},\"thumbnailUrl\":\"https:\\\/\\\/gdcomputadoras.com\\\/wp\\\/wp-content\\\/uploads\\\/2025\\\/06\\\/2821.jpg\",\"datePublished\":\"2020-09-17T11:12:40+00:00\",\"dateModified\":\"2025-06-08T13:38:05+00:00\",\"description\":\"bater\u00edas recargables de ion de litio dise\u00f1adas para brindar energ\u00eda confiable y prolongada a diversos modelos de laptops HP. Ideales para usuarios que buscan extender la autonom\u00eda de sus port\u00e1tiles con repuestos originales o compatibles de alta calidad.\",\"breadcrumb\":{\"@id\":\"https:\\\/\\\/gdcomputadoras.com\\\/wp\\\/product\\\/bateria-hp-hs03-hs04\\\/#breadcrumb\"},\"inLanguage\":\"es-CR\",\"potentialAction\":[{\"@type\":\"ReadAction\",\"target\":[\"https:\\\/\\\/gdcomputadoras.com\\\/wp\\\/product\\\/bateria-hp-hs03-hs04\\\/\"]}]},{\"@type\":\"ImageObject\",\"inLanguage\":\"es-CR\",\"@id\":\"https:\\\/\\\/gdcomputadoras.com\\\/wp\\\/product\\\/bateria-hp-hs03-hs04\\\/#primaryimage\",\"url\":\"https:\\\/\\\/gdcomputadoras.com\\\/wp\\\/wp-content\\\/uploads\\\/2025\\\/06\\\/2821.jpg\",\"contentUrl\":\"https:\\\/\\\/gdcomputadoras.com\\\/wp\\\/wp-content\\\/uploads\\\/2025\\\/06\\\/2821.jpg\",\"width\":800,\"height\":800,\"caption\":\"Bater\u00eda HP ay075nr\"},{\"@type\":\"BreadcrumbList\",\"@id\":\"https:\\\/\\\/gdcomputadoras.com\\\/wp\\\/product\\\/bateria-hp-hs03-hs04\\\/#breadcrumb\",\"itemListElement\":[{\"@type\":\"ListItem\",\"position\":1,\"name\":\"Portada\",\"item\":\"https:\\\/\\\/gdcomputadoras.com\\\/wp\\\/\"},{\"@type\":\"ListItem\",\"position\":2,\"name\":\"Tienda\",\"item\":\"https:\\\/\\\/gdcomputadoras.com\\\/wp\\\/shop\\\/\"},{\"@type\":\"ListItem\",\"position\":3,\"name\":\"Bater\u00eda HP HS03 HS04\"}]},{\"@type\":\"WebSite\",\"@id\":\"https:\\\/\\\/gdcomputadoras.com\\\/wp\\\/#website\",\"url\":\"https:\\\/\\\/gdcomputadoras.com\\\/wp\\\/\",\"name\":\"Gd computadoras\",\"description\":\"Gd\",\"publisher\":{\"@id\":\"https:\\\/\\\/gdcomputadoras.com\\\/wp\\\/#organization\"},\"alternateName\":\"GD\",\"potentialAction\":[{\"@type\":\"SearchAction\",\"target\":{\"@type\":\"EntryPoint\",\"urlTemplate\":\"https:\\\/\\\/gdcomputadoras.com\\\/wp\\\/?s={search_term_string}\"},\"query-input\":{\"@type\":\"PropertyValueSpecification\",\"valueRequired\":true,\"valueName\":\"search_term_string\"}}],\"inLanguage\":\"es-CR\"},{\"@type\":\"Organization\",\"@id\":\"https:\\\/\\\/gdcomputadoras.com\\\/wp\\\/#organization\",\"name\":\"Gd computadoras\",\"url\":\"https:\\\/\\\/gdcomputadoras.com\\\/wp\\\/\",\"logo\":{\"@type\":\"ImageObject\",\"inLanguage\":\"es-CR\",\"@id\":\"https:\\\/\\\/gdcomputadoras.com\\\/wp\\\/#\\\/schema\\\/logo\\\/image\\\/\",\"url\":\"https:\\\/\\\/gdcomputadoras.com\\\/wp\\\/wp-content\\\/uploads\\\/2025\\\/06\\\/logo.png\",\"contentUrl\":\"https:\\\/\\\/gdcomputadoras.com\\\/wp\\\/wp-content\\\/uploads\\\/2025\\\/06\\\/logo.png\",\"width\":200,\"height\":200,\"caption\":\"Gd computadoras\"},\"image\":{\"@id\":\"https:\\\/\\\/gdcomputadoras.com\\\/wp\\\/#\\\/schema\\\/logo\\\/image\\\/\"},\"sameAs\":[\"https:\\\/\\\/www.facebook.com\\\/gd.costarica.21\",\"https:\\\/\\\/www.instagram.com\\\/gdcomputadoras\",\"https:\\\/\\\/www.youtube.com\\\/@GDCOMPUTADORAS\"]}]}<\/script>\n<!-- \/ Yoast SEO plugin. -->","yoast_head_json":{"title":"BATERIA HP HS04 HS03","description":"bater\u00edas recargables de ion de litio dise\u00f1adas para brindar energ\u00eda confiable y prolongada a diversos modelos de laptops HP. Ideales para usuarios que buscan extender la autonom\u00eda de sus port\u00e1tiles con repuestos originales o compatibles de alta calidad.","robots":{"index":"index","follow":"follow","max-snippet":"max-snippet:-1","max-image-preview":"max-image-preview:large","max-video-preview":"max-video-preview:-1"},"canonical":"https:\/\/gdcomputadoras.com\/wp\/product\/bateria-hp-hs03-hs04\/","og_locale":"es_ES","og_type":"article","og_title":"BATERIA HP HS04 HS03","og_description":"bater\u00edas recargables de ion de litio dise\u00f1adas para brindar energ\u00eda confiable y prolongada a diversos modelos de laptops HP. Ideales para usuarios que buscan extender la autonom\u00eda de sus port\u00e1tiles con repuestos originales o compatibles de alta calidad.","og_url":"https:\/\/gdcomputadoras.com\/wp\/product\/bateria-hp-hs03-hs04\/","og_site_name":"Gd computadoras","article_publisher":"https:\/\/www.facebook.com\/gd.costarica.21","article_modified_time":"2025-06-08T13:38:05+00:00","og_image":[{"width":800,"height":800,"url":"https:\/\/gdcomputadoras.com\/wp\/wp-content\/uploads\/2025\/06\/2821.jpg","type":"image\/jpeg"}],"twitter_card":"summary_large_image","twitter_misc":{"Est. reading time":"1 minuto"},"schema":{"@context":"https:\/\/schema.org","@graph":[{"@type":"WebPage","@id":"https:\/\/gdcomputadoras.com\/wp\/product\/bateria-hp-hs03-hs04\/","url":"https:\/\/gdcomputadoras.com\/wp\/product\/bateria-hp-hs03-hs04\/","name":"BATERIA HP HS04 HS03","isPartOf":{"@id":"https:\/\/gdcomputadoras.com\/wp\/#website"},"primaryImageOfPage":{"@id":"https:\/\/gdcomputadoras.com\/wp\/product\/bateria-hp-hs03-hs04\/#primaryimage"},"image":{"@id":"https:\/\/gdcomputadoras.com\/wp\/product\/bateria-hp-hs03-hs04\/#primaryimage"},"thumbnailUrl":"https:\/\/gdcomputadoras.com\/wp\/wp-content\/uploads\/2025\/06\/2821.jpg","datePublished":"2020-09-17T11:12:40+00:00","dateModified":"2025-06-08T13:38:05+00:00","description":"bater\u00edas recargables de ion de litio dise\u00f1adas para brindar energ\u00eda confiable y prolongada a diversos modelos de laptops HP. Ideales para usuarios que buscan extender la autonom\u00eda de sus port\u00e1tiles con repuestos originales o compatibles de alta calidad.","breadcrumb":{"@id":"https:\/\/gdcomputadoras.com\/wp\/product\/bateria-hp-hs03-hs04\/#breadcrumb"},"inLanguage":"es-CR","potentialAction":[{"@type":"ReadAction","target":["https:\/\/gdcomputadoras.com\/wp\/product\/bateria-hp-hs03-hs04\/"]}]},{"@type":"ImageObject","inLanguage":"es-CR","@id":"https:\/\/gdcomputadoras.com\/wp\/product\/bateria-hp-hs03-hs04\/#primaryimage","url":"https:\/\/gdcomputadoras.com\/wp\/wp-content\/uploads\/2025\/06\/2821.jpg","contentUrl":"https:\/\/gdcomputadoras.com\/wp\/wp-content\/uploads\/2025\/06\/2821.jpg","width":800,"height":800,"caption":"Bater\u00eda HP ay075nr"},{"@type":"BreadcrumbList","@id":"https:\/\/gdcomputadoras.com\/wp\/product\/bateria-hp-hs03-hs04\/#breadcrumb","itemListElement":[{"@type":"ListItem","position":1,"name":"Portada","item":"https:\/\/gdcomputadoras.com\/wp\/"},{"@type":"ListItem","position":2,"name":"Tienda","item":"https:\/\/gdcomputadoras.com\/wp\/shop\/"},{"@type":"ListItem","position":3,"name":"Bater\u00eda HP HS03 HS04"}]},{"@type":"WebSite","@id":"https:\/\/gdcomputadoras.com\/wp\/#website","url":"https:\/\/gdcomputadoras.com\/wp\/","name":"Gd computadoras","description":"Gd","publisher":{"@id":"https:\/\/gdcomputadoras.com\/wp\/#organization"},"alternateName":"GD","potentialAction":[{"@type":"SearchAction","target":{"@type":"EntryPoint","urlTemplate":"https:\/\/gdcomputadoras.com\/wp\/?s={search_term_string}"},"query-input":{"@type":"PropertyValueSpecification","valueRequired":true,"valueName":"search_term_string"}}],"inLanguage":"es-CR"},{"@type":"Organization","@id":"https:\/\/gdcomputadoras.com\/wp\/#organization","name":"Gd computadoras","url":"https:\/\/gdcomputadoras.com\/wp\/","logo":{"@type":"ImageObject","inLanguage":"es-CR","@id":"https:\/\/gdcomputadoras.com\/wp\/#\/schema\/logo\/image\/","url":"https:\/\/gdcomputadoras.com\/wp\/wp-content\/uploads\/2025\/06\/logo.png","contentUrl":"https:\/\/gdcomputadoras.com\/wp\/wp-content\/uploads\/2025\/06\/logo.png","width":200,"height":200,"caption":"Gd computadoras"},"image":{"@id":"https:\/\/gdcomputadoras.com\/wp\/#\/schema\/logo\/image\/"},"sameAs":["https:\/\/www.facebook.com\/gd.costarica.21","https:\/\/www.instagram.com\/gdcomputadoras","https:\/\/www.youtube.com\/@GDCOMPUTADORAS"]}]}},"_links":{"self":[{"href":"https:\/\/gdcomputadoras.com\/wp\/wp-json\/wp\/v2\/product\/11422","targetHints":{"allow":["GET"]}}],"collection":[{"href":"https:\/\/gdcomputadoras.com\/wp\/wp-json\/wp\/v2\/product"}],"about":[{"href":"https:\/\/gdcomputadoras.com\/wp\/wp-json\/wp\/v2\/types\/product"}],"replies":[{"embeddable":true,"href":"https:\/\/gdcomputadoras.com\/wp\/wp-json\/wp\/v2\/comments?post=11422"}],"version-history":[{"count":0,"href":"https:\/\/gdcomputadoras.com\/wp\/wp-json\/wp\/v2\/product\/11422\/revisions"}],"wp:featuredmedia":[{"embeddable":true,"href":"https:\/\/gdcomputadoras.com\/wp\/wp-json\/wp\/v2\/media\/11423"}],"wp:attachment":[{"href":"https:\/\/gdcomputadoras.com\/wp\/wp-json\/wp\/v2\/media?parent=11422"}],"wp:term":[{"taxonomy":"product_brand","embeddable":true,"href":"https:\/\/gdcomputadoras.com\/wp\/wp-json\/wp\/v2\/product_brand?post=11422"},{"taxonomy":"product_cat","embeddable":true,"href":"https:\/\/gdcomputadoras.com\/wp\/wp-json\/wp\/v2\/product_cat?post=11422"},{"taxonomy":"product_tag","embeddable":true,"href":"https:\/\/gdcomputadoras.com\/wp\/wp-json\/wp\/v2\/product_tag?post=11422"}],"curies":[{"name":"wp","href":"https:\/\/api.w.org\/{rel}","templated":true}]}}