{"id":11995,"date":"2021-07-28T16:26:39","date_gmt":"2021-07-28T16:26:39","guid":{"rendered":"https:\/\/gdcomputadoras.com\/wp\/?product=soporte-y-cargador-10w"},"modified":"2025-06-10T11:06:46","modified_gmt":"2025-06-10T11:06:46","slug":"soporte-y-cargador-10w","status":"publish","type":"product","link":"https:\/\/gdcomputadoras.com\/wp\/product\/soporte-y-cargador-10w\/","title":{"rendered":"Soporte y cargador 10W"},"content":{"rendered":"<p>CARGADOR R\u00c1PIDO INAL\u00c1MBRICO DE 10W SOPORTE PARA COCHE VORTEX M1<\/p>\n<p>ARG-AC-0160BK<\/p>\n<\/p>\n<p>Comun\u00edquese con nosotros para conocer la disponibilidad del producto<\/p>\n<\/p>\n<p>Descripci\u00f3n<\/p>\n<p>La soluci\u00f3n de montaje para autom\u00f3vil perfecta que carga todos los dispositivos habilitados para carga inal\u00e1mbrica r\u00e1pida mientras mantiene su dispositivo seguro mientras est\u00e1 en la carretera. Equipado con un sistema de montaje de sujeci\u00f3n autom\u00e1tico que bloquea y libera el dispositivo autom\u00e1ticamente. El brazo telesc\u00f3pico se adapta a las longitudes deseadas ajustables para todas sus necesidades de visualizaci\u00f3n. Soporte totalmente ajustable con rotaci\u00f3n de 360 \u200b\u200bgrados para vistas r\u00e1pidas de retrato y paisaje. Dise\u00f1ado con una almohadilla de gel adhesiva de alta calidad para asegurar su dispositivo a la mayor\u00eda de las superficies, incluidas las texturizadas.<\/p>\n<p>Especificaciones<\/p>\n<p>Entrada: 10 W \/ Salida: 5 V \/ 2 A y 9 V \/ 1,7 A Se<\/p>\n<p>adapta a tel\u00e9fonos con hasta 65-94 mm (2,5-3,7 pulg.) Rotaci\u00f3n de<\/p>\n<p>360<\/p>\n<p>grados Ajuste de 270 grados Se<\/p>\n<p>extiende 85-144 mm<\/p>\n<p>Compatible con conexiones inal\u00e1mbricas de 9,7 W \/ 7,5 W \/ 5 W dispositivos de carga Compatible con la<\/p>\n<p>carcasa del tel\u00e9fono hasta 5 mm<\/p>\n<p>Qi y certificado por FCC<\/p>\n<p>Cable USB de 3,5 pies incluido<\/p>\n<p>Adaptador de CA \/ CC de carga r\u00e1pida no incluido<\/p>\n","protected":false},"excerpt":{"rendered":"<p>CARGADOR R\u00c1PIDO INAL\u00c1MBRICO DE 10W SOPORTE PARA COCHE VORTEX M1<\/p>\n","protected":false},"featured_media":11996,"comment_status":"open","ping_status":"closed","template":"","meta":{"_joinchat":[]},"product_brand":[46],"product_cat":[94,133,140],"product_tag":[],"class_list":{"0":"post-11995","1":"product","2":"type-product","3":"status-publish","4":"has-post-thumbnail","6":"product_brand-argom-tech","7":"product_cat-accesorios","8":"product_cat-accesorios-de-carro","9":"product_cat-cargador-de-celular","11":"first","12":"instock","13":"taxable","14":"shipping-taxable","15":"purchasable","16":"product-type-simple"},"yoast_head":"<!-- This site is optimized with the Yoast SEO plugin v27.5 - https:\/\/yoast.com\/product\/yoast-seo-wordpress\/ -->\n<title>CARGADOR R\u00c1PIDO INAL\u00c1MBRICO DE 10W SOPORTE PARA COCHE VORTEX M1<\/title>\n<meta name=\"description\" content=\"Cargador de soporte de 10W ideal para tu auto .\" \/>\n<meta name=\"robots\" content=\"index, follow, max-snippet:-1, max-image-preview:large, max-video-preview:-1\" \/>\n<link rel=\"canonical\" href=\"https:\/\/gdcomputadoras.com\/wp\/product\/soporte-y-cargador-10w\/\" \/>\n<meta property=\"og:locale\" content=\"es_ES\" \/>\n<meta property=\"og:type\" content=\"article\" \/>\n<meta property=\"og:title\" content=\"CARGADOR R\u00c1PIDO INAL\u00c1MBRICO DE 10W SOPORTE PARA COCHE VORTEX M1\" \/>\n<meta property=\"og:description\" content=\"Cargador de soporte de 10W ideal para tu auto .\" \/>\n<meta property=\"og:url\" content=\"https:\/\/gdcomputadoras.com\/wp\/product\/soporte-y-cargador-10w\/\" \/>\n<meta property=\"og:site_name\" content=\"Gd computadoras\" \/>\n<meta property=\"article:publisher\" content=\"https:\/\/www.facebook.com\/gd.costarica.21\" \/>\n<meta property=\"article:modified_time\" content=\"2025-06-10T11:06:46+00:00\" \/>\n<meta property=\"og:image\" content=\"https:\/\/gdcomputadoras.com\/wp\/wp-content\/uploads\/2025\/06\/4420.jpg\" \/>\n\t<meta property=\"og:image:width\" content=\"800\" \/>\n\t<meta property=\"og:image:height\" content=\"800\" \/>\n\t<meta property=\"og:image:type\" content=\"image\/jpeg\" \/>\n<meta name=\"twitter:card\" content=\"summary_large_image\" \/>\n<meta name=\"twitter:label1\" content=\"Est. reading time\" \/>\n\t<meta name=\"twitter:data1\" content=\"1 minuto\" \/>\n<script type=\"application\/ld+json\" class=\"yoast-schema-graph\">{\"@context\":\"https:\\\/\\\/schema.org\",\"@graph\":[{\"@type\":\"WebPage\",\"@id\":\"https:\\\/\\\/gdcomputadoras.com\\\/wp\\\/product\\\/soporte-y-cargador-10w\\\/\",\"url\":\"https:\\\/\\\/gdcomputadoras.com\\\/wp\\\/product\\\/soporte-y-cargador-10w\\\/\",\"name\":\"CARGADOR R\u00c1PIDO INAL\u00c1MBRICO DE 10W SOPORTE PARA COCHE VORTEX M1\",\"isPartOf\":{\"@id\":\"https:\\\/\\\/gdcomputadoras.com\\\/wp\\\/#website\"},\"primaryImageOfPage\":{\"@id\":\"https:\\\/\\\/gdcomputadoras.com\\\/wp\\\/product\\\/soporte-y-cargador-10w\\\/#primaryimage\"},\"image\":{\"@id\":\"https:\\\/\\\/gdcomputadoras.com\\\/wp\\\/product\\\/soporte-y-cargador-10w\\\/#primaryimage\"},\"thumbnailUrl\":\"https:\\\/\\\/gdcomputadoras.com\\\/wp\\\/wp-content\\\/uploads\\\/2025\\\/06\\\/4420.jpg\",\"datePublished\":\"2021-07-28T16:26:39+00:00\",\"dateModified\":\"2025-06-10T11:06:46+00:00\",\"description\":\"Cargador de soporte de 10W ideal para tu auto .\",\"breadcrumb\":{\"@id\":\"https:\\\/\\\/gdcomputadoras.com\\\/wp\\\/product\\\/soporte-y-cargador-10w\\\/#breadcrumb\"},\"inLanguage\":\"es-CR\",\"potentialAction\":[{\"@type\":\"ReadAction\",\"target\":[\"https:\\\/\\\/gdcomputadoras.com\\\/wp\\\/product\\\/soporte-y-cargador-10w\\\/\"]}]},{\"@type\":\"ImageObject\",\"inLanguage\":\"es-CR\",\"@id\":\"https:\\\/\\\/gdcomputadoras.com\\\/wp\\\/product\\\/soporte-y-cargador-10w\\\/#primaryimage\",\"url\":\"https:\\\/\\\/gdcomputadoras.com\\\/wp\\\/wp-content\\\/uploads\\\/2025\\\/06\\\/4420.jpg\",\"contentUrl\":\"https:\\\/\\\/gdcomputadoras.com\\\/wp\\\/wp-content\\\/uploads\\\/2025\\\/06\\\/4420.jpg\",\"width\":800,\"height\":800,\"caption\":\"Soporte y cargador 10W\"},{\"@type\":\"BreadcrumbList\",\"@id\":\"https:\\\/\\\/gdcomputadoras.com\\\/wp\\\/product\\\/soporte-y-cargador-10w\\\/#breadcrumb\",\"itemListElement\":[{\"@type\":\"ListItem\",\"position\":1,\"name\":\"Portada\",\"item\":\"https:\\\/\\\/gdcomputadoras.com\\\/wp\\\/\"},{\"@type\":\"ListItem\",\"position\":2,\"name\":\"Tienda\",\"item\":\"https:\\\/\\\/gdcomputadoras.com\\\/wp\\\/shop\\\/\"},{\"@type\":\"ListItem\",\"position\":3,\"name\":\"Soporte y cargador 10W\"}]},{\"@type\":\"WebSite\",\"@id\":\"https:\\\/\\\/gdcomputadoras.com\\\/wp\\\/#website\",\"url\":\"https:\\\/\\\/gdcomputadoras.com\\\/wp\\\/\",\"name\":\"Gd computadoras\",\"description\":\"Gd\",\"publisher\":{\"@id\":\"https:\\\/\\\/gdcomputadoras.com\\\/wp\\\/#organization\"},\"alternateName\":\"GD\",\"potentialAction\":[{\"@type\":\"SearchAction\",\"target\":{\"@type\":\"EntryPoint\",\"urlTemplate\":\"https:\\\/\\\/gdcomputadoras.com\\\/wp\\\/?s={search_term_string}\"},\"query-input\":{\"@type\":\"PropertyValueSpecification\",\"valueRequired\":true,\"valueName\":\"search_term_string\"}}],\"inLanguage\":\"es-CR\"},{\"@type\":\"Organization\",\"@id\":\"https:\\\/\\\/gdcomputadoras.com\\\/wp\\\/#organization\",\"name\":\"Gd computadoras\",\"url\":\"https:\\\/\\\/gdcomputadoras.com\\\/wp\\\/\",\"logo\":{\"@type\":\"ImageObject\",\"inLanguage\":\"es-CR\",\"@id\":\"https:\\\/\\\/gdcomputadoras.com\\\/wp\\\/#\\\/schema\\\/logo\\\/image\\\/\",\"url\":\"https:\\\/\\\/gdcomputadoras.com\\\/wp\\\/wp-content\\\/uploads\\\/2025\\\/06\\\/logo.png\",\"contentUrl\":\"https:\\\/\\\/gdcomputadoras.com\\\/wp\\\/wp-content\\\/uploads\\\/2025\\\/06\\\/logo.png\",\"width\":200,\"height\":200,\"caption\":\"Gd computadoras\"},\"image\":{\"@id\":\"https:\\\/\\\/gdcomputadoras.com\\\/wp\\\/#\\\/schema\\\/logo\\\/image\\\/\"},\"sameAs\":[\"https:\\\/\\\/www.facebook.com\\\/gd.costarica.21\",\"https:\\\/\\\/www.instagram.com\\\/gdcomputadoras\",\"https:\\\/\\\/www.youtube.com\\\/@GDCOMPUTADORAS\"]}]}<\/script>\n<!-- \/ Yoast SEO plugin. -->","yoast_head_json":{"title":"CARGADOR R\u00c1PIDO INAL\u00c1MBRICO DE 10W SOPORTE PARA COCHE VORTEX M1","description":"Cargador de soporte de 10W ideal para tu auto .","robots":{"index":"index","follow":"follow","max-snippet":"max-snippet:-1","max-image-preview":"max-image-preview:large","max-video-preview":"max-video-preview:-1"},"canonical":"https:\/\/gdcomputadoras.com\/wp\/product\/soporte-y-cargador-10w\/","og_locale":"es_ES","og_type":"article","og_title":"CARGADOR R\u00c1PIDO INAL\u00c1MBRICO DE 10W SOPORTE PARA COCHE VORTEX M1","og_description":"Cargador de soporte de 10W ideal para tu auto .","og_url":"https:\/\/gdcomputadoras.com\/wp\/product\/soporte-y-cargador-10w\/","og_site_name":"Gd computadoras","article_publisher":"https:\/\/www.facebook.com\/gd.costarica.21","article_modified_time":"2025-06-10T11:06:46+00:00","og_image":[{"width":800,"height":800,"url":"https:\/\/gdcomputadoras.com\/wp\/wp-content\/uploads\/2025\/06\/4420.jpg","type":"image\/jpeg"}],"twitter_card":"summary_large_image","twitter_misc":{"Est. reading time":"1 minuto"},"schema":{"@context":"https:\/\/schema.org","@graph":[{"@type":"WebPage","@id":"https:\/\/gdcomputadoras.com\/wp\/product\/soporte-y-cargador-10w\/","url":"https:\/\/gdcomputadoras.com\/wp\/product\/soporte-y-cargador-10w\/","name":"CARGADOR R\u00c1PIDO INAL\u00c1MBRICO DE 10W SOPORTE PARA COCHE VORTEX M1","isPartOf":{"@id":"https:\/\/gdcomputadoras.com\/wp\/#website"},"primaryImageOfPage":{"@id":"https:\/\/gdcomputadoras.com\/wp\/product\/soporte-y-cargador-10w\/#primaryimage"},"image":{"@id":"https:\/\/gdcomputadoras.com\/wp\/product\/soporte-y-cargador-10w\/#primaryimage"},"thumbnailUrl":"https:\/\/gdcomputadoras.com\/wp\/wp-content\/uploads\/2025\/06\/4420.jpg","datePublished":"2021-07-28T16:26:39+00:00","dateModified":"2025-06-10T11:06:46+00:00","description":"Cargador de soporte de 10W ideal para tu auto .","breadcrumb":{"@id":"https:\/\/gdcomputadoras.com\/wp\/product\/soporte-y-cargador-10w\/#breadcrumb"},"inLanguage":"es-CR","potentialAction":[{"@type":"ReadAction","target":["https:\/\/gdcomputadoras.com\/wp\/product\/soporte-y-cargador-10w\/"]}]},{"@type":"ImageObject","inLanguage":"es-CR","@id":"https:\/\/gdcomputadoras.com\/wp\/product\/soporte-y-cargador-10w\/#primaryimage","url":"https:\/\/gdcomputadoras.com\/wp\/wp-content\/uploads\/2025\/06\/4420.jpg","contentUrl":"https:\/\/gdcomputadoras.com\/wp\/wp-content\/uploads\/2025\/06\/4420.jpg","width":800,"height":800,"caption":"Soporte y cargador 10W"},{"@type":"BreadcrumbList","@id":"https:\/\/gdcomputadoras.com\/wp\/product\/soporte-y-cargador-10w\/#breadcrumb","itemListElement":[{"@type":"ListItem","position":1,"name":"Portada","item":"https:\/\/gdcomputadoras.com\/wp\/"},{"@type":"ListItem","position":2,"name":"Tienda","item":"https:\/\/gdcomputadoras.com\/wp\/shop\/"},{"@type":"ListItem","position":3,"name":"Soporte y cargador 10W"}]},{"@type":"WebSite","@id":"https:\/\/gdcomputadoras.com\/wp\/#website","url":"https:\/\/gdcomputadoras.com\/wp\/","name":"Gd computadoras","description":"Gd","publisher":{"@id":"https:\/\/gdcomputadoras.com\/wp\/#organization"},"alternateName":"GD","potentialAction":[{"@type":"SearchAction","target":{"@type":"EntryPoint","urlTemplate":"https:\/\/gdcomputadoras.com\/wp\/?s={search_term_string}"},"query-input":{"@type":"PropertyValueSpecification","valueRequired":true,"valueName":"search_term_string"}}],"inLanguage":"es-CR"},{"@type":"Organization","@id":"https:\/\/gdcomputadoras.com\/wp\/#organization","name":"Gd computadoras","url":"https:\/\/gdcomputadoras.com\/wp\/","logo":{"@type":"ImageObject","inLanguage":"es-CR","@id":"https:\/\/gdcomputadoras.com\/wp\/#\/schema\/logo\/image\/","url":"https:\/\/gdcomputadoras.com\/wp\/wp-content\/uploads\/2025\/06\/logo.png","contentUrl":"https:\/\/gdcomputadoras.com\/wp\/wp-content\/uploads\/2025\/06\/logo.png","width":200,"height":200,"caption":"Gd computadoras"},"image":{"@id":"https:\/\/gdcomputadoras.com\/wp\/#\/schema\/logo\/image\/"},"sameAs":["https:\/\/www.facebook.com\/gd.costarica.21","https:\/\/www.instagram.com\/gdcomputadoras","https:\/\/www.youtube.com\/@GDCOMPUTADORAS"]}]}},"_links":{"self":[{"href":"https:\/\/gdcomputadoras.com\/wp\/wp-json\/wp\/v2\/product\/11995","targetHints":{"allow":["GET"]}}],"collection":[{"href":"https:\/\/gdcomputadoras.com\/wp\/wp-json\/wp\/v2\/product"}],"about":[{"href":"https:\/\/gdcomputadoras.com\/wp\/wp-json\/wp\/v2\/types\/product"}],"replies":[{"embeddable":true,"href":"https:\/\/gdcomputadoras.com\/wp\/wp-json\/wp\/v2\/comments?post=11995"}],"version-history":[{"count":0,"href":"https:\/\/gdcomputadoras.com\/wp\/wp-json\/wp\/v2\/product\/11995\/revisions"}],"wp:featuredmedia":[{"embeddable":true,"href":"https:\/\/gdcomputadoras.com\/wp\/wp-json\/wp\/v2\/media\/11996"}],"wp:attachment":[{"href":"https:\/\/gdcomputadoras.com\/wp\/wp-json\/wp\/v2\/media?parent=11995"}],"wp:term":[{"taxonomy":"product_brand","embeddable":true,"href":"https:\/\/gdcomputadoras.com\/wp\/wp-json\/wp\/v2\/product_brand?post=11995"},{"taxonomy":"product_cat","embeddable":true,"href":"https:\/\/gdcomputadoras.com\/wp\/wp-json\/wp\/v2\/product_cat?post=11995"},{"taxonomy":"product_tag","embeddable":true,"href":"https:\/\/gdcomputadoras.com\/wp\/wp-json\/wp\/v2\/product_tag?post=11995"}],"curies":[{"name":"wp","href":"https:\/\/api.w.org\/{rel}","templated":true}]}}