{"id":12209,"date":"2022-06-09T12:36:12","date_gmt":"2022-06-09T12:36:12","guid":{"rendered":"https:\/\/gdcomputadoras.com\/wp\/?product=office-2021-pro-para-mac"},"modified":"2026-02-14T15:17:52","modified_gmt":"2026-02-14T21:17:52","slug":"office-2021-pro-para-mac","status":"publish","type":"product","link":"https:\/\/gdcomputadoras.com\/wp\/product\/office-2021-pro-para-mac\/","title":{"rendered":"Licencia Office 2021 Pro Para Mac"},"content":{"rendered":"<p>Nuevo Microsoft Office 2021 Professional Plus para MAC<\/p>\n<p>Todas las claves de licencia son originales de Microsoft<\/p>\n<p style=\"margin-top: 0px; margin-bottom: 1rem; color: #222222; font-size: 14px; line-height: 18px; font-family: Oswald, sans-serif; background-color: #ffffff;\">Word 2019 Excel 2019 PowerPoint 2019 OneNote 2019 Outlook 2019 Publisher 2019 y Access 2019.<\/p>\n<p style=\"margin-top: 0px; margin-bottom: 1rem; color: #222222; font-size: 14px; line-height: 18px; font-family: Oswald, sans-serif; background-color: #ffffff;\">Trabaje de la manera que desee: con un teclado, un bol\u00edgrafo o una pantalla t\u00e1ctil, todo es posible. Utiliza todas las posibilidades que ofrece Office. Escriba su pregunta en el cuadro Explicaci\u00f3n en la cinta y recibir\u00e1 una respuesta.<\/p>\n<p style=\"margin-top: 0px; margin-bottom: 1rem; color: #222222; font-size: 14px; line-height: 18px; font-family: Oswald, sans-serif; background-color: #ffffff;\">Los nuevos temas ofrecen la oportunidad de experimentar Office de la manera que m\u00e1s le convenga. Los temas Gris y Gris oscuro proporcionan mucho contraste por lo que sus ojos est\u00e1n menos estresados. El tema colorido garantiza que todo se vea muy moderno en todos sus dispositivos. Deje que Bing with Insights aumente su placer de leer. Insights proporciona informaci\u00f3n de contenido de la web que puede ser \u00fatil al leer un archivo de Office.<\/p>\n<p style=\"margin-top: 0px; margin-bottom: 1rem; color: #222222; font-size: 14px; line-height: 18px; font-family: Oswald, sans-serif; background-color: #ffffff;\">Deje que las plantillas cuiden en gran medida la forma para que pueda centrarse completamente en el contenido. Mantenga un registro de los comentarios en documentos de Word y m\u00e1rquelos con el nuevo bot\u00f3n de respuesta como hecho. Transfiera el contenido directamente a Word desde archivos PDF. Abra archivos PDF y edite p\u00e1rrafos, listas y tablas como lo hace en los documentos familiares de Word.<\/p>\n<p style=\"margin-top: 0px; margin-bottom: 1rem; color: #222222; font-size: 14px; line-height: 18px; font-family: Oswald, sans-serif; background-color: #ffffff;\">Ahorre tiempo al formatear datos en Excel, para que pueda sacar sus conclusiones mucho m\u00e1s r\u00e1pido. Las nuevas herramientas reconocen su patr\u00f3n y completan autom\u00e1ticamente los datos por usted.<\/p>\n","protected":false},"excerpt":{"rendered":"<p>Microsoft Office 2021 Professional Plus para MAC<\/p>\n","protected":false},"featured_media":12210,"comment_status":"open","ping_status":"closed","template":"","meta":{"_joinchat":[]},"product_brand":[37],"product_cat":[145],"product_tag":[1318],"class_list":{"0":"post-12209","1":"product","2":"type-product","3":"status-publish","4":"has-post-thumbnail","6":"product_brand-microsoft","7":"product_cat-software","8":"product_tag-licencia-office-mac-costa-rica","10":"first","11":"instock","12":"taxable","13":"shipping-taxable","14":"purchasable","15":"product-type-simple"},"yoast_head":"<!-- This site is optimized with the Yoast SEO plugin v27.5 - https:\/\/yoast.com\/product\/yoast-seo-wordpress\/ -->\n<title>Microsoft Office 2021 Professional Plus para MAC<\/title>\n<meta name=\"description\" content=\"Los nuevos temas ofrecen la oportunidad de experimentar Office de la manera que m\u00e1s le convenga. Los temas Gris y Gris oscuro proporcionan mucho contraste por lo que sus ojos est\u00e1n menos estresados. El tema colorido garantiza que todo se vea muy moderno en todos sus dispositivos. Deje que Bing with Insights aumente su placer de leer. Insights proporciona informaci\u00f3n de contenido de la web que puede ser \u00fatil al leer un archivo de Office.\" \/>\n<meta name=\"robots\" content=\"index, follow, max-snippet:-1, max-image-preview:large, max-video-preview:-1\" \/>\n<link rel=\"canonical\" href=\"https:\/\/gdcomputadoras.com\/wp\/product\/office-2021-pro-para-mac\/\" \/>\n<meta property=\"og:locale\" content=\"es_ES\" \/>\n<meta property=\"og:type\" content=\"article\" \/>\n<meta property=\"og:title\" content=\"Microsoft Office 2021 Professional Plus para MAC\" \/>\n<meta property=\"og:description\" content=\"Los nuevos temas ofrecen la oportunidad de experimentar Office de la manera que m\u00e1s le convenga. Los temas Gris y Gris oscuro proporcionan mucho contraste por lo que sus ojos est\u00e1n menos estresados. El tema colorido garantiza que todo se vea muy moderno en todos sus dispositivos. Deje que Bing with Insights aumente su placer de leer. Insights proporciona informaci\u00f3n de contenido de la web que puede ser \u00fatil al leer un archivo de Office.\" \/>\n<meta property=\"og:url\" content=\"https:\/\/gdcomputadoras.com\/wp\/product\/office-2021-pro-para-mac\/\" \/>\n<meta property=\"og:site_name\" content=\"Gd computadoras\" \/>\n<meta property=\"article:publisher\" content=\"https:\/\/www.facebook.com\/gd.costarica.21\" \/>\n<meta property=\"article:modified_time\" content=\"2026-02-14T21:17:52+00:00\" \/>\n<meta property=\"og:image\" content=\"https:\/\/gdcomputadoras.com\/wp\/wp-content\/uploads\/2025\/06\/5034.jpg\" \/>\n\t<meta property=\"og:image:width\" content=\"1144\" \/>\n\t<meta property=\"og:image:height\" content=\"1144\" \/>\n\t<meta property=\"og:image:type\" content=\"image\/jpeg\" \/>\n<meta name=\"twitter:card\" content=\"summary_large_image\" \/>\n<meta name=\"twitter:label1\" content=\"Est. reading time\" \/>\n\t<meta name=\"twitter:data1\" content=\"2 minutos\" \/>\n<script type=\"application\/ld+json\" class=\"yoast-schema-graph\">{\"@context\":\"https:\\\/\\\/schema.org\",\"@graph\":[{\"@type\":\"WebPage\",\"@id\":\"https:\\\/\\\/gdcomputadoras.com\\\/wp\\\/product\\\/office-2021-pro-para-mac\\\/\",\"url\":\"https:\\\/\\\/gdcomputadoras.com\\\/wp\\\/product\\\/office-2021-pro-para-mac\\\/\",\"name\":\"Microsoft Office 2021 Professional Plus para MAC\",\"isPartOf\":{\"@id\":\"https:\\\/\\\/gdcomputadoras.com\\\/wp\\\/#website\"},\"primaryImageOfPage\":{\"@id\":\"https:\\\/\\\/gdcomputadoras.com\\\/wp\\\/product\\\/office-2021-pro-para-mac\\\/#primaryimage\"},\"image\":{\"@id\":\"https:\\\/\\\/gdcomputadoras.com\\\/wp\\\/product\\\/office-2021-pro-para-mac\\\/#primaryimage\"},\"thumbnailUrl\":\"https:\\\/\\\/gdcomputadoras.com\\\/wp\\\/wp-content\\\/uploads\\\/2025\\\/06\\\/5034.jpg\",\"datePublished\":\"2022-06-09T12:36:12+00:00\",\"dateModified\":\"2026-02-14T21:17:52+00:00\",\"description\":\"Los nuevos temas ofrecen la oportunidad de experimentar Office de la manera que m\u00e1s le convenga. Los temas Gris y Gris oscuro proporcionan mucho contraste por lo que sus ojos est\u00e1n menos estresados. El tema colorido garantiza que todo se vea muy moderno en todos sus dispositivos. Deje que Bing with Insights aumente su placer de leer. Insights proporciona informaci\u00f3n de contenido de la web que puede ser \u00fatil al leer un archivo de Office.\",\"breadcrumb\":{\"@id\":\"https:\\\/\\\/gdcomputadoras.com\\\/wp\\\/product\\\/office-2021-pro-para-mac\\\/#breadcrumb\"},\"inLanguage\":\"es-CR\",\"potentialAction\":[{\"@type\":\"ReadAction\",\"target\":[\"https:\\\/\\\/gdcomputadoras.com\\\/wp\\\/product\\\/office-2021-pro-para-mac\\\/\"]}]},{\"@type\":\"ImageObject\",\"inLanguage\":\"es-CR\",\"@id\":\"https:\\\/\\\/gdcomputadoras.com\\\/wp\\\/product\\\/office-2021-pro-para-mac\\\/#primaryimage\",\"url\":\"https:\\\/\\\/gdcomputadoras.com\\\/wp\\\/wp-content\\\/uploads\\\/2025\\\/06\\\/5034.jpg\",\"contentUrl\":\"https:\\\/\\\/gdcomputadoras.com\\\/wp\\\/wp-content\\\/uploads\\\/2025\\\/06\\\/5034.jpg\",\"width\":1144,\"height\":1144,\"caption\":\"Microsoft Office 2021 Professional Plus para MAC\"},{\"@type\":\"BreadcrumbList\",\"@id\":\"https:\\\/\\\/gdcomputadoras.com\\\/wp\\\/product\\\/office-2021-pro-para-mac\\\/#breadcrumb\",\"itemListElement\":[{\"@type\":\"ListItem\",\"position\":1,\"name\":\"Portada\",\"item\":\"https:\\\/\\\/gdcomputadoras.com\\\/wp\\\/\"},{\"@type\":\"ListItem\",\"position\":2,\"name\":\"Tienda\",\"item\":\"https:\\\/\\\/gdcomputadoras.com\\\/wp\\\/shop\\\/\"},{\"@type\":\"ListItem\",\"position\":3,\"name\":\"Licencia Office 2021 Pro Para Mac\"}]},{\"@type\":\"WebSite\",\"@id\":\"https:\\\/\\\/gdcomputadoras.com\\\/wp\\\/#website\",\"url\":\"https:\\\/\\\/gdcomputadoras.com\\\/wp\\\/\",\"name\":\"Gd computadoras\",\"description\":\"Gd\",\"publisher\":{\"@id\":\"https:\\\/\\\/gdcomputadoras.com\\\/wp\\\/#organization\"},\"alternateName\":\"GD\",\"potentialAction\":[{\"@type\":\"SearchAction\",\"target\":{\"@type\":\"EntryPoint\",\"urlTemplate\":\"https:\\\/\\\/gdcomputadoras.com\\\/wp\\\/?s={search_term_string}\"},\"query-input\":{\"@type\":\"PropertyValueSpecification\",\"valueRequired\":true,\"valueName\":\"search_term_string\"}}],\"inLanguage\":\"es-CR\"},{\"@type\":\"Organization\",\"@id\":\"https:\\\/\\\/gdcomputadoras.com\\\/wp\\\/#organization\",\"name\":\"Gd computadoras\",\"url\":\"https:\\\/\\\/gdcomputadoras.com\\\/wp\\\/\",\"logo\":{\"@type\":\"ImageObject\",\"inLanguage\":\"es-CR\",\"@id\":\"https:\\\/\\\/gdcomputadoras.com\\\/wp\\\/#\\\/schema\\\/logo\\\/image\\\/\",\"url\":\"https:\\\/\\\/gdcomputadoras.com\\\/wp\\\/wp-content\\\/uploads\\\/2025\\\/06\\\/logo.png\",\"contentUrl\":\"https:\\\/\\\/gdcomputadoras.com\\\/wp\\\/wp-content\\\/uploads\\\/2025\\\/06\\\/logo.png\",\"width\":200,\"height\":200,\"caption\":\"Gd computadoras\"},\"image\":{\"@id\":\"https:\\\/\\\/gdcomputadoras.com\\\/wp\\\/#\\\/schema\\\/logo\\\/image\\\/\"},\"sameAs\":[\"https:\\\/\\\/www.facebook.com\\\/gd.costarica.21\",\"https:\\\/\\\/www.instagram.com\\\/gdcomputadoras\",\"https:\\\/\\\/www.youtube.com\\\/@GDCOMPUTADORAS\"]}]}<\/script>\n<!-- \/ Yoast SEO plugin. -->","yoast_head_json":{"title":"Microsoft Office 2021 Professional Plus para MAC","description":"Los nuevos temas ofrecen la oportunidad de experimentar Office de la manera que m\u00e1s le convenga. Los temas Gris y Gris oscuro proporcionan mucho contraste por lo que sus ojos est\u00e1n menos estresados. El tema colorido garantiza que todo se vea muy moderno en todos sus dispositivos. Deje que Bing with Insights aumente su placer de leer. Insights proporciona informaci\u00f3n de contenido de la web que puede ser \u00fatil al leer un archivo de Office.","robots":{"index":"index","follow":"follow","max-snippet":"max-snippet:-1","max-image-preview":"max-image-preview:large","max-video-preview":"max-video-preview:-1"},"canonical":"https:\/\/gdcomputadoras.com\/wp\/product\/office-2021-pro-para-mac\/","og_locale":"es_ES","og_type":"article","og_title":"Microsoft Office 2021 Professional Plus para MAC","og_description":"Los nuevos temas ofrecen la oportunidad de experimentar Office de la manera que m\u00e1s le convenga. Los temas Gris y Gris oscuro proporcionan mucho contraste por lo que sus ojos est\u00e1n menos estresados. El tema colorido garantiza que todo se vea muy moderno en todos sus dispositivos. Deje que Bing with Insights aumente su placer de leer. Insights proporciona informaci\u00f3n de contenido de la web que puede ser \u00fatil al leer un archivo de Office.","og_url":"https:\/\/gdcomputadoras.com\/wp\/product\/office-2021-pro-para-mac\/","og_site_name":"Gd computadoras","article_publisher":"https:\/\/www.facebook.com\/gd.costarica.21","article_modified_time":"2026-02-14T21:17:52+00:00","og_image":[{"width":1144,"height":1144,"url":"https:\/\/gdcomputadoras.com\/wp\/wp-content\/uploads\/2025\/06\/5034.jpg","type":"image\/jpeg"}],"twitter_card":"summary_large_image","twitter_misc":{"Est. reading time":"2 minutos"},"schema":{"@context":"https:\/\/schema.org","@graph":[{"@type":"WebPage","@id":"https:\/\/gdcomputadoras.com\/wp\/product\/office-2021-pro-para-mac\/","url":"https:\/\/gdcomputadoras.com\/wp\/product\/office-2021-pro-para-mac\/","name":"Microsoft Office 2021 Professional Plus para MAC","isPartOf":{"@id":"https:\/\/gdcomputadoras.com\/wp\/#website"},"primaryImageOfPage":{"@id":"https:\/\/gdcomputadoras.com\/wp\/product\/office-2021-pro-para-mac\/#primaryimage"},"image":{"@id":"https:\/\/gdcomputadoras.com\/wp\/product\/office-2021-pro-para-mac\/#primaryimage"},"thumbnailUrl":"https:\/\/gdcomputadoras.com\/wp\/wp-content\/uploads\/2025\/06\/5034.jpg","datePublished":"2022-06-09T12:36:12+00:00","dateModified":"2026-02-14T21:17:52+00:00","description":"Los nuevos temas ofrecen la oportunidad de experimentar Office de la manera que m\u00e1s le convenga. Los temas Gris y Gris oscuro proporcionan mucho contraste por lo que sus ojos est\u00e1n menos estresados. El tema colorido garantiza que todo se vea muy moderno en todos sus dispositivos. Deje que Bing with Insights aumente su placer de leer. Insights proporciona informaci\u00f3n de contenido de la web que puede ser \u00fatil al leer un archivo de Office.","breadcrumb":{"@id":"https:\/\/gdcomputadoras.com\/wp\/product\/office-2021-pro-para-mac\/#breadcrumb"},"inLanguage":"es-CR","potentialAction":[{"@type":"ReadAction","target":["https:\/\/gdcomputadoras.com\/wp\/product\/office-2021-pro-para-mac\/"]}]},{"@type":"ImageObject","inLanguage":"es-CR","@id":"https:\/\/gdcomputadoras.com\/wp\/product\/office-2021-pro-para-mac\/#primaryimage","url":"https:\/\/gdcomputadoras.com\/wp\/wp-content\/uploads\/2025\/06\/5034.jpg","contentUrl":"https:\/\/gdcomputadoras.com\/wp\/wp-content\/uploads\/2025\/06\/5034.jpg","width":1144,"height":1144,"caption":"Microsoft Office 2021 Professional Plus para MAC"},{"@type":"BreadcrumbList","@id":"https:\/\/gdcomputadoras.com\/wp\/product\/office-2021-pro-para-mac\/#breadcrumb","itemListElement":[{"@type":"ListItem","position":1,"name":"Portada","item":"https:\/\/gdcomputadoras.com\/wp\/"},{"@type":"ListItem","position":2,"name":"Tienda","item":"https:\/\/gdcomputadoras.com\/wp\/shop\/"},{"@type":"ListItem","position":3,"name":"Licencia Office 2021 Pro Para Mac"}]},{"@type":"WebSite","@id":"https:\/\/gdcomputadoras.com\/wp\/#website","url":"https:\/\/gdcomputadoras.com\/wp\/","name":"Gd computadoras","description":"Gd","publisher":{"@id":"https:\/\/gdcomputadoras.com\/wp\/#organization"},"alternateName":"GD","potentialAction":[{"@type":"SearchAction","target":{"@type":"EntryPoint","urlTemplate":"https:\/\/gdcomputadoras.com\/wp\/?s={search_term_string}"},"query-input":{"@type":"PropertyValueSpecification","valueRequired":true,"valueName":"search_term_string"}}],"inLanguage":"es-CR"},{"@type":"Organization","@id":"https:\/\/gdcomputadoras.com\/wp\/#organization","name":"Gd computadoras","url":"https:\/\/gdcomputadoras.com\/wp\/","logo":{"@type":"ImageObject","inLanguage":"es-CR","@id":"https:\/\/gdcomputadoras.com\/wp\/#\/schema\/logo\/image\/","url":"https:\/\/gdcomputadoras.com\/wp\/wp-content\/uploads\/2025\/06\/logo.png","contentUrl":"https:\/\/gdcomputadoras.com\/wp\/wp-content\/uploads\/2025\/06\/logo.png","width":200,"height":200,"caption":"Gd computadoras"},"image":{"@id":"https:\/\/gdcomputadoras.com\/wp\/#\/schema\/logo\/image\/"},"sameAs":["https:\/\/www.facebook.com\/gd.costarica.21","https:\/\/www.instagram.com\/gdcomputadoras","https:\/\/www.youtube.com\/@GDCOMPUTADORAS"]}]}},"_links":{"self":[{"href":"https:\/\/gdcomputadoras.com\/wp\/wp-json\/wp\/v2\/product\/12209","targetHints":{"allow":["GET"]}}],"collection":[{"href":"https:\/\/gdcomputadoras.com\/wp\/wp-json\/wp\/v2\/product"}],"about":[{"href":"https:\/\/gdcomputadoras.com\/wp\/wp-json\/wp\/v2\/types\/product"}],"replies":[{"embeddable":true,"href":"https:\/\/gdcomputadoras.com\/wp\/wp-json\/wp\/v2\/comments?post=12209"}],"version-history":[{"count":1,"href":"https:\/\/gdcomputadoras.com\/wp\/wp-json\/wp\/v2\/product\/12209\/revisions"}],"predecessor-version":[{"id":16584,"href":"https:\/\/gdcomputadoras.com\/wp\/wp-json\/wp\/v2\/product\/12209\/revisions\/16584"}],"wp:featuredmedia":[{"embeddable":true,"href":"https:\/\/gdcomputadoras.com\/wp\/wp-json\/wp\/v2\/media\/12210"}],"wp:attachment":[{"href":"https:\/\/gdcomputadoras.com\/wp\/wp-json\/wp\/v2\/media?parent=12209"}],"wp:term":[{"taxonomy":"product_brand","embeddable":true,"href":"https:\/\/gdcomputadoras.com\/wp\/wp-json\/wp\/v2\/product_brand?post=12209"},{"taxonomy":"product_cat","embeddable":true,"href":"https:\/\/gdcomputadoras.com\/wp\/wp-json\/wp\/v2\/product_cat?post=12209"},{"taxonomy":"product_tag","embeddable":true,"href":"https:\/\/gdcomputadoras.com\/wp\/wp-json\/wp\/v2\/product_tag?post=12209"}],"curies":[{"name":"wp","href":"https:\/\/api.w.org\/{rel}","templated":true}]}}