{"id":12429,"date":"2023-08-12T11:50:57","date_gmt":"2023-08-12T11:50:57","guid":{"rendered":"https:\/\/gdcomputadoras.com\/wp\/?product=soporte-tv-de-32-a-70"},"modified":"2026-05-09T16:56:42","modified_gmt":"2026-05-09T22:56:42","slug":"soporte-tv-de-32-a-70","status":"publish","type":"product","link":"https:\/\/gdcomputadoras.com\/wp\/product\/soporte-tv-de-32-a-70\/","title":{"rendered":"Soporte TV De 32&#8243; a 70&#8243;"},"content":{"rendered":"<p>Descripci\u00f3n<\/p>\n<p>Soporte inclinable para pared<\/p>\n<p>Compatible con pantallas de 32&#8243; a 70&#8243; pulgadas (81.28 x 177.8 cm)<\/p>\n<p>Capacidad de carga de 30 kg<\/p>\n<p>Compatible con montaje VESA de 600 x 400 mm<\/p>\n<p>Estructura s\u00f3lida fabricada con acero de grueso calibre<\/p>\n<p>Ofrece una inclinaci\u00f3n de 10 grados para el \u00e1ngulo de visi\u00f3n perfecto<\/p>\n","protected":false},"excerpt":{"rendered":"<p>Soporte para pantalla XTA375<\/p>\n","protected":false},"featured_media":12430,"comment_status":"open","ping_status":"closed","template":"","meta":{"_joinchat":[]},"product_brand":[41],"product_cat":[94,83],"product_tag":[1197,1198,490,491,524],"class_list":{"0":"post-12429","1":"product","2":"type-product","3":"status-publish","4":"has-post-thumbnail","6":"product_brand-xtech","7":"product_cat-accesorios","8":"product_cat-electronicos","9":"product_tag-holder-de-tv","10":"product_tag-rack-de-pared-para-tv","11":"product_tag-rack-de-tv","12":"product_tag-soporte-de-pared-para-tv","13":"product_tag-soporte-de-tv","15":"first","16":"instock","17":"taxable","18":"shipping-taxable","19":"purchasable","20":"product-type-simple"},"_links":{"self":[{"href":"https:\/\/gdcomputadoras.com\/wp\/wp-json\/wp\/v2\/product\/12429","targetHints":{"allow":["GET"]}}],"collection":[{"href":"https:\/\/gdcomputadoras.com\/wp\/wp-json\/wp\/v2\/product"}],"about":[{"href":"https:\/\/gdcomputadoras.com\/wp\/wp-json\/wp\/v2\/types\/product"}],"replies":[{"embeddable":true,"href":"https:\/\/gdcomputadoras.com\/wp\/wp-json\/wp\/v2\/comments?post=12429"}],"version-history":[{"count":1,"href":"https:\/\/gdcomputadoras.com\/wp\/wp-json\/wp\/v2\/product\/12429\/revisions"}],"predecessor-version":[{"id":17590,"href":"https:\/\/gdcomputadoras.com\/wp\/wp-json\/wp\/v2\/product\/12429\/revisions\/17590"}],"wp:featuredmedia":[{"embeddable":true,"href":"https:\/\/gdcomputadoras.com\/wp\/wp-json\/wp\/v2\/media\/12430"}],"wp:attachment":[{"href":"https:\/\/gdcomputadoras.com\/wp\/wp-json\/wp\/v2\/media?parent=12429"}],"wp:term":[{"taxonomy":"product_brand","embeddable":true,"href":"https:\/\/gdcomputadoras.com\/wp\/wp-json\/wp\/v2\/product_brand?post=12429"},{"taxonomy":"product_cat","embeddable":true,"href":"https:\/\/gdcomputadoras.com\/wp\/wp-json\/wp\/v2\/product_cat?post=12429"},{"taxonomy":"product_tag","embeddable":true,"href":"https:\/\/gdcomputadoras.com\/wp\/wp-json\/wp\/v2\/product_tag?post=12429"}],"curies":[{"name":"wp","href":"https:\/\/api.w.org\/{rel}","templated":true}]}}