{"id":14618,"date":"2025-10-10T11:11:28","date_gmt":"2025-10-10T17:11:28","guid":{"rendered":"https:\/\/gdcomputadoras.com\/wp\/?post_type=product&#038;p=14618"},"modified":"2026-05-06T11:33:15","modified_gmt":"2026-05-06T17:33:15","slug":"bateria-iphone-13-pro","status":"publish","type":"product","link":"https:\/\/gdcomputadoras.com\/wp\/product\/bateria-iphone-13-pro\/","title":{"rendered":"Bater\u00eda Iphone 13 PRO"},"content":{"rendered":"<p>Bater\u00eda iphone 13 Pro para reparaci\u00f3n y con\u00a0 un excelente servicio y calidad para el mejor rendimiento del celular.<\/p>\n","protected":false},"excerpt":{"rendered":"<p>Cambio de bater\u00eda Iphone 13 PRO<\/p>\n","protected":false},"featured_media":14208,"comment_status":"closed","ping_status":"closed","template":"","meta":{"_joinchat":[]},"product_brand":[31],"product_cat":[148,120,146],"product_tag":[],"class_list":{"0":"post-14618","1":"product","2":"type-product","3":"status-publish","4":"has-post-thumbnail","6":"product_brand-apple-costa-rica","7":"product_cat-baterias","8":"product_cat-baterias-de-celulares","9":"product_cat-servicio-tecnico","11":"first","12":"instock","13":"taxable","14":"shipping-taxable","15":"purchasable","16":"product-type-simple"},"_links":{"self":[{"href":"https:\/\/gdcomputadoras.com\/wp\/wp-json\/wp\/v2\/product\/14618","targetHints":{"allow":["GET"]}}],"collection":[{"href":"https:\/\/gdcomputadoras.com\/wp\/wp-json\/wp\/v2\/product"}],"about":[{"href":"https:\/\/gdcomputadoras.com\/wp\/wp-json\/wp\/v2\/types\/product"}],"replies":[{"embeddable":true,"href":"https:\/\/gdcomputadoras.com\/wp\/wp-json\/wp\/v2\/comments?post=14618"}],"version-history":[{"count":0,"href":"https:\/\/gdcomputadoras.com\/wp\/wp-json\/wp\/v2\/product\/14618\/revisions"}],"wp:featuredmedia":[{"embeddable":true,"href":"https:\/\/gdcomputadoras.com\/wp\/wp-json\/wp\/v2\/media\/14208"}],"wp:attachment":[{"href":"https:\/\/gdcomputadoras.com\/wp\/wp-json\/wp\/v2\/media?parent=14618"}],"wp:term":[{"taxonomy":"product_brand","embeddable":true,"href":"https:\/\/gdcomputadoras.com\/wp\/wp-json\/wp\/v2\/product_brand?post=14618"},{"taxonomy":"product_cat","embeddable":true,"href":"https:\/\/gdcomputadoras.com\/wp\/wp-json\/wp\/v2\/product_cat?post=14618"},{"taxonomy":"product_tag","embeddable":true,"href":"https:\/\/gdcomputadoras.com\/wp\/wp-json\/wp\/v2\/product_tag?post=14618"}],"curies":[{"name":"wp","href":"https:\/\/api.w.org\/{rel}","templated":true}]}}