{"id":15716,"date":"2025-11-21T13:10:36","date_gmt":"2025-11-21T19:10:36","guid":{"rendered":"https:\/\/gdcomputadoras.com\/wp\/?post_type=product&#038;p=15716"},"modified":"2026-05-09T16:56:57","modified_gmt":"2026-05-09T22:56:57","slug":"mini-ups-cdp-12v-10kmah","status":"publish","type":"product","link":"https:\/\/gdcomputadoras.com\/wp\/product\/mini-ups-cdp-12v-10kmah\/","title":{"rendered":"Mini UPS CDP 12V 10KMAH"},"content":{"rendered":"<p style=\"font-weight: 400;\">DC UPS de iones de litio<br \/>\n(No-Break) proporciona respaldo extenso y confiable de energ\u00eda para routers,<br \/>\nmodem, c\u00e1maras IP y m\u00e1s dispositivos operando en corriente directa.<\/p>\n<p><br style=\"font-weight: 400;\" \/><br style=\"font-weight: 400;\" \/><\/p>\n<p style=\"font-weight: 400;\">Este innovador DC UPS proporciona<br \/>\nrespaldo extenso y confiable de energ\u00eda para routers, modem, c\u00e1maras IP y m\u00e1s<br \/>\ndispositivos operandos en corriente directa. Est\u00e1 dise\u00f1ado para aplicaciones<br \/>\ncr\u00edticas como el procesamiento de datos y equipos de<\/p>\n<p>telecomunicaciones.<\/p>\n<p>&nbsp;<\/p>\n<p style=\"font-weight: 400;\">\u00a0Conectores de salida: 5V\/2A &#8211;<br \/>\n9V\/1A &#8211; 12V\/1A \/ POE 15V\/0.6A o 24V\/0.6A<\/p>\n<p><br style=\"font-weight: 400;\" \/><br style=\"font-weight: 400;\" \/><\/p>\n<p style=\"font-weight: 400;\">&#8211; Cargador USB-tipo A 5V\/2A.<\/p>\n<p><br style=\"font-weight: 400;\" \/><br style=\"font-weight: 400;\" \/><\/p>\n<p style=\"font-weight: 400;\">&#8211; Salida DC 5,9,12V para diversos<br \/>\ndispositivos.<\/p>\n","protected":false},"excerpt":{"rendered":"<p>Mini UPS CDP 12V 10KMAH<\/p>\n","protected":false},"featured_media":15720,"comment_status":"closed","ping_status":"closed","template":"","meta":{"_joinchat":[]},"product_brand":[1373],"product_cat":[148,91],"product_tag":[],"class_list":{"0":"post-15716","1":"product","2":"type-product","3":"status-publish","4":"has-post-thumbnail","6":"product_brand-chicago-digital","7":"product_cat-baterias","8":"product_cat-proteccion-electrica","10":"first","11":"instock","12":"taxable","13":"shipping-taxable","14":"purchasable","15":"product-type-simple"},"_links":{"self":[{"href":"https:\/\/gdcomputadoras.com\/wp\/wp-json\/wp\/v2\/product\/15716","targetHints":{"allow":["GET"]}}],"collection":[{"href":"https:\/\/gdcomputadoras.com\/wp\/wp-json\/wp\/v2\/product"}],"about":[{"href":"https:\/\/gdcomputadoras.com\/wp\/wp-json\/wp\/v2\/types\/product"}],"replies":[{"embeddable":true,"href":"https:\/\/gdcomputadoras.com\/wp\/wp-json\/wp\/v2\/comments?post=15716"}],"version-history":[{"count":0,"href":"https:\/\/gdcomputadoras.com\/wp\/wp-json\/wp\/v2\/product\/15716\/revisions"}],"wp:featuredmedia":[{"embeddable":true,"href":"https:\/\/gdcomputadoras.com\/wp\/wp-json\/wp\/v2\/media\/15720"}],"wp:attachment":[{"href":"https:\/\/gdcomputadoras.com\/wp\/wp-json\/wp\/v2\/media?parent=15716"}],"wp:term":[{"taxonomy":"product_brand","embeddable":true,"href":"https:\/\/gdcomputadoras.com\/wp\/wp-json\/wp\/v2\/product_brand?post=15716"},{"taxonomy":"product_cat","embeddable":true,"href":"https:\/\/gdcomputadoras.com\/wp\/wp-json\/wp\/v2\/product_cat?post=15716"},{"taxonomy":"product_tag","embeddable":true,"href":"https:\/\/gdcomputadoras.com\/wp\/wp-json\/wp\/v2\/product_tag?post=15716"}],"curies":[{"name":"wp","href":"https:\/\/api.w.org\/{rel}","templated":true}]}}