{"id":16246,"date":"2025-12-03T14:36:29","date_gmt":"2025-12-03T20:36:29","guid":{"rendered":"https:\/\/gdcomputadoras.com\/wp\/?post_type=product&#038;p=16246"},"modified":"2026-05-06T11:33:34","modified_gmt":"2026-05-06T17:33:34","slug":"mouse-pad-gamer-sharkoon-xxl","status":"publish","type":"product","link":"https:\/\/gdcomputadoras.com\/wp\/product\/mouse-pad-gamer-sharkoon-xxl\/","title":{"rendered":"Mouse Pad Gamer Sharkoon XXL"},"content":{"rendered":"<p>Mouse PAD Gamer con alto rendimiento y buen deslice para tus horas de juego con un tama\u00f1o XXL para m\u00e1s espacio y m\u00e0s movilidad para tu mouse con amplio espacio para moverte libremente a tu gusto.<\/p>\n","protected":false},"excerpt":{"rendered":"<p>Mouse Pad XXL<\/p>\n","protected":false},"featured_media":16247,"comment_status":"closed","ping_status":"closed","template":"","meta":{"_joinchat":[]},"product_brand":[67],"product_cat":[84,1395,129],"product_tag":[],"class_list":{"0":"post-16246","1":"product","2":"type-product","3":"status-publish","4":"has-post-thumbnail","6":"product_brand-sharkoon","7":"product_cat-gaming","8":"product_cat-mouse-pad","9":"product_cat-movilidad","11":"first","12":"instock","13":"taxable","14":"shipping-taxable","15":"purchasable","16":"product-type-simple"},"_links":{"self":[{"href":"https:\/\/gdcomputadoras.com\/wp\/wp-json\/wp\/v2\/product\/16246","targetHints":{"allow":["GET"]}}],"collection":[{"href":"https:\/\/gdcomputadoras.com\/wp\/wp-json\/wp\/v2\/product"}],"about":[{"href":"https:\/\/gdcomputadoras.com\/wp\/wp-json\/wp\/v2\/types\/product"}],"replies":[{"embeddable":true,"href":"https:\/\/gdcomputadoras.com\/wp\/wp-json\/wp\/v2\/comments?post=16246"}],"version-history":[{"count":0,"href":"https:\/\/gdcomputadoras.com\/wp\/wp-json\/wp\/v2\/product\/16246\/revisions"}],"wp:featuredmedia":[{"embeddable":true,"href":"https:\/\/gdcomputadoras.com\/wp\/wp-json\/wp\/v2\/media\/16247"}],"wp:attachment":[{"href":"https:\/\/gdcomputadoras.com\/wp\/wp-json\/wp\/v2\/media?parent=16246"}],"wp:term":[{"taxonomy":"product_brand","embeddable":true,"href":"https:\/\/gdcomputadoras.com\/wp\/wp-json\/wp\/v2\/product_brand?post=16246"},{"taxonomy":"product_cat","embeddable":true,"href":"https:\/\/gdcomputadoras.com\/wp\/wp-json\/wp\/v2\/product_cat?post=16246"},{"taxonomy":"product_tag","embeddable":true,"href":"https:\/\/gdcomputadoras.com\/wp\/wp-json\/wp\/v2\/product_tag?post=16246"}],"curies":[{"name":"wp","href":"https:\/\/api.w.org\/{rel}","templated":true}]}}