{"id":17601,"date":"2026-04-22T14:23:42","date_gmt":"2026-04-22T20:23:42","guid":{"rendered":"https:\/\/gdcomputadoras.com\/wp\/?post_type=product&#038;p=17601"},"modified":"2026-04-22T14:33:41","modified_gmt":"2026-04-22T20:33:41","slug":"nokia-110-2023","status":"publish","type":"product","link":"https:\/\/gdcomputadoras.com\/wp\/product\/nokia-110-2023\/","title":{"rendered":"Nokia 110"},"content":{"rendered":"<p>Caracter\u00edsticas principales:<\/p>\n<p>Marca: Nokia<br \/>\nModelo: Nokia 110 (2023)<br \/>\nPantalla: 1.8 pulgadas QQVGA<br \/>\nC\u00e1mara: Trasera QVGA<br \/>\nBater\u00eda: 1000 mAh<br \/>\nConectividad: Micro-USB<br \/>\nExtras: Radio FM, reproductor MP3, ranura para MicroSD<br \/>\nCapacidad de contactos: hasta 2,000 contactos<br \/>\nUso recomendado: llamadas, mensajes, m\u00fasica y uso b\u00e1sico diario<\/p>\n","protected":false},"excerpt":{"rendered":"<p>Nokia 110 (2023), tel\u00e9fono b\u00e1sico pr\u00e1ctico y f\u00e1cil de usar, con pantalla de 1.8&#8243;, c\u00e1mara, radio FM, MP3 y bater\u00eda duradera. Ideal para uso diario.<\/p>\n","protected":false},"featured_media":17606,"comment_status":"closed","ping_status":"closed","template":"","meta":{"_joinchat":{"message_text":"Este {PRODUCT} puede ser tuyo hoy por solo {PRICE}","message_send":"Hola, me gustar\u00eda m\u00e1s informaci\u00f3n sobre {TITLE}. \u00bfEst\u00e1 disponible? {HREF}"}},"product_brand":[],"product_cat":[130,129],"product_tag":[],"class_list":{"0":"post-17601","1":"product","2":"type-product","3":"status-publish","4":"has-post-thumbnail","6":"product_cat-celulares","7":"product_cat-movilidad","9":"first","10":"instock","11":"taxable","12":"shipping-taxable","13":"purchasable","14":"product-type-simple"},"yoast_head":"<!-- This site is optimized with the Yoast SEO plugin v27.4 - https:\/\/yoast.com\/product\/yoast-seo-wordpress\/ -->\n<title>Nokia 110 - Gd computadoras<\/title>\n<meta name=\"description\" content=\"Compra el Nokia 110 (2023), celular b\u00e1sico con pantalla de 1.8&quot;, c\u00e1mara trasera, radio FM, MP3 y bater\u00eda de larga duraci\u00f3n. Ideal para uso diario.\" \/>\n<meta name=\"robots\" content=\"index, follow, max-snippet:-1, max-image-preview:large, max-video-preview:-1\" \/>\n<link rel=\"canonical\" href=\"https:\/\/gdcomputadoras.com\/wp\/product\/nokia-110-2023\/\" \/>\n<meta property=\"og:locale\" content=\"es_ES\" \/>\n<meta property=\"og:type\" content=\"article\" \/>\n<meta property=\"og:title\" content=\"Nokia 110 - Gd computadoras\" \/>\n<meta property=\"og:description\" content=\"Compra el Nokia 110 (2023), celular b\u00e1sico con pantalla de 1.8&quot;, c\u00e1mara trasera, radio FM, MP3 y bater\u00eda de larga duraci\u00f3n. Ideal para uso diario.\" \/>\n<meta property=\"og:url\" content=\"https:\/\/gdcomputadoras.com\/wp\/product\/nokia-110-2023\/\" \/>\n<meta property=\"og:site_name\" content=\"Gd computadoras\" \/>\n<meta property=\"article:publisher\" content=\"https:\/\/www.facebook.com\/gd.costarica.21\" \/>\n<meta property=\"article:modified_time\" content=\"2026-04-22T20:33:41+00:00\" \/>\n<meta property=\"og:image\" content=\"https:\/\/gdcomputadoras.com\/wp\/wp-content\/uploads\/2026\/04\/YzVlZWJiMW-1000x1000-1.jpg\" \/>\n\t<meta property=\"og:image:width\" content=\"1000\" \/>\n\t<meta property=\"og:image:height\" content=\"1000\" \/>\n\t<meta property=\"og:image:type\" content=\"image\/jpeg\" \/>\n<meta name=\"twitter:card\" content=\"summary_large_image\" \/>\n<meta name=\"twitter:label1\" content=\"Est. reading time\" \/>\n\t<meta name=\"twitter:data1\" content=\"1 minuto\" \/>\n<script type=\"application\/ld+json\" class=\"yoast-schema-graph\">{\"@context\":\"https:\\\/\\\/schema.org\",\"@graph\":[{\"@type\":\"WebPage\",\"@id\":\"https:\\\/\\\/gdcomputadoras.com\\\/wp\\\/product\\\/nokia-110-2023\\\/\",\"url\":\"https:\\\/\\\/gdcomputadoras.com\\\/wp\\\/product\\\/nokia-110-2023\\\/\",\"name\":\"Nokia 110 - Gd computadoras\",\"isPartOf\":{\"@id\":\"https:\\\/\\\/gdcomputadoras.com\\\/wp\\\/#website\"},\"primaryImageOfPage\":{\"@id\":\"https:\\\/\\\/gdcomputadoras.com\\\/wp\\\/product\\\/nokia-110-2023\\\/#primaryimage\"},\"image\":{\"@id\":\"https:\\\/\\\/gdcomputadoras.com\\\/wp\\\/product\\\/nokia-110-2023\\\/#primaryimage\"},\"thumbnailUrl\":\"https:\\\/\\\/gdcomputadoras.com\\\/wp\\\/wp-content\\\/uploads\\\/2026\\\/04\\\/YzVlZWJiMW-1000x1000-1.jpg\",\"datePublished\":\"2026-04-22T20:23:42+00:00\",\"dateModified\":\"2026-04-22T20:33:41+00:00\",\"description\":\"Compra el Nokia 110 (2023), celular b\u00e1sico con pantalla de 1.8\\\", c\u00e1mara trasera, radio FM, MP3 y bater\u00eda de larga duraci\u00f3n. Ideal para uso diario.\",\"breadcrumb\":{\"@id\":\"https:\\\/\\\/gdcomputadoras.com\\\/wp\\\/product\\\/nokia-110-2023\\\/#breadcrumb\"},\"inLanguage\":\"es-CR\",\"potentialAction\":[{\"@type\":\"ReadAction\",\"target\":[\"https:\\\/\\\/gdcomputadoras.com\\\/wp\\\/product\\\/nokia-110-2023\\\/\"]}]},{\"@type\":\"ImageObject\",\"inLanguage\":\"es-CR\",\"@id\":\"https:\\\/\\\/gdcomputadoras.com\\\/wp\\\/product\\\/nokia-110-2023\\\/#primaryimage\",\"url\":\"https:\\\/\\\/gdcomputadoras.com\\\/wp\\\/wp-content\\\/uploads\\\/2026\\\/04\\\/YzVlZWJiMW-1000x1000-1.jpg\",\"contentUrl\":\"https:\\\/\\\/gdcomputadoras.com\\\/wp\\\/wp-content\\\/uploads\\\/2026\\\/04\\\/YzVlZWJiMW-1000x1000-1.jpg\",\"width\":1000,\"height\":1000},{\"@type\":\"BreadcrumbList\",\"@id\":\"https:\\\/\\\/gdcomputadoras.com\\\/wp\\\/product\\\/nokia-110-2023\\\/#breadcrumb\",\"itemListElement\":[{\"@type\":\"ListItem\",\"position\":1,\"name\":\"Portada\",\"item\":\"https:\\\/\\\/gdcomputadoras.com\\\/wp\\\/\"},{\"@type\":\"ListItem\",\"position\":2,\"name\":\"Tienda\",\"item\":\"https:\\\/\\\/gdcomputadoras.com\\\/wp\\\/shop\\\/\"},{\"@type\":\"ListItem\",\"position\":3,\"name\":\"Nokia 110\"}]},{\"@type\":\"WebSite\",\"@id\":\"https:\\\/\\\/gdcomputadoras.com\\\/wp\\\/#website\",\"url\":\"https:\\\/\\\/gdcomputadoras.com\\\/wp\\\/\",\"name\":\"Gd computadoras\",\"description\":\"Gd\",\"publisher\":{\"@id\":\"https:\\\/\\\/gdcomputadoras.com\\\/wp\\\/#organization\"},\"alternateName\":\"GD\",\"potentialAction\":[{\"@type\":\"SearchAction\",\"target\":{\"@type\":\"EntryPoint\",\"urlTemplate\":\"https:\\\/\\\/gdcomputadoras.com\\\/wp\\\/?s={search_term_string}\"},\"query-input\":{\"@type\":\"PropertyValueSpecification\",\"valueRequired\":true,\"valueName\":\"search_term_string\"}}],\"inLanguage\":\"es-CR\"},{\"@type\":\"Organization\",\"@id\":\"https:\\\/\\\/gdcomputadoras.com\\\/wp\\\/#organization\",\"name\":\"Gd computadoras\",\"url\":\"https:\\\/\\\/gdcomputadoras.com\\\/wp\\\/\",\"logo\":{\"@type\":\"ImageObject\",\"inLanguage\":\"es-CR\",\"@id\":\"https:\\\/\\\/gdcomputadoras.com\\\/wp\\\/#\\\/schema\\\/logo\\\/image\\\/\",\"url\":\"https:\\\/\\\/gdcomputadoras.com\\\/wp\\\/wp-content\\\/uploads\\\/2025\\\/06\\\/logo.png\",\"contentUrl\":\"https:\\\/\\\/gdcomputadoras.com\\\/wp\\\/wp-content\\\/uploads\\\/2025\\\/06\\\/logo.png\",\"width\":200,\"height\":200,\"caption\":\"Gd computadoras\"},\"image\":{\"@id\":\"https:\\\/\\\/gdcomputadoras.com\\\/wp\\\/#\\\/schema\\\/logo\\\/image\\\/\"},\"sameAs\":[\"https:\\\/\\\/www.facebook.com\\\/gd.costarica.21\",\"https:\\\/\\\/www.instagram.com\\\/gdcomputadoras\",\"https:\\\/\\\/www.youtube.com\\\/@GDCOMPUTADORAS\"]}]}<\/script>\n<!-- \/ Yoast SEO plugin. -->","yoast_head_json":{"title":"Nokia 110 - Gd computadoras","description":"Compra el Nokia 110 (2023), celular b\u00e1sico con pantalla de 1.8\", c\u00e1mara trasera, radio FM, MP3 y bater\u00eda de larga duraci\u00f3n. Ideal para uso diario.","robots":{"index":"index","follow":"follow","max-snippet":"max-snippet:-1","max-image-preview":"max-image-preview:large","max-video-preview":"max-video-preview:-1"},"canonical":"https:\/\/gdcomputadoras.com\/wp\/product\/nokia-110-2023\/","og_locale":"es_ES","og_type":"article","og_title":"Nokia 110 - Gd computadoras","og_description":"Compra el Nokia 110 (2023), celular b\u00e1sico con pantalla de 1.8\", c\u00e1mara trasera, radio FM, MP3 y bater\u00eda de larga duraci\u00f3n. Ideal para uso diario.","og_url":"https:\/\/gdcomputadoras.com\/wp\/product\/nokia-110-2023\/","og_site_name":"Gd computadoras","article_publisher":"https:\/\/www.facebook.com\/gd.costarica.21","article_modified_time":"2026-04-22T20:33:41+00:00","og_image":[{"width":1000,"height":1000,"url":"https:\/\/gdcomputadoras.com\/wp\/wp-content\/uploads\/2026\/04\/YzVlZWJiMW-1000x1000-1.jpg","type":"image\/jpeg"}],"twitter_card":"summary_large_image","twitter_misc":{"Est. reading time":"1 minuto"},"schema":{"@context":"https:\/\/schema.org","@graph":[{"@type":"WebPage","@id":"https:\/\/gdcomputadoras.com\/wp\/product\/nokia-110-2023\/","url":"https:\/\/gdcomputadoras.com\/wp\/product\/nokia-110-2023\/","name":"Nokia 110 - Gd computadoras","isPartOf":{"@id":"https:\/\/gdcomputadoras.com\/wp\/#website"},"primaryImageOfPage":{"@id":"https:\/\/gdcomputadoras.com\/wp\/product\/nokia-110-2023\/#primaryimage"},"image":{"@id":"https:\/\/gdcomputadoras.com\/wp\/product\/nokia-110-2023\/#primaryimage"},"thumbnailUrl":"https:\/\/gdcomputadoras.com\/wp\/wp-content\/uploads\/2026\/04\/YzVlZWJiMW-1000x1000-1.jpg","datePublished":"2026-04-22T20:23:42+00:00","dateModified":"2026-04-22T20:33:41+00:00","description":"Compra el Nokia 110 (2023), celular b\u00e1sico con pantalla de 1.8\", c\u00e1mara trasera, radio FM, MP3 y bater\u00eda de larga duraci\u00f3n. Ideal para uso diario.","breadcrumb":{"@id":"https:\/\/gdcomputadoras.com\/wp\/product\/nokia-110-2023\/#breadcrumb"},"inLanguage":"es-CR","potentialAction":[{"@type":"ReadAction","target":["https:\/\/gdcomputadoras.com\/wp\/product\/nokia-110-2023\/"]}]},{"@type":"ImageObject","inLanguage":"es-CR","@id":"https:\/\/gdcomputadoras.com\/wp\/product\/nokia-110-2023\/#primaryimage","url":"https:\/\/gdcomputadoras.com\/wp\/wp-content\/uploads\/2026\/04\/YzVlZWJiMW-1000x1000-1.jpg","contentUrl":"https:\/\/gdcomputadoras.com\/wp\/wp-content\/uploads\/2026\/04\/YzVlZWJiMW-1000x1000-1.jpg","width":1000,"height":1000},{"@type":"BreadcrumbList","@id":"https:\/\/gdcomputadoras.com\/wp\/product\/nokia-110-2023\/#breadcrumb","itemListElement":[{"@type":"ListItem","position":1,"name":"Portada","item":"https:\/\/gdcomputadoras.com\/wp\/"},{"@type":"ListItem","position":2,"name":"Tienda","item":"https:\/\/gdcomputadoras.com\/wp\/shop\/"},{"@type":"ListItem","position":3,"name":"Nokia 110"}]},{"@type":"WebSite","@id":"https:\/\/gdcomputadoras.com\/wp\/#website","url":"https:\/\/gdcomputadoras.com\/wp\/","name":"Gd computadoras","description":"Gd","publisher":{"@id":"https:\/\/gdcomputadoras.com\/wp\/#organization"},"alternateName":"GD","potentialAction":[{"@type":"SearchAction","target":{"@type":"EntryPoint","urlTemplate":"https:\/\/gdcomputadoras.com\/wp\/?s={search_term_string}"},"query-input":{"@type":"PropertyValueSpecification","valueRequired":true,"valueName":"search_term_string"}}],"inLanguage":"es-CR"},{"@type":"Organization","@id":"https:\/\/gdcomputadoras.com\/wp\/#organization","name":"Gd computadoras","url":"https:\/\/gdcomputadoras.com\/wp\/","logo":{"@type":"ImageObject","inLanguage":"es-CR","@id":"https:\/\/gdcomputadoras.com\/wp\/#\/schema\/logo\/image\/","url":"https:\/\/gdcomputadoras.com\/wp\/wp-content\/uploads\/2025\/06\/logo.png","contentUrl":"https:\/\/gdcomputadoras.com\/wp\/wp-content\/uploads\/2025\/06\/logo.png","width":200,"height":200,"caption":"Gd computadoras"},"image":{"@id":"https:\/\/gdcomputadoras.com\/wp\/#\/schema\/logo\/image\/"},"sameAs":["https:\/\/www.facebook.com\/gd.costarica.21","https:\/\/www.instagram.com\/gdcomputadoras","https:\/\/www.youtube.com\/@GDCOMPUTADORAS"]}]}},"_links":{"self":[{"href":"https:\/\/gdcomputadoras.com\/wp\/wp-json\/wp\/v2\/product\/17601","targetHints":{"allow":["GET"]}}],"collection":[{"href":"https:\/\/gdcomputadoras.com\/wp\/wp-json\/wp\/v2\/product"}],"about":[{"href":"https:\/\/gdcomputadoras.com\/wp\/wp-json\/wp\/v2\/types\/product"}],"replies":[{"embeddable":true,"href":"https:\/\/gdcomputadoras.com\/wp\/wp-json\/wp\/v2\/comments?post=17601"}],"version-history":[{"count":1,"href":"https:\/\/gdcomputadoras.com\/wp\/wp-json\/wp\/v2\/product\/17601\/revisions"}],"predecessor-version":[{"id":17603,"href":"https:\/\/gdcomputadoras.com\/wp\/wp-json\/wp\/v2\/product\/17601\/revisions\/17603"}],"wp:featuredmedia":[{"embeddable":true,"href":"https:\/\/gdcomputadoras.com\/wp\/wp-json\/wp\/v2\/media\/17606"}],"wp:attachment":[{"href":"https:\/\/gdcomputadoras.com\/wp\/wp-json\/wp\/v2\/media?parent=17601"}],"wp:term":[{"taxonomy":"product_brand","embeddable":true,"href":"https:\/\/gdcomputadoras.com\/wp\/wp-json\/wp\/v2\/product_brand?post=17601"},{"taxonomy":"product_cat","embeddable":true,"href":"https:\/\/gdcomputadoras.com\/wp\/wp-json\/wp\/v2\/product_cat?post=17601"},{"taxonomy":"product_tag","embeddable":true,"href":"https:\/\/gdcomputadoras.com\/wp\/wp-json\/wp\/v2\/product_tag?post=17601"}],"curies":[{"name":"wp","href":"https:\/\/api.w.org\/{rel}","templated":true}]}}